{"id":42150,"date":"2023-02-23T10:14:09","date_gmt":"2023-02-23T03:14:09","guid":{"rendered":"https:\/\/mouldking.store\/shop\/mould-king-14020-ak-47-assault-rifle-gun-with-1418-pieces\/"},"modified":"2023-02-23T10:14:09","modified_gmt":"2023-02-23T03:14:09","slug":"mould-king-14020-ak-47-assault-rifle-gun-with-1418-pieces","status":"publish","type":"product","link":"https:\/\/mouldking.store\/es\/shop\/mould-king-14020-ak-47-assault-rifle-gun-with-1418-pieces\/","title":{"rendered":"Pistola de rifle de asalto MOLD KING 14020 AK-47 con 1418 piezas"},"content":{"rendered":"<div>Pistola de rifle de asalto Mould King 14020 AK-47<br \/>&nbsp;<br \/>\u2705El AK-47 es un rifle de asalto de tiro selectivo, operado por gas, dise\u00f1ado por el ingeniero sovi\u00e9tico Mikhail Kalashnikov despu\u00e9s de la Segunda Guerra Mundial. Es una de las armas de fuego m\u00e1s reconocidas del mundo, conocida por su fiabilidad y durabilidad.<br \/>&nbsp;<br \/>\ud83d\udeab \u00a1IMPORTANTE!&nbsp;<br \/>&nbsp;<br \/>Nombre del producto: Pistola de rifle de asalto AK-47<br \/>&nbsp;<br \/>Categor\u00eda: Militar<br \/>&nbsp;<br \/>Este kit contiene: Mold King 14020&nbsp;<br \/>&nbsp;<br \/>1418 piezas de ladrillos de buena calidad&nbsp;<br \/>&nbsp;<br \/>Tama\u00f1o: 79,2 \u00d7 30,2 \u00d7 6,8 cm<br \/>&nbsp;<br \/>Instrucciones manuales&nbsp;<br \/>&nbsp;<br \/>\ud83d\udcccNaturaleza del protagonista&nbsp;<br \/>&nbsp;<br \/>Presentamos nuestra orgullosa colecci\u00f3n llamada &quot;AK-47 Assault Rifle Gun&quot; que no debe perderse.&nbsp;<br \/>&nbsp;<br \/>El AK-47 tiene un cargador curvo distintivo y un fogonazo caracter\u00edstico. Dispara el cartucho de 7,62 x 39 mm y tiene una velocidad de disparo c\u00edclica de alrededor de 600 disparos por minuto. El rifle es relativamente liviano y f\u00e1cil de operar, lo que lo convierte en una opci\u00f3n popular para las fuerzas militares y los grupos guerrilleros de todo el mundo.<\/div>","protected":false},"excerpt":{"rendered":"<p>Marca: MOLD KING<br \/>\nG\u00e9nero: Unisex<br \/>\nRango de edad: &gt; 14 a\u00f1os<br \/>\nN\u00famero de modelo: 14020<br \/>\nClasificaci\u00f3n: Ensamblaje<br \/>\nForma de bloque de pl\u00e1stico: Ladrillos autoblocantes<br \/>\nMaterial: Pl\u00e1stico<br \/>\nTipo de pl\u00e1stico: ABS<br \/>\nLadrillos Bloques: 1418 +<br \/>\nCon Motor<\/p>","protected":false},"featured_media":42143,"comment_status":"open","ping_status":"closed","template":"","meta":{"_acf_changed":false},"product_cat":[1350,1357,372,364],"product_tag":[11419,7147,5154,374,7815,11135,389],"class_list":["product","first","instock","shipping-taxable","purchasable","product-type-simple"],"acf":[],"_links":{"self":[{"href":"https:\/\/mouldking.store\/es\/wp-json\/wp\/v2\/product\/42150","targetHints":{"allow":["GET"]}}],"collection":[{"href":"https:\/\/mouldking.store\/es\/wp-json\/wp\/v2\/product"}],"about":[{"href":"https:\/\/mouldking.store\/es\/wp-json\/wp\/v2\/types\/product"}],"replies":[{"embeddable":true,"href":"https:\/\/mouldking.store\/es\/wp-json\/wp\/v2\/comments?post=42150"}],"wp:featuredmedia":[{"embeddable":true,"href":"https:\/\/mouldking.store\/es\/wp-json\/wp\/v2\/media\/42143"}],"wp:attachment":[{"href":"https:\/\/mouldking.store\/es\/wp-json\/wp\/v2\/media?parent=42150"}],"wp:term":[{"taxonomy":"product_cat","embeddable":true,"href":"https:\/\/mouldking.store\/es\/wp-json\/wp\/v2\/product_cat?post=42150"},{"taxonomy":"product_tag","embeddable":true,"href":"https:\/\/mouldking.store\/es\/wp-json\/wp\/v2\/product_tag?post=42150"}],"curies":[{"name":"wp","href":"https:\/\/api.w.org\/{rel}","templated":true}]}}