{"id":42157,"date":"2023-02-23T10:25:28","date_gmt":"2023-02-23T03:25:28","guid":{"rendered":"https:\/\/mouldking.store\/shop\/lw-7014-bumblebee-robot-deformation-with-792-pieces\/"},"modified":"2023-02-23T10:25:28","modified_gmt":"2023-02-23T03:25:28","slug":"lw-7014-bumblebee-robot-deformation-with-792-pieces","status":"publish","type":"product","link":"https:\/\/mouldking.store\/es\/shop\/lw-7014-bumblebee-robot-deformation-with-792-pieces\/","title":{"rendered":"LW 7014 Deformaci\u00f3n del robot Bumblebee con 792 piezas"},"content":{"rendered":"<div>\u2705 LW 7014 Deformaci\u00f3n del robot abejorro<br \/>&nbsp;<br \/>\u2705Bumblebee es un personaje ficticio de la franquicia Transformers, que se origin\u00f3 como una serie de juguetes producidos por Hasbro en la d\u00e9cada de 1980. Bumblebee se representa como un peque\u00f1o Autobot amarillo que puede transformarse en un autom\u00f3vil compacto.<br \/>&nbsp;<br \/>\ud83d\udeab \u00a1IMPORTANTE!&nbsp;<br \/>&nbsp;<br \/>Nombre del producto: Deformaci\u00f3n del robot Bumblebee<br \/>&nbsp;<br \/>Categor\u00eda: Creador&nbsp;<br \/>&nbsp;<br \/>Este kit contiene: LW 7014<br \/>&nbsp;<br \/>792 piezas de ladrillos de buena calidad&nbsp;<br \/>&nbsp;<br \/>Tama\u00f1o: 19,3 \u00d7 25 cm<br \/>&nbsp;<br \/>Instrucciones manuales&nbsp;<br \/>&nbsp;<br \/>\ud83d\udcccNaturaleza del protagonista&nbsp;<br \/>&nbsp;<br \/>Presentamos nuestra orgullosa colecci\u00f3n llamada &quot;Bumblebee Robot Deformation&quot; que no debe perderse.&nbsp;<br \/>&nbsp;<br \/>En la serie animada original de Transformers, Bumblebee fue retratado como un guerrero leal y valiente que sirvi\u00f3 como explorador y esp\u00eda para los Autobots. A menudo se lo representaba como joven e inexperto, pero tambi\u00e9n ingenioso y decidido. En adaptaciones m\u00e1s recientes, incluida la serie de pel\u00edculas de acci\u00f3n real de Transformers, Bumblebee ha sido retratado como un guerrero heroico y valiente que es ferozmente leal a sus amigos y aliados. A menudo se le representa como un luchador r\u00e1pido y \u00e1gil, con una variedad de armas y habilidades a su disposici\u00f3n. La capacidad de Bumblebee para transformarse de un robot en un autom\u00f3vil (u otro veh\u00edculo) es una caracter\u00edstica central de su personaje, y es compartida por muchos otros Transformers. Esta habilidad permite a los robots disfrazarse de objetos cotidianos y mezclarse con la sociedad humana, al mismo tiempo que proporciona un medio de transporte.<\/div>","protected":false},"excerpt":{"rendered":"<p>Marca: LW<br \/>\nG\u00e9nero: Unisex<br \/>\nRango de edad: &gt; 6 a\u00f1os<br \/>\nN\u00famero de modelo: 7014<br \/>\nClasificaci\u00f3n: Ensamblaje<br \/>\nForma de bloque de pl\u00e1stico: Ladrillos autoblocantes<br \/>\nMaterial: Pl\u00e1stico<br \/>\nTipo de pl\u00e1stico: ABS<br \/>\nLadrillos Bloques: 792 +<br \/>\nNinguna caja<\/p>","protected":false},"featured_media":42151,"comment_status":"open","ping_status":"closed","template":"","meta":{"_acf_changed":false},"product_cat":[1365,581,1408],"product_tag":[6798,8452,11420,434,590],"class_list":["product","first","instock","shipping-taxable","purchasable","product-type-simple"],"acf":[],"_links":{"self":[{"href":"https:\/\/mouldking.store\/es\/wp-json\/wp\/v2\/product\/42157","targetHints":{"allow":["GET"]}}],"collection":[{"href":"https:\/\/mouldking.store\/es\/wp-json\/wp\/v2\/product"}],"about":[{"href":"https:\/\/mouldking.store\/es\/wp-json\/wp\/v2\/types\/product"}],"replies":[{"embeddable":true,"href":"https:\/\/mouldking.store\/es\/wp-json\/wp\/v2\/comments?post=42157"}],"wp:featuredmedia":[{"embeddable":true,"href":"https:\/\/mouldking.store\/es\/wp-json\/wp\/v2\/media\/42151"}],"wp:attachment":[{"href":"https:\/\/mouldking.store\/es\/wp-json\/wp\/v2\/media?parent=42157"}],"wp:term":[{"taxonomy":"product_cat","embeddable":true,"href":"https:\/\/mouldking.store\/es\/wp-json\/wp\/v2\/product_cat?post=42157"},{"taxonomy":"product_tag","embeddable":true,"href":"https:\/\/mouldking.store\/es\/wp-json\/wp\/v2\/product_tag?post=42157"}],"curies":[{"name":"wp","href":"https:\/\/api.w.org\/{rel}","templated":true}]}}