{"id":42169,"date":"2023-02-23T10:47:21","date_gmt":"2023-02-23T03:47:21","guid":{"rendered":"https:\/\/mouldking.store\/shop\/panlosbrick-628009-world-war-ii-german-panzer-viii-maus-tank-with-2127-pieces\/"},"modified":"2023-02-23T10:47:21","modified_gmt":"2023-02-23T03:47:21","slug":"panlosbrick-628009-world-war-ii-german-panzer-viii-maus-tank-with-2127-pieces","status":"publish","type":"product","link":"https:\/\/mouldking.store\/es\/shop\/panlosbrick-628009-world-war-ii-german-panzer-viii-maus-tank-with-2127-pieces\/","title":{"rendered":"PANLOSBRICK 628009 Tanque alem\u00e1n Panzer VIII Maus de la Segunda Guerra Mundial con 2127 piezas"},"content":{"rendered":"<div>\u2705 Panlos 628009 Tanque alem\u00e1n Panzer VIII Maus de la Segunda Guerra Mundial<br \/>&nbsp;<br \/>\u2705El Panzer VIII Maus fue un prototipo de tanque superpesado desarrollado por la Alemania nazi durante la Segunda Guerra Mundial. Fue uno de los tanques m\u00e1s grandes y pesados jam\u00e1s construidos, con un peso de m\u00e1s de 188 toneladas m\u00e9tricas.<br \/>&nbsp;<br \/>\ud83d\udeab \u00a1IMPORTANTE!&nbsp;<br \/>&nbsp;<br \/>Nombre del producto: Tanque alem\u00e1n Panzer VIII Maus de la Segunda Guerra Mundial<br \/>&nbsp;<br \/>Categor\u00eda: Militar<br \/>&nbsp;<br \/>Este Kit Contiene: Panlos 628009<br \/>&nbsp;<br \/>2127 piezas de ladrillos de buena calidad&nbsp;<br \/>&nbsp;<br \/>Tama\u00f1o: 42cm<br \/>&nbsp;<br \/>Instrucciones manuales&nbsp;<br \/>&nbsp;<br \/>\ud83d\udcccNaturaleza del protagonista&nbsp;<br \/>&nbsp;<br \/>Presentamos nuestra orgullosa colecci\u00f3n llamada &quot;Tanque Panzer VIII Maus alem\u00e1n de la Segunda Guerra Mundial&quot; que no debe perderse.&nbsp;<br \/>&nbsp;<br \/>El tanque fue dise\u00f1ado en respuesta al desarrollo de tanques pesados de la Uni\u00f3n Sovi\u00e9tica y estaba destinado a proporcionar a los alemanes un veh\u00edculo blindado superior. El Maus estaba armado con un ca\u00f1\u00f3n principal de 128 mm y un ca\u00f1\u00f3n secundario de 75 mm, y estaba fuertemente blindado, con un grosor m\u00e1ximo de hasta 240 mm.<\/div>","protected":false},"excerpt":{"rendered":"<p>Marca: PANLOSBRICK<br \/>\nG\u00e9nero: Unisex<br \/>\nRango de edad: &gt; 6 a\u00f1os<br \/>\nN\u00famero de modelo: 628009<br \/>\nClasificaci\u00f3n: Ensamblaje<br \/>\nForma de bloque de pl\u00e1stico: Ladrillos autoblocantes<br \/>\nMaterial: Pl\u00e1stico<br \/>\nTipo de pl\u00e1stico: ABS<br \/>\nLadrillos Bloques: 2127 +<br \/>\nCon Caja Original<\/p>","protected":false},"featured_media":42164,"comment_status":"open","ping_status":"closed","template":"","meta":{"_acf_changed":false},"product_cat":[1350,1357,372,364],"product_tag":[10294,11422,374,11421,485,389,8235],"class_list":["product","first","instock","shipping-taxable","purchasable","product-type-simple"],"acf":[],"_links":{"self":[{"href":"https:\/\/mouldking.store\/es\/wp-json\/wp\/v2\/product\/42169","targetHints":{"allow":["GET"]}}],"collection":[{"href":"https:\/\/mouldking.store\/es\/wp-json\/wp\/v2\/product"}],"about":[{"href":"https:\/\/mouldking.store\/es\/wp-json\/wp\/v2\/types\/product"}],"replies":[{"embeddable":true,"href":"https:\/\/mouldking.store\/es\/wp-json\/wp\/v2\/comments?post=42169"}],"wp:featuredmedia":[{"embeddable":true,"href":"https:\/\/mouldking.store\/es\/wp-json\/wp\/v2\/media\/42164"}],"wp:attachment":[{"href":"https:\/\/mouldking.store\/es\/wp-json\/wp\/v2\/media?parent=42169"}],"wp:term":[{"taxonomy":"product_cat","embeddable":true,"href":"https:\/\/mouldking.store\/es\/wp-json\/wp\/v2\/product_cat?post=42169"},{"taxonomy":"product_tag","embeddable":true,"href":"https:\/\/mouldking.store\/es\/wp-json\/wp\/v2\/product_tag?post=42169"}],"curies":[{"name":"wp","href":"https:\/\/api.w.org\/{rel}","templated":true}]}}