{"id":42212,"date":"2023-02-27T11:21:08","date_gmt":"2023-02-27T04:21:08","guid":{"rendered":"https:\/\/mouldking.store\/shop\/moyu-my89101-bionic-flower-star-bear-guardian-flower-with-2321-pieces\/"},"modified":"2023-02-27T11:21:08","modified_gmt":"2023-02-27T04:21:08","slug":"moyu-my89101-bionic-flower-star-bear-guardian-flower-with-2321-pieces","status":"publish","type":"product","link":"https:\/\/mouldking.store\/es\/shop\/moyu-my89101-bionic-flower-star-bear-guardian-flower-with-2321-pieces\/","title":{"rendered":"MOYU MY89101 Bionic Flower Star Bear Guardian Flower con 2321 piezas"},"content":{"rendered":"<div>\u2705 MOYU MY89101 Flor bi\u00f3nica Estrella Oso Guardi\u00e1n Flor<\/p>\n<p>\u2705La Bionic Flower Star Bear Guardian Flower pertenece a la serie de conjuntos de bloques de construcci\u00f3n del D\u00eda de San Valent\u00edn, y el conjunto completo contiene 2321 part\u00edculas de bloques de construcci\u00f3n. Primer lanzamiento en 2023.<\/p>\n<p>\ud83d\udeab \u00a1IMPORTANTE!<\/p>\n<p>Nombre del producto: flor bi\u00f3nica estrella oso guardi\u00e1n flor<\/p>\n<p>Categor\u00eda: Creador<\/p>\n<p>Este kit contiene: MOYU MY89101<\/p>\n<p>2321 piezas de ladrillos de buena calidad<\/p>\n<p>Tama\u00f1o: 31,8 \u00d7 14,7 \u00d7 36,2 cm<\/p>\n<p>Instrucciones manuales<\/p>\n<p>\ud83d\udcccNaturaleza del protagonista<\/p>\n<p>Presentamos nuestra orgullosa colecci\u00f3n llamada &quot;Bionic Flower Star Bear Guardian Flower&quot; que no debe perderse.<\/p>\n<p>Con el primer lanzamiento de la serie del D\u00eda de San Valent\u00edn, puedes crear un oso florido y elegante con habilidades auspiciosas. Se recomienda para ni\u00f1os mayores de 8 a\u00f1os. Es f\u00e1cil de usar, siempre que comprenda c\u00f3mo ensamblar bloques de construcci\u00f3n.<\/p><\/div>","protected":false},"excerpt":{"rendered":"<p>Marca: MOYU<br \/>\nG\u00e9nero: Unisex<br \/>\nRango de edad: &gt; 8 a\u00f1os<br \/>\nN\u00famero de modelo: MY89101<br \/>\nClasificaci\u00f3n: Ensamblaje<br \/>\nForma de bloque de pl\u00e1stico: Ladrillos autoblocantes<br \/>\nMaterial: Pl\u00e1stico<br \/>\nTipo de pl\u00e1stico: ABS<br \/>\nLadrillos Bloques: 2321 +<br \/>\nSin caja<\/p>","protected":false},"featured_media":42209,"comment_status":"open","ping_status":"closed","template":"","meta":{"_acf_changed":false},"product_cat":[1365,371,415],"product_tag":[2271,11428,11072,8452,11106,11429,673],"class_list":["product","first","instock","shipping-taxable","purchasable","product-type-simple"],"acf":[],"_links":{"self":[{"href":"https:\/\/mouldking.store\/es\/wp-json\/wp\/v2\/product\/42212","targetHints":{"allow":["GET"]}}],"collection":[{"href":"https:\/\/mouldking.store\/es\/wp-json\/wp\/v2\/product"}],"about":[{"href":"https:\/\/mouldking.store\/es\/wp-json\/wp\/v2\/types\/product"}],"replies":[{"embeddable":true,"href":"https:\/\/mouldking.store\/es\/wp-json\/wp\/v2\/comments?post=42212"}],"wp:featuredmedia":[{"embeddable":true,"href":"https:\/\/mouldking.store\/es\/wp-json\/wp\/v2\/media\/42209"}],"wp:attachment":[{"href":"https:\/\/mouldking.store\/es\/wp-json\/wp\/v2\/media?parent=42212"}],"wp:term":[{"taxonomy":"product_cat","embeddable":true,"href":"https:\/\/mouldking.store\/es\/wp-json\/wp\/v2\/product_cat?post=42212"},{"taxonomy":"product_tag","embeddable":true,"href":"https:\/\/mouldking.store\/es\/wp-json\/wp\/v2\/product_tag?post=42212"}],"curies":[{"name":"wp","href":"https:\/\/api.w.org\/{rel}","templated":true}]}}