{"id":42245,"date":"2023-02-27T12:15:16","date_gmt":"2023-02-27T05:15:16","guid":{"rendered":"https:\/\/mouldking.store\/shop\/mould-king-17004-motor-control-tower-crane-with-1797-pieces\/"},"modified":"2023-02-27T12:15:16","modified_gmt":"2023-02-27T05:15:16","slug":"mould-king-17004-motor-control-tower-crane-with-1797-pieces","status":"publish","type":"product","link":"https:\/\/mouldking.store\/es\/shop\/mould-king-17004-motor-control-tower-crane-with-1797-pieces\/","title":{"rendered":"MOLD KING 17004 Gr\u00faa torre de control de motor con 1797 piezas"},"content":{"rendered":"<div>\u2705 Gr\u00faa torre de control de motor Mould King 17004<br \/>&nbsp;<br \/>\u2705Una gr\u00faa torre de control de motores es un tipo de gr\u00faa que se utiliza en la construcci\u00f3n y otras aplicaciones de levantamiento pesado. Es una gran estructura similar a una torre que generalmente se monta sobre una base de hormig\u00f3n y se eleva por encima del sitio de construcci\u00f3n. La gr\u00faa torre de control de motores est\u00e1 dise\u00f1ada para levantar y mover materiales y equipos pesados a diferentes \u00e1reas del sitio de construcci\u00f3n.<br \/>&nbsp;<br \/>\ud83d\udeab \u00a1IMPORTANTE!&nbsp;<br \/>&nbsp;<br \/>Nombre del producto: Gr\u00faa torre de control de motores<br \/>&nbsp;<br \/>Categor\u00eda: T\u00e9cnica<br \/>&nbsp;<br \/>Este kit contiene: ZHEGAO 00419&nbsp;<br \/>&nbsp;<br \/>1797 piezas de ladrillos de buena calidad&nbsp;<br \/>&nbsp;<br \/>Tama\u00f1o: 98,4 x 92,2 x 29,2 cm<br \/>&nbsp;<br \/>Instrucciones manuales&nbsp;<br \/>&nbsp;<br \/>\ud83d\udcccNaturaleza del protagonista&nbsp;<br \/>&nbsp;<br \/>Presentamos nuestra orgullosa colecci\u00f3n llamada &quot;Gr\u00faa torre con control de motor&quot; que no debe perderse.&nbsp;<br \/>&nbsp;<br \/>La gr\u00faa torre con control de motor consta de varios componentes, incluida la torre en s\u00ed, el brazo de pescante, los contrapesos y el sistema de control del motor. La torre suele estar hecha de acero y puede tener varios pisos de altura. El brazo de la pluma se extiende desde la parte superior de la torre y puede tener varios metros de largo. Se utiliza para mover materiales horizontalmente a trav\u00e9s del sitio de construcci\u00f3n.<\/div>","protected":false},"excerpt":{"rendered":"<p>Marca: MOLD KING<br \/>\nG\u00e9nero: Unisex<br \/>\nRango de edad: &gt; 14 a\u00f1os<br \/>\nN\u00famero de modelo: 17004<br \/>\nClasificaci\u00f3n: Ensamblaje<br \/>\nForma de bloque de pl\u00e1stico: Ladrillos autoblocantes<br \/>\nMaterial: Pl\u00e1stico<br \/>\nTipo de pl\u00e1stico: ABS<br \/>\nLadrillos Bloques: 1797 +<br \/>\nNinguna caja<\/p>","protected":false},"featured_media":42241,"comment_status":"open","ping_status":"closed","template":"","meta":{"_acf_changed":false},"product_cat":[1357,364],"product_tag":[11367,5205,7815,389,11080,2302],"class_list":["product","first","instock","shipping-taxable","purchasable","product-type-simple"],"acf":[],"_links":{"self":[{"href":"https:\/\/mouldking.store\/es\/wp-json\/wp\/v2\/product\/42245","targetHints":{"allow":["GET"]}}],"collection":[{"href":"https:\/\/mouldking.store\/es\/wp-json\/wp\/v2\/product"}],"about":[{"href":"https:\/\/mouldking.store\/es\/wp-json\/wp\/v2\/types\/product"}],"replies":[{"embeddable":true,"href":"https:\/\/mouldking.store\/es\/wp-json\/wp\/v2\/comments?post=42245"}],"wp:featuredmedia":[{"embeddable":true,"href":"https:\/\/mouldking.store\/es\/wp-json\/wp\/v2\/media\/42241"}],"wp:attachment":[{"href":"https:\/\/mouldking.store\/es\/wp-json\/wp\/v2\/media?parent=42245"}],"wp:term":[{"taxonomy":"product_cat","embeddable":true,"href":"https:\/\/mouldking.store\/es\/wp-json\/wp\/v2\/product_cat?post=42245"},{"taxonomy":"product_tag","embeddable":true,"href":"https:\/\/mouldking.store\/es\/wp-json\/wp\/v2\/product_tag?post=42245"}],"curies":[{"name":"wp","href":"https:\/\/api.w.org\/{rel}","templated":true}]}}