{"id":42250,"date":"2023-02-27T12:24:19","date_gmt":"2023-02-27T05:24:19","guid":{"rendered":"https:\/\/mouldking.store\/shop\/mould-king-10039-ice-cream-truck-with-1078-pieces\/"},"modified":"2023-02-27T12:24:19","modified_gmt":"2023-02-27T05:24:19","slug":"mould-king-10039-ice-cream-truck-with-1078-pieces","status":"publish","type":"product","link":"https:\/\/mouldking.store\/es\/shop\/mould-king-10039-ice-cream-truck-with-1078-pieces\/","title":{"rendered":"MOLD KING 10039 Cami\u00f3n de Helados con 1078 Piezas"},"content":{"rendered":"<div>\u2705 Mould King 10039 Cami\u00f3n de helados<br \/>&nbsp;<br \/>\u2705Un cami\u00f3n de helados es un cami\u00f3n de comida m\u00f3vil que vende helados, golosinas congeladas y refrigerios. Es una vista com\u00fan en los vecindarios y parques durante los meses de verano, cuando la gente busca algo fresco y refrescante.<br \/>&nbsp;<br \/>\ud83d\udeab \u00a1IMPORTANTE!&nbsp;<\/p>\n<p>Nombre del producto: Cami\u00f3n de helados<br \/>&nbsp;<br \/>Categor\u00eda: T\u00e9cnica&nbsp;<br \/>&nbsp;<br \/>Este kit contiene: Mold King 10039<br \/>&nbsp;<br \/>1078 piezas de ladrillos de buena calidad&nbsp;<br \/>&nbsp;<br \/>Tama\u00f1o: 27,6 x 14,3 x 16,3 cm<br \/>&nbsp;<br \/>Instrucciones manuales&nbsp;<br \/>&nbsp;<br \/>\ud83d\udcccNaturaleza del protagonista&nbsp;<br \/>&nbsp;<br \/>Presentamos nuestra orgullosa colecci\u00f3n llamada &quot;Ice Cream Truck&quot; que no debe perderse.&nbsp;<br \/>&nbsp;<br \/>Los camiones de helados suelen tener una gran unidad de refrigeraci\u00f3n en la parte trasera del veh\u00edculo para mantener el helado y otras delicias congeladas a la temperatura adecuada. Tambi\u00e9n pueden tener un generador o un sistema de bater\u00eda para alimentar la unidad de refrigeraci\u00f3n, el reproductor de m\u00fasica y otros equipos.<\/div>","protected":false},"excerpt":{"rendered":"<p>Marca: MOLD KING<br \/>\nG\u00e9nero: Unisex<br \/>\nRango de edad: &gt; 14 a\u00f1os<br \/>\nN\u00famero de modelo: 10039<br \/>\nClasificaci\u00f3n: Ensamblaje<br \/>\nForma de bloque de pl\u00e1stico: Ladrillos autoblocantes<br \/>\nMaterial: Pl\u00e1stico<br \/>\nTipo de pl\u00e1stico: ABS<br \/>\nLadrillos Bloques: 1078 +<br \/>\nNinguna caja<\/p>","protected":false},"featured_media":42246,"comment_status":"open","ping_status":"closed","template":"","meta":{"_acf_changed":false},"product_cat":[1357,364],"product_tag":[8611,389,11080,11431],"class_list":["product","first","instock","shipping-taxable","purchasable","product-type-simple"],"acf":[],"_links":{"self":[{"href":"https:\/\/mouldking.store\/es\/wp-json\/wp\/v2\/product\/42250","targetHints":{"allow":["GET"]}}],"collection":[{"href":"https:\/\/mouldking.store\/es\/wp-json\/wp\/v2\/product"}],"about":[{"href":"https:\/\/mouldking.store\/es\/wp-json\/wp\/v2\/types\/product"}],"replies":[{"embeddable":true,"href":"https:\/\/mouldking.store\/es\/wp-json\/wp\/v2\/comments?post=42250"}],"wp:featuredmedia":[{"embeddable":true,"href":"https:\/\/mouldking.store\/es\/wp-json\/wp\/v2\/media\/42246"}],"wp:attachment":[{"href":"https:\/\/mouldking.store\/es\/wp-json\/wp\/v2\/media?parent=42250"}],"wp:term":[{"taxonomy":"product_cat","embeddable":true,"href":"https:\/\/mouldking.store\/es\/wp-json\/wp\/v2\/product_cat?post=42250"},{"taxonomy":"product_tag","embeddable":true,"href":"https:\/\/mouldking.store\/es\/wp-json\/wp\/v2\/product_tag?post=42250"}],"curies":[{"name":"wp","href":"https:\/\/api.w.org\/{rel}","templated":true}]}}