{"id":42311,"date":"2023-02-28T10:31:26","date_gmt":"2023-02-28T03:31:26","guid":{"rendered":"https:\/\/mouldking.store\/shop\/moc-factory-130443-avatar-rda-helicopter-aerospatiale-sa-2-samson-with-931-pieces\/"},"modified":"2025-12-16T22:25:15","modified_gmt":"2025-12-16T15:25:15","slug":"moc-factory-130443-avatar-rda-helicopter-aerospatiale-sa-2-samson-with-931-pieces","status":"publish","type":"product","link":"https:\/\/mouldking.store\/es\/shop\/moc-factory-130443-avatar-rda-helicopter-aerospatiale-sa-2-samson-with-931-pieces\/","title":{"rendered":"MOC Factory 130443 Avatar RDA Helic\u00f3ptero Aerospatiale SA-2 Samson con 931 Piezas"},"content":{"rendered":"<div>\u2705 MOC-130443 Avatar RDA Helic\u00f3ptero Aerospatiale SA-2 Samson&nbsp;<\/p>\n<p>\u2705El Avatar RDA Helicopter Aerospatiale SA-2 Samson es un helic\u00f3ptero ficticio que aparece en la pel\u00edcula de ciencia ficci\u00f3n de 2009 &quot;Avatar&quot;, dirigida por James Cameron.<\/p>\n<p>\ud83d\udeab \u00a1IMPORTANTE!<\/p>\n<p>Nombre del producto: Avatar RDA Helic\u00f3ptero Aerospatiale SA-2 Samson&nbsp;<\/p>\n<p>Categor\u00eda: Pel\u00edcula<\/p>\n<p>Este kit contiene: C9279<\/p>\n<p>931 piezas de ladrillos de buena calidad<\/p>\n<p>Tama\u00f1o: 48 x 32 x 10 cm<\/p>\n<p>Peso: 0,93 kg<\/p>\n<p>Instrucciones en PDF<\/p>\n<p>\ud83d\udcccNaturaleza del protagonista<\/p>\n<p>Presentamos nuestra orgullosa colecci\u00f3n llamada &quot;Avatar RDA Helicopter Aerospatiale SA-2 Samson&quot; que no debe perderse.<\/p>\n<p>El SA-2 Samson tiene un dise\u00f1o distintivo, con rotores gemelos montados sobre un fuselaje delgado. El helic\u00f3ptero es capaz de transportar grandes cargas \u00fatiles, incluidos contenedores de carga y maquinaria pesada, y puede operar en una variedad de entornos, incluidos bosques, monta\u00f1as y pantanos. Tambi\u00e9n est\u00e1 equipado con sensores avanzados y equipos de comunicaci\u00f3n, que le permiten navegar por el terreno traicionero de Pandora y mantenerse en contacto con los equipos de tierra de la RDA.<\/p><\/div>","protected":false},"excerpt":{"rendered":"<p>Marca: MOC Factory<br \/>\nG\u00e9nero: Unisex<br \/>\nRango de edad: &gt; 8 a\u00f1os<br \/>\nN\u00famero de modelo: 130443<br \/>\nClasificaci\u00f3n: Ensamblaje<br \/>\nForma de bloque de pl\u00e1stico: Ladrillos autoblocantes<br \/>\nMaterial: Pl\u00e1stico<br \/>\nTipo de pl\u00e1stico: ABS<br \/>\nLadrillos Bloques: 931 +<br \/>\nNinguna caja<\/p>","protected":false},"featured_media":42305,"comment_status":"open","ping_status":"closed","template":"","meta":{"_acf_changed":false},"product_cat":[1350,1357,372,581,364,1408],"product_tag":[2913,9139,5298,374,434,389],"class_list":["product","first","instock","shipping-taxable","purchasable","product-type-simple"],"acf":[],"_links":{"self":[{"href":"https:\/\/mouldking.store\/es\/wp-json\/wp\/v2\/product\/42311","targetHints":{"allow":["GET"]}}],"collection":[{"href":"https:\/\/mouldking.store\/es\/wp-json\/wp\/v2\/product"}],"about":[{"href":"https:\/\/mouldking.store\/es\/wp-json\/wp\/v2\/types\/product"}],"replies":[{"embeddable":true,"href":"https:\/\/mouldking.store\/es\/wp-json\/wp\/v2\/comments?post=42311"}],"wp:featuredmedia":[{"embeddable":true,"href":"https:\/\/mouldking.store\/es\/wp-json\/wp\/v2\/media\/42305"}],"wp:attachment":[{"href":"https:\/\/mouldking.store\/es\/wp-json\/wp\/v2\/media?parent=42311"}],"wp:term":[{"taxonomy":"product_cat","embeddable":true,"href":"https:\/\/mouldking.store\/es\/wp-json\/wp\/v2\/product_cat?post=42311"},{"taxonomy":"product_tag","embeddable":true,"href":"https:\/\/mouldking.store\/es\/wp-json\/wp\/v2\/product_tag?post=42311"}],"curies":[{"name":"wp","href":"https:\/\/api.w.org\/{rel}","templated":true}]}}