{"id":42420,"date":"2023-03-01T16:45:47","date_gmt":"2023-03-01T09:45:47","guid":{"rendered":"https:\/\/mouldking.store\/shop\/qman-enlighten-keeppley-k20216-pokemon-super-charizard-x-with-400-pieces\/"},"modified":"2023-03-01T16:45:47","modified_gmt":"2023-03-01T09:45:47","slug":"qman-enlighten-keeppley-k20216-pokemon-super-charizard-x-with-400-pieces","status":"publish","type":"product","link":"https:\/\/mouldking.store\/es\/shop\/qman-enlighten-keeppley-k20216-pokemon-super-charizard-x-with-400-pieces\/","title":{"rendered":"QMAN \/ ENLIGHTEN \/ KEEPPLEY K20216 Pok\u00e9mon: Super Charizard X con 400 piezas"},"content":{"rendered":"<div>\u2705 ENLIGHTEN K20216 Pok\u00e9mon: Super Charizard X<br \/>&nbsp;<br \/>\u2705Hay una Mega Evoluci\u00f3n de Charizard llamada Mega Charizard X, que es una forma poderosa que Charizard puede tomar cuando tiene una Mega Piedra espec\u00edfica conocida como Charizardite X.<br \/>&nbsp;<br \/>\ud83d\udeab \u00a1IMPORTANTE!&nbsp;<br \/>&nbsp;<br \/>Nombre del producto: Pok\u00e9mon: Super Charizard X<br \/>&nbsp;<br \/>Categor\u00eda: Creador&nbsp;<br \/>&nbsp;<br \/>Este kit contiene: ENLIGHTEN K20216<br \/>&nbsp;<br \/>400 piezas de ladrillos de buena calidad&nbsp;<br \/>&nbsp;<br \/>Tama\u00f1o: 35 \u00d7 36 \u00d7 35 cm<br \/>&nbsp;<br \/>Instrucciones manuales&nbsp;<br \/>&nbsp;<br \/>\ud83d\udcccNaturaleza del protagonista&nbsp;<br \/>&nbsp;<br \/>Presentamos nuestra orgullosa colecci\u00f3n llamada &quot;Pok\u00e9mon: Super Charizard X&quot; que no debes perderte.&nbsp;<br \/>&nbsp;<br \/>Mega Charizard X es un Pok\u00e9mon de tipo fuego\/drag\u00f3n dual, lo que le da un tipo \u00fanico y una variedad de movimientos poderosos. Su dise\u00f1o se caracteriza por llamas azules, alas mejoradas y p\u00faas en su cuerpo, lo que lo hace parecer m\u00e1s agresivo e intimidante que el Charizard normal.<\/div>","protected":false},"excerpt":{"rendered":"<p>Marca: QMAN \/ ENLIGHTEN \/ KEEPPLEY<br \/>\nG\u00e9nero: Unisex<br \/>\nRango de edad: &gt; 6 a\u00f1os<br \/>\nN\u00famero de modelo: K20216<br \/>\nClasificaci\u00f3n: Ensamblaje<br \/>\nForma de bloque de pl\u00e1stico: Ladrillos autoblocantes<br \/>\nMaterial: Pl\u00e1stico<br \/>\nTipo de pl\u00e1stico: ABS<br \/>\nLadrillos Bloques: 400 +<br \/>\nSin caja original<\/p>","protected":false},"featured_media":42415,"comment_status":"open","ping_status":"closed","template":"","meta":{"_acf_changed":false},"product_cat":[1365,371,581,1408],"product_tag":[11455,11072,8452,9139,434,11454],"class_list":["product","first","instock","shipping-taxable","purchasable","product-type-simple"],"acf":[],"_links":{"self":[{"href":"https:\/\/mouldking.store\/es\/wp-json\/wp\/v2\/product\/42420","targetHints":{"allow":["GET"]}}],"collection":[{"href":"https:\/\/mouldking.store\/es\/wp-json\/wp\/v2\/product"}],"about":[{"href":"https:\/\/mouldking.store\/es\/wp-json\/wp\/v2\/types\/product"}],"replies":[{"embeddable":true,"href":"https:\/\/mouldking.store\/es\/wp-json\/wp\/v2\/comments?post=42420"}],"wp:featuredmedia":[{"embeddable":true,"href":"https:\/\/mouldking.store\/es\/wp-json\/wp\/v2\/media\/42415"}],"wp:attachment":[{"href":"https:\/\/mouldking.store\/es\/wp-json\/wp\/v2\/media?parent=42420"}],"wp:term":[{"taxonomy":"product_cat","embeddable":true,"href":"https:\/\/mouldking.store\/es\/wp-json\/wp\/v2\/product_cat?post=42420"},{"taxonomy":"product_tag","embeddable":true,"href":"https:\/\/mouldking.store\/es\/wp-json\/wp\/v2\/product_tag?post=42420"}],"curies":[{"name":"wp","href":"https:\/\/api.w.org\/{rel}","templated":true}]}}