{"id":42452,"date":"2023-03-01T17:37:00","date_gmt":"2023-03-01T10:37:00","guid":{"rendered":"https:\/\/mouldking.store\/shop\/moc-factory-127125-sci-fi-clone-tank-cannon-with-463-pieces\/"},"modified":"2025-12-16T22:25:14","modified_gmt":"2025-12-16T15:25:14","slug":"moc-factory-127125-sci-fi-clone-tank-cannon-with-463-pieces","status":"publish","type":"product","link":"https:\/\/mouldking.store\/es\/shop\/moc-factory-127125-sci-fi-clone-tank-cannon-with-463-pieces\/","title":{"rendered":"MOC Factory 127125 Sci-Fi Clone Tank Cannon con 463 piezas"},"content":{"rendered":"<div>\u2705 MOC-127125 Ca\u00f1\u00f3n de tanque clon de ciencia ficci\u00f3n&nbsp;<\/p>\n<p>\u2705El Ca\u00f1\u00f3n AV-7 V.2 es un arma ficticia en el universo de Star Wars. Es un arma de artiller\u00eda pesada utilizada principalmente por el Gran Ej\u00e9rcito de la Rep\u00fablica, la organizaci\u00f3n militar que luch\u00f3 contra el Ej\u00e9rcito Droide Separatista durante las Guerras Clon.<\/p>\n<p>\ud83d\udeab \u00a1IMPORTANTE!<\/p>\n<p>Nombre del producto: Ca\u00f1\u00f3n de tanque clon de ciencia ficci\u00f3n&nbsp;<\/p>\n<p>Categor\u00eda: Guerra de las Galaxias<\/p>\n<p>Este kit contiene: MOC-127125<\/p>\n<p>463 piezas de ladrillos de buena calidad<\/p>\n<p>Peso: 300g<\/p>\n<p>Instrucciones en PDF<\/p>\n<p>\ud83d\udcccNaturaleza del protagonista<\/p>\n<p>Presentamos nuestra orgullosa colecci\u00f3n llamada &quot;Sci-Fi Clone Tank Cannon&quot; que no debe perderse.<\/p>\n<p>El AV-7 Cannon V.2 es una plataforma de armas m\u00f3vil que se puede implementar en varios tipos de terreno, incluidas playas de arena y acantilados rocosos. Cuenta con un gran ca\u00f1\u00f3n giratorio que es capaz de disparar poderosas r\u00e1fagas de energ\u00eda que pueden derribar veh\u00edculos y estructuras enemigos. En la serie animada Star Wars: The Clone Wars, el AV-7 Cannon V.2 se usa en varias batallas clave, incluida la Batalla de Umbara y la Batalla de Ringo Vinda. El arma a menudo es operada por soldados clon, que pueden usar su potencia de fuego para obtener ventajas estrat\u00e9gicas contra las fuerzas enemigas.<\/p><\/div>","protected":false},"excerpt":{"rendered":"<p>Marca: MOC Factory<br \/>\nG\u00e9nero: Unisex<br \/>\nRango de edad: &gt; 12 a\u00f1os<br \/>\nN\u00famero de modelo: 127125<br \/>\nClasificaci\u00f3n: Ensamblaje<br \/>\nForma de bloque de pl\u00e1stico: Ladrillos autoblocantes<br \/>\nMaterial: Pl\u00e1stico<br \/>\nTipo de pl\u00e1stico: ABS<br \/>\nLadrillos Bloques: 463 +<br \/>\nOrganizar tiempo: 4-8 semanas<\/p>","protected":false},"featured_media":42446,"comment_status":"open","ping_status":"closed","template":"","meta":{"_acf_changed":false},"product_cat":[1350,1357,372,581,6016,415,364,1408],"product_tag":[11460,374,434,2276,436,485,389],"class_list":["product","first","instock","shipping-taxable","purchasable","product-type-simple"],"acf":[],"_links":{"self":[{"href":"https:\/\/mouldking.store\/es\/wp-json\/wp\/v2\/product\/42452","targetHints":{"allow":["GET"]}}],"collection":[{"href":"https:\/\/mouldking.store\/es\/wp-json\/wp\/v2\/product"}],"about":[{"href":"https:\/\/mouldking.store\/es\/wp-json\/wp\/v2\/types\/product"}],"replies":[{"embeddable":true,"href":"https:\/\/mouldking.store\/es\/wp-json\/wp\/v2\/comments?post=42452"}],"wp:featuredmedia":[{"embeddable":true,"href":"https:\/\/mouldking.store\/es\/wp-json\/wp\/v2\/media\/42446"}],"wp:attachment":[{"href":"https:\/\/mouldking.store\/es\/wp-json\/wp\/v2\/media?parent=42452"}],"wp:term":[{"taxonomy":"product_cat","embeddable":true,"href":"https:\/\/mouldking.store\/es\/wp-json\/wp\/v2\/product_cat?post=42452"},{"taxonomy":"product_tag","embeddable":true,"href":"https:\/\/mouldking.store\/es\/wp-json\/wp\/v2\/product_tag?post=42452"}],"curies":[{"name":"wp","href":"https:\/\/api.w.org\/{rel}","templated":true}]}}