{"id":42458,"date":"2023-03-01T17:45:45","date_gmt":"2023-03-01T10:45:45","guid":{"rendered":"https:\/\/mouldking.store\/shop\/moc-factory-126445-m4-sherman-antimines-medium-tank-with-870-pieces\/"},"modified":"2025-12-16T22:25:14","modified_gmt":"2025-12-16T15:25:14","slug":"moc-factory-126445-m4-sherman-antimines-medium-tank-with-870-pieces","status":"publish","type":"product","link":"https:\/\/mouldking.store\/es\/shop\/moc-factory-126445-m4-sherman-antimines-medium-tank-with-870-pieces\/","title":{"rendered":"MOC Factory 126445 M4 Sherman Antimines Tanque mediano con 870 piezas"},"content":{"rendered":"<div>\u2705 MOC-126445 M4 Sherman Antiminas Tanque Medio<\/p>\n<p>\u2705El tanque Sherman fue dise\u00f1ado para ser un arma vers\u00e1til, capaz de servir en una variedad de roles en el campo de batalla, incluso como arma antitanque, arma de apoyo de infanter\u00eda y veh\u00edculo de reconocimiento.&nbsp;<\/p>\n<p>\ud83d\udeab \u00a1IMPORTANTE!<\/p>\n<p>Nombre del producto: Tanque mediano M4 Sherman Antimines<\/p>\n<p>Categor\u00eda: Militar<\/p>\n<p>Este kit contiene: MOC-126445<\/p>\n<p>870 piezas de ladrillos de buena calidad<\/p>\n<p>Peso: 800g<\/p>\n<p>Instrucciones en PDF<\/p>\n<p>\ud83d\udcccNaturaleza del protagonista<\/p>\n<p>Presentamos nuestra orgullosa colecci\u00f3n llamada &quot;M4 Sherman Antimines Medium Tank&quot; que no debe perderse.<\/p>\n<p>El tanque Sherman era conocido por su confiabilidad y facilidad de mantenimiento, as\u00ed como por su relativa asequibilidad en comparaci\u00f3n con otros tanques de la \u00e9poca. Sin embargo, tambi\u00e9n fue criticado por su armadura relativamente delgada y armamento d\u00e9bil, especialmente en las \u00faltimas etapas de la guerra cuando se enfrent\u00f3 a tanques alemanes m\u00e1s pesados.<\/p><\/div>","protected":false},"excerpt":{"rendered":"<p>Marca: MOC Factory<br \/>\nG\u00e9nero: Unisex<br \/>\nRango de edad: &gt; 12 a\u00f1os<br \/>\nN\u00famero de modelo: 126445<br \/>\nClasificaci\u00f3n: Ensamblaje<br \/>\nForma de bloque de pl\u00e1stico: Ladrillos autoblocantes<br \/>\nMaterial: Pl\u00e1stico<br \/>\nTipo de pl\u00e1stico: ABS<br \/>\nLadrillos Bloques: 870 +<br \/>\nOrganizar tiempo: 4-8 semanas<\/p>","protected":false},"featured_media":42453,"comment_status":"open","ping_status":"closed","template":"","meta":{"_acf_changed":false},"product_cat":[1350,1357,372,364],"product_tag":[3813,374,11461,485,389],"class_list":["product","first","instock","shipping-taxable","purchasable","product-type-simple"],"acf":[],"_links":{"self":[{"href":"https:\/\/mouldking.store\/es\/wp-json\/wp\/v2\/product\/42458","targetHints":{"allow":["GET"]}}],"collection":[{"href":"https:\/\/mouldking.store\/es\/wp-json\/wp\/v2\/product"}],"about":[{"href":"https:\/\/mouldking.store\/es\/wp-json\/wp\/v2\/types\/product"}],"replies":[{"embeddable":true,"href":"https:\/\/mouldking.store\/es\/wp-json\/wp\/v2\/comments?post=42458"}],"wp:featuredmedia":[{"embeddable":true,"href":"https:\/\/mouldking.store\/es\/wp-json\/wp\/v2\/media\/42453"}],"wp:attachment":[{"href":"https:\/\/mouldking.store\/es\/wp-json\/wp\/v2\/media?parent=42458"}],"wp:term":[{"taxonomy":"product_cat","embeddable":true,"href":"https:\/\/mouldking.store\/es\/wp-json\/wp\/v2\/product_cat?post=42458"},{"taxonomy":"product_tag","embeddable":true,"href":"https:\/\/mouldking.store\/es\/wp-json\/wp\/v2\/product_tag?post=42458"}],"curies":[{"name":"wp","href":"https:\/\/api.w.org\/{rel}","templated":true}]}}