{"id":42490,"date":"2023-03-01T18:28:01","date_gmt":"2023-03-01T11:28:01","guid":{"rendered":"https:\/\/mouldking.store\/shop\/moc-factory-29408-ucs-kms-bismarck-battleship-with-7164-pieces\/"},"modified":"2025-12-16T22:25:14","modified_gmt":"2025-12-16T15:25:14","slug":"moc-factory-29408-ucs-kms-bismarck-battleship-with-7164-pieces","status":"publish","type":"product","link":"https:\/\/mouldking.store\/es\/shop\/moc-factory-29408-ucs-kms-bismarck-battleship-with-7164-pieces\/","title":{"rendered":"MOC Factory 29408 UCS KMS Bismarck acorazado con 7164 piezas"},"content":{"rendered":"<div>\u2705 MOC-29408 UCS KMS Bismarck Acorazado<\/p>\n<p>\u2705UCS KMS Bismarck es un modelo de ladrillos del acorazado alem\u00e1n Bismarck, dise\u00f1ado por un entusiasta de los ladrillos y vendido como instrucciones de construcci\u00f3n. El t\u00e9rmino UCS significa &quot;Ultimate Collector&#039;s Series&quot;, una designaci\u00f3n utilizada por brick para indicar una l\u00ednea de modelos dise\u00f1ados para constructores y coleccionistas m\u00e1s experimentados, generalmente de mayor escala y m\u00e1s complejos que los juegos de ladrillos regulares.<\/p>\n<p>\ud83d\udeab \u00a1IMPORTANTE!<\/p>\n<p>Nombre del producto: Acorazado UCS KMS Bismarck<\/p>\n<p>Categor\u00eda: Militar<\/p>\n<p>Este kit contiene: MOC-29408<\/p>\n<p>7164 piezas de ladrillos de buena calidad<\/p>\n<p>Peso: 6000g<\/p>\n<p>Instrucciones en PDF<\/p>\n<p>\ud83d\udcccNaturaleza del protagonista<\/p>\n<p>Presentamos nuestra orgullosa colecci\u00f3n llamada &quot;UCS KMS Bismarck Battleship&quot; que no debe perderse.<\/p>\n<p>El KMS Bismarck fue un famoso acorazado que sirvi\u00f3 en la armada alemana durante la Segunda Guerra Mundial. El modelo de ladrillo est\u00e1 dise\u00f1ado para parecerse lo m\u00e1s posible al barco real y presenta detalles intrincados, como un casco detallado, torretas de armas y un soporte de exhibici\u00f3n. Consta de m\u00e1s de 7000 piezas de ladrillo y mide m\u00e1s de 100 cm (40 pulgadas) de largo.<\/p><\/div>","protected":false},"excerpt":{"rendered":"<p>Marca: MOC Factory<br \/>\nG\u00e9nero: Unisex<br \/>\nRango de edad: &gt; 12 a\u00f1os<br \/>\nN\u00famero de modelo: 29408<br \/>\nClasificaci\u00f3n: Ensamblaje<br \/>\nForma de bloque de pl\u00e1stico: Ladrillos autoblocantes<br \/>\nMaterial: Pl\u00e1stico<br \/>\nTipo de pl\u00e1stico: ABS<br \/>\nLadrillos Bloques: 7164 +<br \/>\nOrganizar tiempo: 4-8 semanas<\/p>","protected":false},"featured_media":42484,"comment_status":"open","ping_status":"closed","template":"","meta":{"_acf_changed":false},"product_cat":[1350,1357,372,364],"product_tag":[5703,9289,374,389,4093],"class_list":["product","first","instock","shipping-taxable","purchasable","product-type-simple"],"acf":[],"_links":{"self":[{"href":"https:\/\/mouldking.store\/es\/wp-json\/wp\/v2\/product\/42490","targetHints":{"allow":["GET"]}}],"collection":[{"href":"https:\/\/mouldking.store\/es\/wp-json\/wp\/v2\/product"}],"about":[{"href":"https:\/\/mouldking.store\/es\/wp-json\/wp\/v2\/types\/product"}],"replies":[{"embeddable":true,"href":"https:\/\/mouldking.store\/es\/wp-json\/wp\/v2\/comments?post=42490"}],"wp:featuredmedia":[{"embeddable":true,"href":"https:\/\/mouldking.store\/es\/wp-json\/wp\/v2\/media\/42484"}],"wp:attachment":[{"href":"https:\/\/mouldking.store\/es\/wp-json\/wp\/v2\/media?parent=42490"}],"wp:term":[{"taxonomy":"product_cat","embeddable":true,"href":"https:\/\/mouldking.store\/es\/wp-json\/wp\/v2\/product_cat?post=42490"},{"taxonomy":"product_tag","embeddable":true,"href":"https:\/\/mouldking.store\/es\/wp-json\/wp\/v2\/product_tag?post=42490"}],"curies":[{"name":"wp","href":"https:\/\/api.w.org\/{rel}","templated":true}]}}