{"id":42514,"date":"2023-03-02T14:38:15","date_gmt":"2023-03-02T07:38:15","guid":{"rendered":"https:\/\/mouldking.store\/shop\/panlosbrick-672009-black-bat-motorbike-with-1080-pieces\/"},"modified":"2023-03-02T14:38:15","modified_gmt":"2023-03-02T07:38:15","slug":"panlosbrick-672009-black-bat-motorbike-with-1080-pieces","status":"publish","type":"product","link":"https:\/\/mouldking.store\/es\/shop\/panlosbrick-672009-black-bat-motorbike-with-1080-pieces\/","title":{"rendered":"PANLOSBRICK 672009 Black Bat Moto con 1080 Piezas"},"content":{"rendered":"<div>\u2705 Moto Panlos 672009 Black Bat<br \/>&nbsp;<br \/>\u2705El Batcycle es una motocicleta ficticia que aparece en varios medios relacionados con la franquicia de Batman, incluidos c\u00f3mics, pel\u00edculas y programas de televisi\u00f3n. Es una motocicleta personalizada dise\u00f1ada espec\u00edficamente para el uso de Batman, equipada con varias herramientas y armas para combatir el crimen, como garfios, lanzamisiles y sistemas inform\u00e1ticos avanzados.<\/p>\n<p>\ud83d\udeab \u00a1IMPORTANTE!&nbsp;<br \/>&nbsp;<br \/>Nombre del producto: Moto Black Bat<br \/>&nbsp;<br \/>Categor\u00eda: T\u00e9cnica<br \/>&nbsp;<br \/>Este Kit Contiene: Panlos 672009<br \/>&nbsp;<br \/>1080 piezas de ladrillos de buena calidad&nbsp;<br \/>&nbsp;<br \/>Tama\u00f1o: 33 \u00d7 16,5 \u00d7 18 cm<br \/>&nbsp;<br \/>Instrucciones manuales&nbsp;<br \/>&nbsp;<br \/>\ud83d\udcccNaturaleza del protagonista&nbsp;<br \/>&nbsp;<br \/>Presentamos nuestra orgullosa colecci\u00f3n llamada &quot;Black Bat Motorbike&quot; que no debe perderse.&nbsp;<br \/>&nbsp;<br \/>El Batcycle ha tenido muchos dise\u00f1os diferentes a lo largo de los a\u00f1os, pero generalmente se representa como una elegante motocicleta negra con carenados con alas de murci\u00e9lago y un s\u00edmbolo de murci\u00e9lago en el frente. A menudo, Batman y sus aliados, como Robin y Batgirl, lo utilizan para perseguir a los delincuentes o para llegar r\u00e1pidamente a un lugar que necesita su ayuda.<\/div>","protected":false},"excerpt":{"rendered":"<p>Marca: PANLOSBRICK<br \/>\nG\u00e9nero: Unisex<br \/>\nRango de edad: &gt; 18 a\u00f1os<br \/>\nN\u00famero de modelo: 672009<br \/>\nClasificaci\u00f3n: Ensamblaje<br \/>\nForma de bloque de pl\u00e1stico: Ladrillos autoblocantes<br \/>\nMaterial: Pl\u00e1stico<br \/>\nTipo de pl\u00e1stico: ABS<br \/>\nLadrillos Bloques: 1080 +<br \/>\nSin caja original<\/p>","protected":false},"featured_media":42509,"comment_status":"open","ping_status":"closed","template":"","meta":{"_acf_changed":false},"product_cat":[1357,581,364,1408],"product_tag":[11329,11466,11397,2449,434,389,11080],"class_list":["product","first","instock","shipping-taxable","purchasable","product-type-simple"],"acf":[],"_links":{"self":[{"href":"https:\/\/mouldking.store\/es\/wp-json\/wp\/v2\/product\/42514","targetHints":{"allow":["GET"]}}],"collection":[{"href":"https:\/\/mouldking.store\/es\/wp-json\/wp\/v2\/product"}],"about":[{"href":"https:\/\/mouldking.store\/es\/wp-json\/wp\/v2\/types\/product"}],"replies":[{"embeddable":true,"href":"https:\/\/mouldking.store\/es\/wp-json\/wp\/v2\/comments?post=42514"}],"wp:featuredmedia":[{"embeddable":true,"href":"https:\/\/mouldking.store\/es\/wp-json\/wp\/v2\/media\/42509"}],"wp:attachment":[{"href":"https:\/\/mouldking.store\/es\/wp-json\/wp\/v2\/media?parent=42514"}],"wp:term":[{"taxonomy":"product_cat","embeddable":true,"href":"https:\/\/mouldking.store\/es\/wp-json\/wp\/v2\/product_cat?post=42514"},{"taxonomy":"product_tag","embeddable":true,"href":"https:\/\/mouldking.store\/es\/wp-json\/wp\/v2\/product_tag?post=42514"}],"curies":[{"name":"wp","href":"https:\/\/api.w.org\/{rel}","templated":true}]}}