{"id":42530,"date":"2023-03-02T16:54:10","date_gmt":"2023-03-02T09:54:10","guid":{"rendered":"https:\/\/mouldking.store\/shop\/moc-factory-89458-my-singing-monsters-mammott-entbrat-bowgart-noggin-and-furcorn-with-168-pieces\/"},"modified":"2025-12-16T22:25:13","modified_gmt":"2025-12-16T15:25:13","slug":"moc-factory-89458-my-singing-monsters-mammott-entbrat-bowgart-noggin-and-furcorn-with-168-pieces","status":"publish","type":"product","link":"https:\/\/mouldking.store\/es\/shop\/moc-factory-89458-my-singing-monsters-mammott-entbrat-bowgart-noggin-and-furcorn-with-168-pieces\/","title":{"rendered":"MOC Factory 89458 My Singing Monsters Mammott Entbrat Bowgart Noggin y Furcorn con 168 piezas"},"content":{"rendered":"<div>\u2705 MOC-89458 Mis monstruos cantantes Mammott Entbrat Bowgart Noggin y Furcorn<\/p>\n<p>\u2705My Singing Monsters es un juego m\u00f3vil popular en el que los jugadores recolectan y cr\u00edan varios monstruos, cada uno con su apariencia y sonido \u00fanicos. Mammott, Entbrat, Bowgart, Noggin y Furcorn son algunos de los monstruos que se pueden encontrar en el juego.<\/p>\n<p>\ud83d\udeab \u00a1IMPORTANTE!<\/p>\n<p>Nombre del producto: My Singing Monsters Mammott Entbrat Bowgart Noggin y Furcorn<\/p>\n<p>Categor\u00eda: Creador<\/p>\n<p>Este kit contiene: C9317<\/p>\n<p>168 piezas de ladrillos de buena calidad.<\/p>\n<p>Tama\u00f1o: 5,8 x 3,2 x 6,1 cm<\/p>\n<p>Peso: 0,06 kg<\/p>\n<p>Instrucciones en PDF<\/p>\n<p>\ud83d\udcccNaturaleza del protagonista<\/p>\n<p>Presentamos nuestra orgullosa colecci\u00f3n llamada &quot;My Singing Monsters Mammott Entbrat Bowgart Noggin and Furcorn&quot; que no debe perderse.<\/p>\n<p>Cada monstruo tiene su sonido \u00fanico y se puede combinar con otros monstruos para crear canciones nuevas y m\u00e1s complejas. El juego es conocido por sus melod\u00edas pegadizas y sus adorables dise\u00f1os de monstruos, y tiene una base de fans grande y dedicada.<\/p><\/div>","protected":false},"excerpt":{"rendered":"<p>Marca: MOC Factory<br \/>\nG\u00e9nero: Unisex<br \/>\nRango de edad: &gt; 6 a\u00f1os<br \/>\nN\u00famero de modelo: 89458<br \/>\nClasificaci\u00f3n: Ensamblaje<br \/>\nForma de bloque de pl\u00e1stico: Ladrillos autoblocantes<br \/>\nMaterial: Pl\u00e1stico<br \/>\nTipo de pl\u00e1stico: ABS<br \/>\nLadrillos Bloques: 168 +<br \/>\nSin caja original<\/p>","protected":false},"featured_media":42521,"comment_status":"open","ping_status":"closed","template":"","meta":{"_acf_changed":false},"product_cat":[1365,371,581,1408],"product_tag":[11471,11072,8452,11470,11473,9139,11469,11468,434,11472,11467],"class_list":["product","first","instock","shipping-taxable","purchasable","product-type-simple"],"acf":[],"_links":{"self":[{"href":"https:\/\/mouldking.store\/es\/wp-json\/wp\/v2\/product\/42530","targetHints":{"allow":["GET"]}}],"collection":[{"href":"https:\/\/mouldking.store\/es\/wp-json\/wp\/v2\/product"}],"about":[{"href":"https:\/\/mouldking.store\/es\/wp-json\/wp\/v2\/types\/product"}],"replies":[{"embeddable":true,"href":"https:\/\/mouldking.store\/es\/wp-json\/wp\/v2\/comments?post=42530"}],"wp:featuredmedia":[{"embeddable":true,"href":"https:\/\/mouldking.store\/es\/wp-json\/wp\/v2\/media\/42521"}],"wp:attachment":[{"href":"https:\/\/mouldking.store\/es\/wp-json\/wp\/v2\/media?parent=42530"}],"wp:term":[{"taxonomy":"product_cat","embeddable":true,"href":"https:\/\/mouldking.store\/es\/wp-json\/wp\/v2\/product_cat?post=42530"},{"taxonomy":"product_tag","embeddable":true,"href":"https:\/\/mouldking.store\/es\/wp-json\/wp\/v2\/product_tag?post=42530"}],"curies":[{"name":"wp","href":"https:\/\/api.w.org\/{rel}","templated":true}]}}