{"id":42547,"date":"2023-03-02T17:12:58","date_gmt":"2023-03-02T10:12:58","guid":{"rendered":"https:\/\/mouldking.store\/shop\/moc-factory-114786-stranger-things-hawkins-national-laboratory-with-1344-pieces\/"},"modified":"2025-12-16T22:25:13","modified_gmt":"2025-12-16T15:25:13","slug":"moc-factory-114786-stranger-things-hawkins-national-laboratory-with-1344-pieces","status":"publish","type":"product","link":"https:\/\/mouldking.store\/es\/shop\/moc-factory-114786-stranger-things-hawkins-national-laboratory-with-1344-pieces\/","title":{"rendered":"MOC Factory 114786 Stranger Things Hawkins National Laboratory con 1344 piezas"},"content":{"rendered":"<div>\u2705 MOC-114786 Cosas extra\u00f1as Laboratorio Nacional de Hawkins<\/p>\n<p>\u2705El Laboratorio Nacional de Hawkins es un centro de investigaci\u00f3n ficticio en la popular serie de Netflix, Stranger Things. Est\u00e1 ubicado en la ciudad de Hawkins, Indiana y es operado por el Departamento de Energ\u00eda de los Estados Unidos.<\/p>\n<p>\ud83d\udeab \u00a1IMPORTANTE!<\/p>\n<p>Nombre del producto: Laboratorio Nacional de Stranger Things Hawkins<\/p>\n<p>Categor\u00eda: Pel\u00edcula<\/p>\n<p>Este kit contiene: C9288<\/p>\n<p>1344 piezas de ladrillos de buena calidad<\/p>\n<p>Tama\u00f1o: 21x21x11 cm<\/p>\n<p>Peso: 0,83 kg<\/p>\n<p>Instrucciones en PDF<\/p>\n<p>\ud83d\udcccNaturaleza del protagonista<\/p>\n<p>Presentamos nuestra orgullosa colecci\u00f3n llamada &quot;Stranger Things Hawkins National Laboratory&quot; que no debe perderse.<\/p>\n<p>En la serie, el laboratorio sirve como una instalaci\u00f3n de investigaci\u00f3n gubernamental secreta y controvertida donde se realizan experimentos sobre fen\u00f3menos sobrenaturales, incluido un portal a una dimensi\u00f3n alternativa conocida como Upside Down. El laboratorio se presenta inicialmente como una instalaci\u00f3n benigna, pero finalmente se revela como la fuente de los sucesos y peligros sobrenaturales que amenazan a la ciudad de Hawkins.<\/p><\/div>","protected":false},"excerpt":{"rendered":"<p>Marca: MOC Factory<br \/>\nG\u00e9nero: Unisex<br \/>\nRango de edad: &gt; 12 a\u00f1os<br \/>\nN\u00famero de modelo: 114786<br \/>\nClasificaci\u00f3n: Ensamblaje<br \/>\nForma de bloque de pl\u00e1stico: Ladrillos autoblocantes<br \/>\nMaterial: Pl\u00e1stico<br \/>\nTipo de pl\u00e1stico: ABS<br \/>\nLadrillos Bloques: 1344 +<br \/>\nSin caja original<\/p>","protected":false},"featured_media":42541,"comment_status":"open","ping_status":"closed","template":"","meta":{"_acf_changed":false},"product_cat":[1395,390,581,1408],"product_tag":[4883,9139,11476,6567,392,434,11477,5944],"class_list":["product","first","instock","shipping-taxable","purchasable","product-type-simple"],"acf":[],"_links":{"self":[{"href":"https:\/\/mouldking.store\/es\/wp-json\/wp\/v2\/product\/42547","targetHints":{"allow":["GET"]}}],"collection":[{"href":"https:\/\/mouldking.store\/es\/wp-json\/wp\/v2\/product"}],"about":[{"href":"https:\/\/mouldking.store\/es\/wp-json\/wp\/v2\/types\/product"}],"replies":[{"embeddable":true,"href":"https:\/\/mouldking.store\/es\/wp-json\/wp\/v2\/comments?post=42547"}],"wp:featuredmedia":[{"embeddable":true,"href":"https:\/\/mouldking.store\/es\/wp-json\/wp\/v2\/media\/42541"}],"wp:attachment":[{"href":"https:\/\/mouldking.store\/es\/wp-json\/wp\/v2\/media?parent=42547"}],"wp:term":[{"taxonomy":"product_cat","embeddable":true,"href":"https:\/\/mouldking.store\/es\/wp-json\/wp\/v2\/product_cat?post=42547"},{"taxonomy":"product_tag","embeddable":true,"href":"https:\/\/mouldking.store\/es\/wp-json\/wp\/v2\/product_tag?post=42547"}],"curies":[{"name":"wp","href":"https:\/\/api.w.org\/{rel}","templated":true}]}}