{"id":42619,"date":"2023-03-02T18:56:50","date_gmt":"2023-03-02T11:56:50","guid":{"rendered":"https:\/\/mouldking.store\/shop\/moc-factory-89448-old-water-mill-with-2691-pieces\/"},"modified":"2025-12-16T22:25:12","modified_gmt":"2025-12-16T15:25:12","slug":"moc-factory-89448-old-water-mill-with-2691-pieces","status":"publish","type":"product","link":"https:\/\/mouldking.store\/es\/shop\/moc-factory-89448-old-water-mill-with-2691-pieces\/","title":{"rendered":"MOC Factory 89448 Antiguo molino de agua con 2691 piezas"},"content":{"rendered":"<div>\u2705 MOC-89448 Antiguo molino de agua<\/p>\n<p>\u2705Un antiguo molino de agua es un edificio hist\u00f3rico que utiliza la energ\u00eda del agua para moler granos y convertirlos en harina o realizar otros tipos de trabajos mec\u00e1nicos. El molino generalmente consiste en un gran edificio de piedra o madera situado junto a un arroyo o r\u00edo que fluye. El agua que fluye se dirige a una rueda, que luego hace girar los engranajes y otras piezas mec\u00e1nicas para operar la maquinaria del molino.<\/p>\n<p>\ud83d\udeab \u00a1IMPORTANTE!<\/p>\n<p>Nombre del producto: antiguo molino de agua<\/p>\n<p>Categor\u00eda: Creador<\/p>\n<p>Este kit contiene: C9287<\/p>\n<p>2691 piezas de ladrillos de buena calidad<\/p>\n<p>Tama\u00f1o: 32x20x20 cm<\/p>\n<p>Peso: 1,44 kg<\/p>\n<p>Instrucciones en PDF<\/p>\n<p>\ud83d\udcccNaturaleza del protagonista<\/p>\n<p>Presentamos nuestra orgullosa colecci\u00f3n llamada &quot;Old Water Mill&quot; que no debe perderse.<\/p>\n<p>Los molinos de agua antiguos a menudo se encuentran en \u00e1reas rurales esc\u00e9nicas y pueden estar rodeados de hermosos jardines, estanques u otras caracter\u00edsticas naturales. Son un recordatorio fascinante del ingenio y el arduo trabajo de las generaciones pasadas y permiten vislumbrar el importante papel que desempe\u00f1\u00f3 la molienda en las comunidades locales a lo largo de la historia. Hoy en d\u00eda, muchos antiguos molinos de agua han sido restaurados y convertidos en museos, restaurantes u otro tipo de atracciones tur\u00edsticas.<\/p><\/div>","protected":false},"excerpt":{"rendered":"<p>Marca: MOC Factory<br \/>\nG\u00e9nero: Unisex<br \/>\nRango de edad: &gt; 6 a\u00f1os<br \/>\nN\u00famero de modelo: 89448<br \/>\nClasificaci\u00f3n: Ensamblaje<br \/>\nForma de bloque de pl\u00e1stico: Ladrillos autoblocantes<br \/>\nMaterial: Pl\u00e1stico<br \/>\nTipo de pl\u00e1stico: ABS<br \/>\nLadrillos Bloques: 2691 +<br \/>\nSin caja original<\/p>","protected":false},"featured_media":42615,"comment_status":"open","ping_status":"closed","template":"","meta":{"_acf_changed":false},"product_cat":[1365,1395,371,390],"product_tag":[11072,8452,11370,392,10338],"class_list":["product","first","instock","shipping-taxable","purchasable","product-type-simple"],"acf":[],"_links":{"self":[{"href":"https:\/\/mouldking.store\/es\/wp-json\/wp\/v2\/product\/42619","targetHints":{"allow":["GET"]}}],"collection":[{"href":"https:\/\/mouldking.store\/es\/wp-json\/wp\/v2\/product"}],"about":[{"href":"https:\/\/mouldking.store\/es\/wp-json\/wp\/v2\/types\/product"}],"replies":[{"embeddable":true,"href":"https:\/\/mouldking.store\/es\/wp-json\/wp\/v2\/comments?post=42619"}],"wp:featuredmedia":[{"embeddable":true,"href":"https:\/\/mouldking.store\/es\/wp-json\/wp\/v2\/media\/42615"}],"wp:attachment":[{"href":"https:\/\/mouldking.store\/es\/wp-json\/wp\/v2\/media?parent=42619"}],"wp:term":[{"taxonomy":"product_cat","embeddable":true,"href":"https:\/\/mouldking.store\/es\/wp-json\/wp\/v2\/product_cat?post=42619"},{"taxonomy":"product_tag","embeddable":true,"href":"https:\/\/mouldking.store\/es\/wp-json\/wp\/v2\/product_tag?post=42619"}],"curies":[{"name":"wp","href":"https:\/\/api.w.org\/{rel}","templated":true}]}}