{"id":42651,"date":"2023-03-06T11:04:17","date_gmt":"2023-03-06T04:04:17","guid":{"rendered":"https:\/\/mouldking.store\/shop\/moc-factory-13655-dodge-viper-acr-with-3141-pieces\/"},"modified":"2025-12-16T22:25:11","modified_gmt":"2025-12-16T15:25:11","slug":"moc-factory-13655-dodge-viper-acr-with-3141-pieces","status":"publish","type":"product","link":"https:\/\/mouldking.store\/es\/shop\/moc-factory-13655-dodge-viper-acr-with-3141-pieces\/","title":{"rendered":"MOC Factory 13655 Dodge Viper ACR con 3141 piezas"},"content":{"rendered":"<div>\u2705 MOC-13655 Dodge Viper ACR<\/p>\n<p>\u2705El Dodge Viper ACR (American Club Racer) es un autom\u00f3vil deportivo de alto rendimiento que fue producido por el fabricante de autom\u00f3viles estadounidense Dodge. Es una variante del Dodge Viper, que se produjo entre 1992 y 2017.<\/p>\n<p>\ud83d\udeab \u00a1IMPORTANTE!<\/p>\n<p>Nombre del producto: Dodge Viper ACR<\/p>\n<p>Categor\u00eda: T\u00e9cnica<\/p>\n<p>Este kit contiene: MOC-13655<\/p>\n<p>3141 piezas de ladrillos de buena calidad<\/p>\n<p>Peso: 3100g<\/p>\n<p>Instrucciones en PDF<\/p>\n<p>\ud83d\udcccNaturaleza del protagonista<\/p>\n<p>Presentamos nuestra orgullosa colecci\u00f3n llamada &quot;Dodge Viper ACR&quot; que no debe perderse.<\/p>\n<p>El Viper ACR se introdujo en 1999 y fue dise\u00f1ado para entusiastas de las carreras que quer\u00edan un autom\u00f3vil que pudiera competir en la pista. Cuenta con una serie de mejoras sobre el Viper est\u00e1ndar, que incluyen una suspensi\u00f3n m\u00e1s r\u00edgida, frenos m\u00e1s grandes y una aerodin\u00e1mica mejorada. El auto est\u00e1 propulsado por un motor V10 de 8.4 litros que produce 645 caballos de fuerza y 600 lb-pie de torque, lo que lo convierte en uno de los autos deportivos m\u00e1s poderosos de su \u00e9poca. El Dodge Viper ACR ha establecido varios r\u00e9cords de pista a lo largo de los a\u00f1os, incluido el r\u00e9cord de vuelta de un autom\u00f3vil de producci\u00f3n en N\u00fcrburgring Nordschleife en Alemania, que logr\u00f3 en 2011. La aerodin\u00e1mica del autom\u00f3vil, que incluye un gran aler\u00f3n trasero y un divisor delantero, le permiten generar altos niveles de carga aerodin\u00e1mica a altas velocidades, mejorando su manejo y estabilidad.<\/p><\/div>","protected":false},"excerpt":{"rendered":"<p>Marca: MOC Factory<br \/>\nG\u00e9nero: Unisex<br \/>\nRango de edad: &gt; 12 a\u00f1os<br \/>\nN\u00famero de modelo: 13655<br \/>\nClasificaci\u00f3n: Ensamblaje<br \/>\nForma de bloque de pl\u00e1stico: Ladrillos autoblocantes<br \/>\nMaterial: Pl\u00e1stico<br \/>\nTipo de pl\u00e1stico: ABS<br \/>\nLadrillos Bloques: 3141 +<br \/>\nOrganizar tiempo: 4-8 semanas<\/p>","protected":false},"featured_media":42645,"comment_status":"open","ping_status":"closed","template":"","meta":{"_acf_changed":false},"product_cat":[1360,1357,364],"product_tag":[11493,457,11354,389,11080],"class_list":["product","first","instock","shipping-taxable","purchasable","product-type-simple"],"acf":[],"_links":{"self":[{"href":"https:\/\/mouldking.store\/es\/wp-json\/wp\/v2\/product\/42651","targetHints":{"allow":["GET"]}}],"collection":[{"href":"https:\/\/mouldking.store\/es\/wp-json\/wp\/v2\/product"}],"about":[{"href":"https:\/\/mouldking.store\/es\/wp-json\/wp\/v2\/types\/product"}],"replies":[{"embeddable":true,"href":"https:\/\/mouldking.store\/es\/wp-json\/wp\/v2\/comments?post=42651"}],"wp:featuredmedia":[{"embeddable":true,"href":"https:\/\/mouldking.store\/es\/wp-json\/wp\/v2\/media\/42645"}],"wp:attachment":[{"href":"https:\/\/mouldking.store\/es\/wp-json\/wp\/v2\/media?parent=42651"}],"wp:term":[{"taxonomy":"product_cat","embeddable":true,"href":"https:\/\/mouldking.store\/es\/wp-json\/wp\/v2\/product_cat?post=42651"},{"taxonomy":"product_tag","embeddable":true,"href":"https:\/\/mouldking.store\/es\/wp-json\/wp\/v2\/product_tag?post=42651"}],"curies":[{"name":"wp","href":"https:\/\/api.w.org\/{rel}","templated":true}]}}