{"id":42659,"date":"2023-03-06T11:16:58","date_gmt":"2023-03-06T04:16:58","guid":{"rendered":"https:\/\/mouldking.store\/shop\/moc-factory-14616-1967-mustang-with-3541-pieces\/"},"modified":"2025-12-16T22:25:11","modified_gmt":"2025-12-16T15:25:11","slug":"moc-factory-14616-1967-mustang-with-3541-pieces","status":"publish","type":"product","link":"https:\/\/mouldking.store\/es\/shop\/moc-factory-14616-1967-mustang-with-3541-pieces\/","title":{"rendered":"MOC Factory 14616 1967 Mustang con 3541 piezas"},"content":{"rendered":"<div>\u2705 MOC-14616 Mustang 1967<\/p>\n<p>\u2705El Mustang de 1967 es un cl\u00e1sico muscle car estadounidense producido por Ford Motor Company. Es la segunda generaci\u00f3n del Mustang, que se present\u00f3 en 1964 y r\u00e1pidamente se convirti\u00f3 en un autom\u00f3vil ic\u00f3nico de la \u00e9poca.<\/p>\n<p>\ud83d\udeab \u00a1IMPORTANTE!<\/p>\n<p>Nombre del producto: Mustang 1967<\/p>\n<p>Categor\u00eda: T\u00e9cnica<\/p>\n<p>Este kit contiene: MOC-14616<\/p>\n<p>3541 piezas de ladrillos de buena calidad<\/p>\n<p>Peso: 3500g<\/p>\n<p>Instrucciones en PDF<\/p>\n<p>\ud83d\udcccNaturaleza del protagonista<\/p>\n<p>Presentamos nuestra orgullosa colecci\u00f3n llamada &quot;Mustang 1967&quot; que no debe perderse.<\/p>\n<p>El Mustang de 1967 sufri\u00f3 una serie de cambios con respecto al modelo del a\u00f1o anterior, incluidas nuevas mejoras de estilo y rendimiento. El autom\u00f3vil estaba disponible en estilos de carrocer\u00eda coup\u00e9, convertible y fastback, y se ofrec\u00eda con una variedad de opciones de motor, incluido un V8 de 200 caballos de fuerza y 289 pulgadas c\u00fabicas, un V8 de 271 caballos de fuerza y 289 pulgadas c\u00fabicas y un V8 de 390 pulgadas c\u00fabicas que produjo 320 caballos de fuerza.<\/p><\/div>","protected":false},"excerpt":{"rendered":"<p>Marca: MOC Factory<br \/>\nG\u00e9nero: Unisex<br \/>\nRango de edad: &gt; 12 a\u00f1os<br \/>\nN\u00famero de modelo: 14616<br \/>\nClasificaci\u00f3n: Ensamblaje<br \/>\nForma de bloque de pl\u00e1stico: Ladrillos autoblocantes<br \/>\nMaterial: Pl\u00e1stico<br \/>\nTipo de pl\u00e1stico: ABS<br \/>\nLadrillos Bloques: 3541 +<br \/>\nOrganizar tiempo: 4-8 semanas<\/p>","protected":false},"featured_media":42652,"comment_status":"open","ping_status":"closed","template":"","meta":{"_acf_changed":false},"product_cat":[1360,1357,364],"product_tag":[457,6653,389,11080],"class_list":["product","first","instock","shipping-taxable","purchasable","product-type-simple"],"acf":[],"_links":{"self":[{"href":"https:\/\/mouldking.store\/es\/wp-json\/wp\/v2\/product\/42659","targetHints":{"allow":["GET"]}}],"collection":[{"href":"https:\/\/mouldking.store\/es\/wp-json\/wp\/v2\/product"}],"about":[{"href":"https:\/\/mouldking.store\/es\/wp-json\/wp\/v2\/types\/product"}],"replies":[{"embeddable":true,"href":"https:\/\/mouldking.store\/es\/wp-json\/wp\/v2\/comments?post=42659"}],"wp:featuredmedia":[{"embeddable":true,"href":"https:\/\/mouldking.store\/es\/wp-json\/wp\/v2\/media\/42652"}],"wp:attachment":[{"href":"https:\/\/mouldking.store\/es\/wp-json\/wp\/v2\/media?parent=42659"}],"wp:term":[{"taxonomy":"product_cat","embeddable":true,"href":"https:\/\/mouldking.store\/es\/wp-json\/wp\/v2\/product_cat?post=42659"},{"taxonomy":"product_tag","embeddable":true,"href":"https:\/\/mouldking.store\/es\/wp-json\/wp\/v2\/product_tag?post=42659"}],"curies":[{"name":"wp","href":"https:\/\/api.w.org\/{rel}","templated":true}]}}