{"id":42666,"date":"2023-03-06T11:22:18","date_gmt":"2023-03-06T04:22:18","guid":{"rendered":"https:\/\/mouldking.store\/shop\/moc-factory-16029-mclaren-570s-bugatti-42083-b-model-with-2818-pieces\/"},"modified":"2025-12-16T22:25:11","modified_gmt":"2025-12-16T15:25:11","slug":"moc-factory-16029-mclaren-570s-bugatti-42083-b-model-with-2818-pieces","status":"publish","type":"product","link":"https:\/\/mouldking.store\/es\/shop\/moc-factory-16029-mclaren-570s-bugatti-42083-b-model-with-2818-pieces\/","title":{"rendered":"MOC Factory 16029 McLaren 570S \u2013 Bugatti 42083 B-Modelo con 2818 Piezas"},"content":{"rendered":"<div>\u2705MOC-16029 McLaren 570S \u2013 Bugatti 42083 Modelo B<\/p>\n<p>\u2705El McLaren 570S es un autom\u00f3vil deportivo de alto rendimiento producido por el fabricante de autom\u00f3viles brit\u00e1nico McLaren Automotive. Fue presentado en 2015 y forma parte de la l\u00ednea &quot;Sports Series&quot; de la compa\u00f1\u00eda, que est\u00e1 dise\u00f1ada para ser m\u00e1s accesible y asequible que los otros superdeportivos de McLaren.<\/p>\n<p>\ud83d\udeab \u00a1IMPORTANTE!<\/p>\n<p>Nombre del producto: McLaren 570S \u2013 Bugatti 42083 B-Modelo<\/p>\n<p>Categor\u00eda: T\u00e9cnica<\/p>\n<p>Este kit contiene: MOC-16029&nbsp;<\/p>\n<p>2818 piezas de ladrillos de buena calidad<\/p>\n<p>Peso: 2800g<\/p>\n<p>Instrucciones en PDF<\/p>\n<p>\ud83d\udcccNaturaleza del protagonista<\/p>\n<p>Presentamos nuestra orgullosa colecci\u00f3n llamada &quot;McLaren 570S - Bugatti 42083 B-Model&quot; que no debe perderse.<\/p>\n<p>El juego de ladrillos Technic Bugatti Chiron es un modelo muy detallado del Bugatti Chiron, un superdeportivo de lujo producido por el fabricante de autom\u00f3viles franc\u00e9s Bugatti. El conjunto cuenta con casi 3000 piezas e incluye caracter\u00edsticas funcionales como una caja de cambios de ocho velocidades, direcci\u00f3n funcional y un aler\u00f3n trasero que se puede subir y bajar. El McLaren 570S \u2013 Bugatti 42083 B-Model combina partes del conjunto Bugatti Chiron para crear un modelo de ladrillo personalizado del McLaren 570S. El modelo presenta el estilo distintivo del 570S, incluida su carrocer\u00eda aerodin\u00e1mica, puertas di\u00e9dricas exclusivas y l\u00edneas elegantes. Tambi\u00e9n incluye caracter\u00edsticas funcionales como direcci\u00f3n y suspensi\u00f3n de trabajo.<\/p><\/div>","protected":false},"excerpt":{"rendered":"<p>Marca: MOC Factory<br \/>\nG\u00e9nero: Unisex<br \/>\nRango de edad: &gt; 12 a\u00f1os<br \/>\nN\u00famero de modelo: 16029<br \/>\nClasificaci\u00f3n: Ensamblaje<br \/>\nForma de bloque de pl\u00e1stico: Ladrillos autoblocantes<br \/>\nMaterial: Pl\u00e1stico<br \/>\nTipo de pl\u00e1stico: ABS<br \/>\nLadrillos Bloques: 2818 +<br \/>\nOrganizar tiempo: 4-8 semanas<\/p>","protected":false},"featured_media":42660,"comment_status":"open","ping_status":"closed","template":"","meta":{"_acf_changed":false},"product_cat":[1360,1357,364],"product_tag":[11494,1730,457,1744,389,11080],"class_list":["product","first","instock","shipping-taxable","purchasable","product-type-simple"],"acf":[],"_links":{"self":[{"href":"https:\/\/mouldking.store\/es\/wp-json\/wp\/v2\/product\/42666","targetHints":{"allow":["GET"]}}],"collection":[{"href":"https:\/\/mouldking.store\/es\/wp-json\/wp\/v2\/product"}],"about":[{"href":"https:\/\/mouldking.store\/es\/wp-json\/wp\/v2\/types\/product"}],"replies":[{"embeddable":true,"href":"https:\/\/mouldking.store\/es\/wp-json\/wp\/v2\/comments?post=42666"}],"wp:featuredmedia":[{"embeddable":true,"href":"https:\/\/mouldking.store\/es\/wp-json\/wp\/v2\/media\/42660"}],"wp:attachment":[{"href":"https:\/\/mouldking.store\/es\/wp-json\/wp\/v2\/media?parent=42666"}],"wp:term":[{"taxonomy":"product_cat","embeddable":true,"href":"https:\/\/mouldking.store\/es\/wp-json\/wp\/v2\/product_cat?post=42666"},{"taxonomy":"product_tag","embeddable":true,"href":"https:\/\/mouldking.store\/es\/wp-json\/wp\/v2\/product_tag?post=42666"}],"curies":[{"name":"wp","href":"https:\/\/api.w.org\/{rel}","templated":true}]}}