{"id":42672,"date":"2023-03-06T11:30:16","date_gmt":"2023-03-06T04:30:16","guid":{"rendered":"https:\/\/mouldking.store\/shop\/moc-factory-17698-lamborghini-aventador-svj-roadster-with-3562-pieces\/"},"modified":"2025-12-16T22:25:11","modified_gmt":"2025-12-16T15:25:11","slug":"moc-factory-17698-lamborghini-aventador-svj-roadster-with-3562-pieces","status":"publish","type":"product","link":"https:\/\/mouldking.store\/es\/shop\/moc-factory-17698-lamborghini-aventador-svj-roadster-with-3562-pieces\/","title":{"rendered":"MOC Factory 17698 Lamborghini Aventador SVJ Roadster con 3562 Piezas"},"content":{"rendered":"<div>\u2705 MOC-17698 Lamborghini Aventador SVJ Roadster<\/p>\n<p>\u2705El Lamborghini Aventador SVJ Roadster es un autom\u00f3vil deportivo convertible de alto rendimiento producido por el fabricante de autom\u00f3viles italiano Lamborghini. Es la versi\u00f3n descapotable del cup\u00e9 Aventador SVJ, que se present\u00f3 en 2018.<\/p>\n<p>\ud83d\udeab \u00a1IMPORTANTE!<\/p>\n<p>Nombre del producto: Lamborghini Aventador SVJ Roadster<\/p>\n<p>Categor\u00eda: T\u00e9cnica<\/p>\n<p>Este kit contiene: MOC-17698<\/p>\n<p>3562 piezas de ladrillos de buena calidad<\/p>\n<p>Peso: 3500g<\/p>\n<p>Instrucciones en PDF<\/p>\n<p>\ud83d\udcccNaturaleza del protagonista<\/p>\n<p>Presentamos nuestra orgullosa colecci\u00f3n llamada &quot;Lamborghini Aventador SVJ Roadster&quot; que no debe perderse.<\/p>\n<p>El Aventador SVJ Roadster presenta una carrocer\u00eda liviana de fibra de carbono y est\u00e1 propulsado por un motor V12 de aspiraci\u00f3n natural de 6.5 litros que produce 759 caballos de fuerza y 531 libras-pie de torque. El autom\u00f3vil puede acelerar de 0 a 60 mph en solo 2.9 segundos y tiene una velocidad m\u00e1xima de 217 mph. Una de las caracter\u00edsticas clave del Aventador SVJ Roadster es su dise\u00f1o aerodin\u00e1mico, que incluye un gran aler\u00f3n trasero y aerodin\u00e1mica activa que se ajusta para mejorar el manejo y la estabilidad del autom\u00f3vil a altas velocidades. El autom\u00f3vil tambi\u00e9n cuenta con un sofisticado sistema de direcci\u00f3n en las cuatro ruedas que mejora su agilidad y capacidad para tomar curvas.<\/p><\/div>","protected":false},"excerpt":{"rendered":"<p>Marca: MOC Factory<br \/>\nG\u00e9nero: Unisex<br \/>\nRango de edad: &gt; 12 a\u00f1os<br \/>\nN\u00famero de modelo: 17698<br \/>\nClasificaci\u00f3n: Ensamblaje<br \/>\nForma de bloque de pl\u00e1stico: Ladrillos autoblocantes<br \/>\nMaterial: Pl\u00e1stico<br \/>\nTipo de pl\u00e1stico: ABS<br \/>\nLadrillos Bloques: 3562 +<br \/>\nOrganizar tiempo: 4-8 semanas<\/p>","protected":false},"featured_media":42667,"comment_status":"open","ping_status":"closed","template":"","meta":{"_acf_changed":false},"product_cat":[1360,1357,364],"product_tag":[7253,457,596,1527,389,11080],"class_list":["product","first","instock","shipping-taxable","purchasable","product-type-simple"],"acf":[],"_links":{"self":[{"href":"https:\/\/mouldking.store\/es\/wp-json\/wp\/v2\/product\/42672","targetHints":{"allow":["GET"]}}],"collection":[{"href":"https:\/\/mouldking.store\/es\/wp-json\/wp\/v2\/product"}],"about":[{"href":"https:\/\/mouldking.store\/es\/wp-json\/wp\/v2\/types\/product"}],"replies":[{"embeddable":true,"href":"https:\/\/mouldking.store\/es\/wp-json\/wp\/v2\/comments?post=42672"}],"wp:featuredmedia":[{"embeddable":true,"href":"https:\/\/mouldking.store\/es\/wp-json\/wp\/v2\/media\/42667"}],"wp:attachment":[{"href":"https:\/\/mouldking.store\/es\/wp-json\/wp\/v2\/media?parent=42672"}],"wp:term":[{"taxonomy":"product_cat","embeddable":true,"href":"https:\/\/mouldking.store\/es\/wp-json\/wp\/v2\/product_cat?post=42672"},{"taxonomy":"product_tag","embeddable":true,"href":"https:\/\/mouldking.store\/es\/wp-json\/wp\/v2\/product_tag?post=42672"}],"curies":[{"name":"wp","href":"https:\/\/api.w.org\/{rel}","templated":true}]}}