{"id":42682,"date":"2023-03-06T11:54:41","date_gmt":"2023-03-06T04:54:41","guid":{"rendered":"https:\/\/mouldking.store\/shop\/moc-factory-67589-sukhoi-su-25-frogfoot-with-900-pieces\/"},"modified":"2025-12-16T22:25:11","modified_gmt":"2025-12-16T15:25:11","slug":"moc-factory-67589-sukhoi-su-25-frogfoot-with-900-pieces","status":"publish","type":"product","link":"https:\/\/mouldking.store\/es\/shop\/moc-factory-67589-sukhoi-su-25-frogfoot-with-900-pieces\/","title":{"rendered":"MOC Factory 67589 Sukhoi Su-25 Frogfoot con 900 piezas"},"content":{"rendered":"<div>\u2705MOC-67589 Sukhoi Su-25 Pie de rana<\/p>\n<p>\u2705El Sukhoi Su-25 Frogfoot es un avi\u00f3n de ataque a tierra desarrollado por la Uni\u00f3n Sovi\u00e9tica en la d\u00e9cada de 1970. Fue dise\u00f1ado para proporcionar apoyo a\u00e9reo cercano a las fuerzas terrestres y para atacar armaduras, tropas y fortificaciones enemigas. El avi\u00f3n entr\u00f3 en servicio con la Fuerza A\u00e9rea Sovi\u00e9tica en 1981 y desde entonces ha sido ampliamente exportado a otros pa\u00edses.<\/p>\n<p>\ud83d\udeab \u00a1IMPORTANTE!<\/p>\n<p>Nombre del producto: Sukhoi Su-25 Frogfoot<\/p>\n<p>Categor\u00eda: Militar<\/p>\n<p>Este kit contiene: MOC-67589<\/p>\n<p>900 piezas de ladrillos de buena calidad<\/p>\n<p>Peso: 900g<\/p>\n<p>Instrucciones en PDF<\/p>\n<p>\ud83d\udcccNaturaleza del protagonista<\/p>\n<p>Presentamos nuestra orgullosa colecci\u00f3n llamada &quot;Sukhoi Su-25 Frogfoot&quot; que no debe perderse.<\/p>\n<p>El Su-25 es un avi\u00f3n a reacci\u00f3n bimotor con un ala recta y un distintivo morro tipo \u201cpico de pato\u201d que alberga las armas y los sistemas de sensores del avi\u00f3n. Est\u00e1 fuertemente blindado y puede soportar da\u00f1os de batalla significativos, lo que lo convierte en una opci\u00f3n popular para misiones de apoyo a\u00e9reo cercano. El Su-25 est\u00e1 armado con una variedad de armas, incluido un ca\u00f1\u00f3n de 30 mm, cohetes y bombas. Puede transportar hasta 8800 libras de municiones y puede atacar objetivos a distancias de hasta 6 millas. El Su-25 se ha utilizado en una serie de conflictos en todo el mundo, incluida la guerra afgana-sovi\u00e9tica, la guerra entre Ir\u00e1n e Irak y los conflictos en Chechenia y Ucrania. El avi\u00f3n ha sido elogiado por su durabilidad y eficacia en misiones de ataque a tierra y permanece en servicio con varias fuerzas a\u00e9reas de todo el mundo.<\/p><\/div>","protected":false},"excerpt":{"rendered":"<p>Marca: MOC Factory<br \/>\nG\u00e9nero: Unisex<br \/>\nRango de edad: &gt; 12 a\u00f1os<br \/>\nN\u00famero de modelo: 67589<br \/>\nClasificaci\u00f3n: Ensamblaje<br \/>\nForma de bloque de pl\u00e1stico: Ladrillos autoblocantes<br \/>\nMaterial: Pl\u00e1stico<br \/>\nTipo de pl\u00e1stico: ABS<br \/>\nLadrillos Bloques: 900 +<br \/>\nOrganizar tiempo: 4-8 semanas<\/p>","protected":false},"featured_media":42676,"comment_status":"open","ping_status":"closed","template":"","meta":{"_acf_changed":false},"product_cat":[1350,1357,372,364],"product_tag":[5271,374,389],"class_list":["product","first","instock","shipping-taxable","purchasable","product-type-simple"],"acf":[],"_links":{"self":[{"href":"https:\/\/mouldking.store\/es\/wp-json\/wp\/v2\/product\/42682","targetHints":{"allow":["GET"]}}],"collection":[{"href":"https:\/\/mouldking.store\/es\/wp-json\/wp\/v2\/product"}],"about":[{"href":"https:\/\/mouldking.store\/es\/wp-json\/wp\/v2\/types\/product"}],"replies":[{"embeddable":true,"href":"https:\/\/mouldking.store\/es\/wp-json\/wp\/v2\/comments?post=42682"}],"wp:featuredmedia":[{"embeddable":true,"href":"https:\/\/mouldking.store\/es\/wp-json\/wp\/v2\/media\/42676"}],"wp:attachment":[{"href":"https:\/\/mouldking.store\/es\/wp-json\/wp\/v2\/media?parent=42682"}],"wp:term":[{"taxonomy":"product_cat","embeddable":true,"href":"https:\/\/mouldking.store\/es\/wp-json\/wp\/v2\/product_cat?post=42682"},{"taxonomy":"product_tag","embeddable":true,"href":"https:\/\/mouldking.store\/es\/wp-json\/wp\/v2\/product_tag?post=42682"}],"curies":[{"name":"wp","href":"https:\/\/api.w.org\/{rel}","templated":true}]}}