{"id":42689,"date":"2023-03-06T12:05:15","date_gmt":"2023-03-06T05:05:15","guid":{"rendered":"https:\/\/mouldking.store\/shop\/moc-factory-60244-m1128-stryker-mgs-with-767-pieces\/"},"modified":"2025-12-16T22:25:11","modified_gmt":"2025-12-16T15:25:11","slug":"moc-factory-60244-m1128-stryker-mgs-with-767-pieces","status":"publish","type":"product","link":"https:\/\/mouldking.store\/es\/shop\/moc-factory-60244-m1128-stryker-mgs-with-767-pieces\/","title":{"rendered":"MOC Factory 60244 M1128 Stryker MGS con 767 piezas"},"content":{"rendered":"<div>\u2705 MOC-60244 M1128 Stryker MGS<\/p>\n<p>\u2705El M1128 Stryker Mobile Gun System (MGS) es un veh\u00edculo de ruedas con blindaje ligero dise\u00f1ado para un r\u00e1pido despliegue y combate en una variedad de entornos. Fue desarrollado por el Ej\u00e9rcito de los Estados Unidos a fines de la d\u00e9cada de 1990 y principios de la de 2000 como parte de la familia de veh\u00edculos Stryker.<\/p>\n<p>\ud83d\udeab \u00a1IMPORTANTE!<\/p>\n<p>Nombre del producto: M1128 Stryker MGS<\/p>\n<p>Categor\u00eda: Militar<\/p>\n<p>Este kit contiene: MOC-60244<\/p>\n<p>767 piezas de ladrillos de buena calidad<\/p>\n<p>Peso: 750g<\/p>\n<p>Instrucciones en PDF<\/p>\n<p>\ud83d\udcccNaturaleza del protagonista<\/p>\n<p>Presentamos nuestra orgullosa colecci\u00f3n llamada &quot;M1128 Stryker MGS&quot; que no debe perderse.<\/p>\n<p>El M1128 Stryker MGS est\u00e1 armado con un ca\u00f1\u00f3n de 105 mm, que es capaz de disparar una variedad de tipos de municiones, incluidas rondas de humo, perforantes y altamente explosivas. El ca\u00f1\u00f3n est\u00e1 montado en una torreta estabilizada que le permite atacar objetivos mientras est\u00e1 en movimiento, y el veh\u00edculo tambi\u00e9n incluye una ametralladora coaxial y una ametralladora a control remoto para potencia de fuego adicional. El M1128 Stryker MGS est\u00e1 construido sobre una versi\u00f3n modificada del chasis Stryker, que cuenta con ocho ruedas y suspensi\u00f3n independiente para mejorar la movilidad y el rendimiento todoterreno. El veh\u00edculo tambi\u00e9n est\u00e1 equipado con sistemas avanzados de comunicaci\u00f3n y navegaci\u00f3n, as\u00ed como blindaje reactivo y otras medidas de protecci\u00f3n contra el fuego enemigo.<\/p><\/div>","protected":false},"excerpt":{"rendered":"<p>Marca: MOC Factory<br \/>\nG\u00e9nero: Unisex<br \/>\nRango de edad: &gt; 12 a\u00f1os<br \/>\nN\u00famero de modelo: 60244<br \/>\nClasificaci\u00f3n: Ensamblaje<br \/>\nForma de bloque de pl\u00e1stico: Ladrillos autoblocantes<br \/>\nMaterial: Pl\u00e1stico<br \/>\nTipo de pl\u00e1stico: ABS<br \/>\nLadrillos Bloques: 767 +<br \/>\nOrganizar tiempo: 4-8 semanas<\/p>","protected":false},"featured_media":42683,"comment_status":"open","ping_status":"closed","template":"","meta":{"_acf_changed":false},"product_cat":[1350,1357,372,364],"product_tag":[11221,11496,11498,374,11497,389],"class_list":["product","first","instock","shipping-taxable","purchasable","product-type-simple"],"acf":[],"_links":{"self":[{"href":"https:\/\/mouldking.store\/es\/wp-json\/wp\/v2\/product\/42689","targetHints":{"allow":["GET"]}}],"collection":[{"href":"https:\/\/mouldking.store\/es\/wp-json\/wp\/v2\/product"}],"about":[{"href":"https:\/\/mouldking.store\/es\/wp-json\/wp\/v2\/types\/product"}],"replies":[{"embeddable":true,"href":"https:\/\/mouldking.store\/es\/wp-json\/wp\/v2\/comments?post=42689"}],"wp:featuredmedia":[{"embeddable":true,"href":"https:\/\/mouldking.store\/es\/wp-json\/wp\/v2\/media\/42683"}],"wp:attachment":[{"href":"https:\/\/mouldking.store\/es\/wp-json\/wp\/v2\/media?parent=42689"}],"wp:term":[{"taxonomy":"product_cat","embeddable":true,"href":"https:\/\/mouldking.store\/es\/wp-json\/wp\/v2\/product_cat?post=42689"},{"taxonomy":"product_tag","embeddable":true,"href":"https:\/\/mouldking.store\/es\/wp-json\/wp\/v2\/product_tag?post=42689"}],"curies":[{"name":"wp","href":"https:\/\/api.w.org\/{rel}","templated":true}]}}