{"id":42698,"date":"2023-03-06T12:25:06","date_gmt":"2023-03-06T05:25:06","guid":{"rendered":"https:\/\/mouldking.store\/shop\/moc-factory-138317-death-star-detention-block-diorama-with-2084-pieces\/"},"modified":"2025-12-16T22:25:11","modified_gmt":"2025-12-16T15:25:11","slug":"moc-factory-138317-death-star-detention-block-diorama-with-2084-pieces","status":"publish","type":"product","link":"https:\/\/mouldking.store\/es\/shop\/moc-factory-138317-death-star-detention-block-diorama-with-2084-pieces\/","title":{"rendered":"MOC Factory 138317 Death Star Detention Block Diorama con 2084 piezas"},"content":{"rendered":"<div>\u2705 MOC-138317 Bloque de detenci\u00f3n de la Estrella de la Muerte Diorama<\/p>\n<p>\u2705El diorama del bloque de detenci\u00f3n de la Estrella de la Muerte es un art\u00edculo coleccionable popular basado en la escena ic\u00f3nica de la pel\u00edcula de 1977 &quot;Star Wars: Episodio IV - Una nueva esperanza&quot;. En esta escena, los personajes Luke Skywalker, Han Solo y Chewbacca se infiltran en la estaci\u00f3n espacial Death Star en un intento de rescatar a la princesa Leia, que est\u00e1 cautiva en un bloque de detenci\u00f3n.<\/p>\n<p>\ud83d\udeab \u00a1IMPORTANTE!<\/p>\n<p>Nombre del producto: diorama del bloque de detenci\u00f3n de la estrella de la muerte<\/p>\n<p>Categor\u00eda: Guerra de las Galaxias<\/p>\n<p>Este kit contiene: MOC-138317<\/p>\n<p>2084 piezas de ladrillos de buena calidad<\/p>\n<p>Tama\u00f1o: Ancho 21 cm \/ largo 33 cm \/ alto 12 cm<\/p>\n<p>Instrucciones en PDF<\/p>\n<p>\ud83d\udcccNaturaleza del protagonista<\/p>\n<p>Presentamos nuestra orgullosa colecci\u00f3n llamada &quot;Death Star Detention Block Diorama&quot; que no debe perderse.<\/p>\n<p>El diorama generalmente incluye un modelo en miniatura detallado del \u00e1rea del bloque de detenci\u00f3n, completo con paredes, pisos y otras caracter\u00edsticas arquitect\u00f3nicas que se asemejan mucho al escenario de la pel\u00edcula. Tambi\u00e9n incluye figuras en miniatura de los personajes que intervienen en la escena, as\u00ed como otros accesorios como armas, paneles de control y otros detalles. El diorama del bloque de detenci\u00f3n de la Estrella de la Muerte es un art\u00edculo popular entre los coleccionistas de recuerdos de Star Wars, ya que permite a los fan\u00e1ticos recrear una de las escenas m\u00e1s memorables de la pel\u00edcula original. A menudo se vende como un art\u00edculo de edici\u00f3n limitada, con solo un cierto n\u00famero producido, lo que lo convierte en una pieza de mercanc\u00eda muy buscada y valiosa.<\/p><\/div>","protected":false},"excerpt":{"rendered":"<p>Marca: MOC Factory<br \/>\nG\u00e9nero: Unisex<br \/>\nRango de edad: &gt; 12 a\u00f1os<br \/>\nN\u00famero de modelo: 138317<br \/>\nClasificaci\u00f3n: Ensamblaje<br \/>\nForma de bloque de pl\u00e1stico: Ladrillos autoblocantes<br \/>\nMaterial: Pl\u00e1stico<br \/>\nTipo de pl\u00e1stico: ABS<br \/>\nLadrillos Bloques: 2084 +<br \/>\nOrganizar tiempo: 4-8 semanas<\/p>","protected":false},"author":83,"featured_media":42697,"comment_status":"open","ping_status":"closed","template":"","meta":{"_acf_changed":false},"product_cat":[1395,390,581,415,1408],"product_tag":[11500,8784,392,434,436],"class_list":["product","first","instock","shipping-taxable","purchasable","product-type-simple"],"acf":[],"_links":{"self":[{"href":"https:\/\/mouldking.store\/es\/wp-json\/wp\/v2\/product\/42698","targetHints":{"allow":["GET"]}}],"collection":[{"href":"https:\/\/mouldking.store\/es\/wp-json\/wp\/v2\/product"}],"about":[{"href":"https:\/\/mouldking.store\/es\/wp-json\/wp\/v2\/types\/product"}],"author":[{"embeddable":true,"href":"https:\/\/mouldking.store\/es\/wp-json\/wp\/v2\/users\/83"}],"replies":[{"embeddable":true,"href":"https:\/\/mouldking.store\/es\/wp-json\/wp\/v2\/comments?post=42698"}],"wp:featuredmedia":[{"embeddable":true,"href":"https:\/\/mouldking.store\/es\/wp-json\/wp\/v2\/media\/42697"}],"wp:attachment":[{"href":"https:\/\/mouldking.store\/es\/wp-json\/wp\/v2\/media?parent=42698"}],"wp:term":[{"taxonomy":"product_cat","embeddable":true,"href":"https:\/\/mouldking.store\/es\/wp-json\/wp\/v2\/product_cat?post=42698"},{"taxonomy":"product_tag","embeddable":true,"href":"https:\/\/mouldking.store\/es\/wp-json\/wp\/v2\/product_tag?post=42698"}],"curies":[{"name":"wp","href":"https:\/\/api.w.org\/{rel}","templated":true}]}}