{"id":42700,"date":"2023-03-06T12:38:16","date_gmt":"2023-03-06T05:38:16","guid":{"rendered":"https:\/\/mouldking.store\/shop\/jiestar-58008-twin-rotor-helicopter-with-705-pieces\/"},"modified":"2023-03-06T12:38:16","modified_gmt":"2023-03-06T05:38:16","slug":"jiestar-58008-twin-rotor-helicopter-with-705-pieces","status":"publish","type":"product","link":"https:\/\/mouldking.store\/es\/shop\/jiestar-58008-twin-rotor-helicopter-with-705-pieces\/","title":{"rendered":"Helic\u00f3ptero de doble rotor JIESTAR 58008 con 705 piezas"},"content":{"rendered":"<div>\u2705 Helic\u00f3ptero de doble rotor JIESTAR 58008<\/p>\n<p>\u2705Un helic\u00f3ptero de doble rotor es un tipo de helic\u00f3ptero que tiene dos palas de rotor principal en lugar del tradicional rotor principal y un rotor de cola. Los dos rotores giran en direcciones opuestas y est\u00e1n montados en el fuselaje principal del helic\u00f3ptero.<\/p><\/div>\n<div>\ud83d\udeab \u00a1IMPORTANTE!<\/p>\n<p>Nombre del producto: Helic\u00f3ptero de doble rotor<\/p>\n<p>Categor\u00eda: Militar<\/p>\n<p>Este kit contiene: JIESTAR 58008<\/p>\n<p>705 piezas de ladrillos de buena calidad<\/p>\n<p>Tama\u00f1o: 38 \u00d7 35,4 \u00d7 18,4 cm<\/p>\n<p>Instrucciones manuales<\/p>\n<p>\ud83d\udcccNaturaleza del protagonista<\/p>\n<p>Presentamos nuestra orgullosa colecci\u00f3n llamada &quot;Twin-Rotor Helicopter&quot; que no debe perderse.<\/p>\n<p>Una de las principales ventajas del dise\u00f1o de doble rotor es la mayor estabilidad y sustentaci\u00f3n. Los rotores pueden trabajar en t\u00e1ndem para proporcionar mayor elevaci\u00f3n y control, y las palas que giran en sentido contrario ayudan a cancelar el par que, de otro modo, har\u00eda que el helic\u00f3ptero girara en la direcci\u00f3n opuesta. El ejemplo m\u00e1s conocido de un helic\u00f3ptero de doble rotor es el Boeing CH-47 Chinook, que es ampliamente utilizado por militares de todo el mundo para una variedad de misiones de transporte y servicios p\u00fablicos. El dise\u00f1o de rotor doble del Chinook le permite transportar cargas \u00fatiles pesadas a largas distancias, y tambi\u00e9n es conocido por su capacidad para operar en una amplia gama de entornos y condiciones clim\u00e1ticas.<\/p><\/div>","protected":false},"excerpt":{"rendered":"<p>Marca: JIESTAR<br \/>\nG\u00e9nero: Unisex<br \/>\nRango de edad: &gt; 6 a\u00f1os<br \/>\nN\u00famero de modelo: 58008<br \/>\nClasificaci\u00f3n: Ensamblaje<br \/>\nForma de bloque de pl\u00e1stico: Ladrillos autoblocantes<br \/>\nMaterial: Pl\u00e1stico<br \/>\nTipo de pl\u00e1stico: ABS<br \/>\nLadrillos Bloques: 705 +<br \/>\nPreventa<\/p>","protected":false},"featured_media":42699,"comment_status":"open","ping_status":"closed","template":"","meta":{"_acf_changed":false},"product_cat":[1350,1357,372,364],"product_tag":[5298,374,389,11501],"class_list":["product","first","instock","shipping-taxable","purchasable","product-type-simple"],"acf":[],"_links":{"self":[{"href":"https:\/\/mouldking.store\/es\/wp-json\/wp\/v2\/product\/42700","targetHints":{"allow":["GET"]}}],"collection":[{"href":"https:\/\/mouldking.store\/es\/wp-json\/wp\/v2\/product"}],"about":[{"href":"https:\/\/mouldking.store\/es\/wp-json\/wp\/v2\/types\/product"}],"replies":[{"embeddable":true,"href":"https:\/\/mouldking.store\/es\/wp-json\/wp\/v2\/comments?post=42700"}],"wp:featuredmedia":[{"embeddable":true,"href":"https:\/\/mouldking.store\/es\/wp-json\/wp\/v2\/media\/42699"}],"wp:attachment":[{"href":"https:\/\/mouldking.store\/es\/wp-json\/wp\/v2\/media?parent=42700"}],"wp:term":[{"taxonomy":"product_cat","embeddable":true,"href":"https:\/\/mouldking.store\/es\/wp-json\/wp\/v2\/product_cat?post=42700"},{"taxonomy":"product_tag","embeddable":true,"href":"https:\/\/mouldking.store\/es\/wp-json\/wp\/v2\/product_tag?post=42700"}],"curies":[{"name":"wp","href":"https:\/\/api.w.org\/{rel}","templated":true}]}}