{"id":42715,"date":"2023-03-08T09:32:14","date_gmt":"2023-03-08T02:32:14","guid":{"rendered":"https:\/\/mouldking.store\/shop\/mj-13017-harry-potter-magic-train-with-929-pieces\/"},"modified":"2023-03-08T09:32:14","modified_gmt":"2023-03-08T02:32:14","slug":"mj-13017-harry-potter-magic-train-with-929-pieces","status":"publish","type":"product","link":"https:\/\/mouldking.store\/es\/shop\/mj-13017-harry-potter-magic-train-with-929-pieces\/","title":{"rendered":"MJ 13017 Harry Potter Tren M\u00e1gico con 929 Piezas"},"content":{"rendered":"<div>\u2705 MJI 13017 Tren m\u00e1gico de Harry Potter<br \/>&nbsp;<br \/>\u2705El Tren M\u00e1gico de Harry Potter, tambi\u00e9n conocido como el Expreso de Hogwarts, es una locomotora de vapor ficticia de la serie de novelas y pel\u00edculas de Harry Potter. El tren circula entre la estaci\u00f3n King&#039;s Cross de Londres y la estaci\u00f3n Hogsmeade, cerca del Colegio Hogwarts de Magia y Hechicer\u00eda.<br \/>&nbsp;<br \/>\ud83d\udeab \u00a1IMPORTANTE!&nbsp;<br \/>&nbsp;<br \/>Nombre del producto: tren m\u00e1gico de Harry Potter<br \/>&nbsp;<br \/>Categor\u00eda: Pel\u00edcula<br \/>&nbsp;<br \/>Este kit contiene: MJI 13017<br \/>&nbsp;<br \/>929 piezas de ladrillos de buena calidad&nbsp;<br \/>&nbsp;<br \/>Instrucciones manuales&nbsp;<br \/>&nbsp;<br \/>\ud83d\udcccNaturaleza del protagonista&nbsp;<br \/>&nbsp;<br \/>Presentamos nuestra orgullosa colecci\u00f3n llamada &quot;Harry Potter Magic Train&quot; que no debe perderse.&nbsp;<\/p>\n<p>En la historia, el Expreso de Hogwarts es utilizado por j\u00f3venes brujas y magos para viajar a Hogwarts al comienzo de cada a\u00f1o escolar. El viaje en tren es una parte importante del mundo m\u00e1gico de Harry Potter, ya que proporciona una manera para que los estudiantes lleguen a Hogwarts con estilo y comiencen su educaci\u00f3n m\u00e1gica.<\/p><\/div>","protected":false},"excerpt":{"rendered":"<p>Marca: MJ<br \/>\nG\u00e9nero: Unisex<br \/>\nRango de edad: &gt; 12 a\u00f1os<br \/>\nN\u00famero de modelo: 13017<br \/>\nClasificaci\u00f3n: Ensamblaje<br \/>\nForma de bloque de pl\u00e1stico: Ladrillos autoblocantes<br \/>\nMaterial: Pl\u00e1stico<br \/>\nTipo de pl\u00e1stico: ABS<br \/>\nLadrillos Bloques: 929 +<br \/>\nSin caja original<\/p>","protected":false},"featured_media":42712,"comment_status":"open","ping_status":"closed","template":"","meta":{"_acf_changed":false},"product_cat":[1365,1357,371,581,364,1408],"product_tag":[11072,8452,5724,8858,434,389,300],"class_list":["product","first","instock","shipping-taxable","purchasable","product-type-simple"],"acf":[],"_links":{"self":[{"href":"https:\/\/mouldking.store\/es\/wp-json\/wp\/v2\/product\/42715","targetHints":{"allow":["GET"]}}],"collection":[{"href":"https:\/\/mouldking.store\/es\/wp-json\/wp\/v2\/product"}],"about":[{"href":"https:\/\/mouldking.store\/es\/wp-json\/wp\/v2\/types\/product"}],"replies":[{"embeddable":true,"href":"https:\/\/mouldking.store\/es\/wp-json\/wp\/v2\/comments?post=42715"}],"wp:featuredmedia":[{"embeddable":true,"href":"https:\/\/mouldking.store\/es\/wp-json\/wp\/v2\/media\/42712"}],"wp:attachment":[{"href":"https:\/\/mouldking.store\/es\/wp-json\/wp\/v2\/media?parent=42715"}],"wp:term":[{"taxonomy":"product_cat","embeddable":true,"href":"https:\/\/mouldking.store\/es\/wp-json\/wp\/v2\/product_cat?post=42715"},{"taxonomy":"product_tag","embeddable":true,"href":"https:\/\/mouldking.store\/es\/wp-json\/wp\/v2\/product_tag?post=42715"}],"curies":[{"name":"wp","href":"https:\/\/api.w.org\/{rel}","templated":true}]}}