{"id":42814,"date":"2023-03-13T12:22:45","date_gmt":"2023-03-13T05:22:45","guid":{"rendered":"https:\/\/mouldking.store\/shop\/dk-7023-aquarium-ocean-jellyfish-ecological-tank-with-725-pieces\/"},"modified":"2023-03-13T12:22:45","modified_gmt":"2023-03-13T05:22:45","slug":"dk-7023-aquarium-ocean-jellyfish-ecological-tank-with-725-pieces","status":"publish","type":"product","link":"https:\/\/mouldking.store\/es\/shop\/dk-7023-aquarium-ocean-jellyfish-ecological-tank-with-725-pieces\/","title":{"rendered":"Acuario DK 7023: Tanque Ecol\u00f3gico Ocean Jellyfish con 725 Piezas"},"content":{"rendered":"<div>\u2705 Acuario DK 7023: Acuario Ecol\u00f3gico Medusas Oce\u00e1nicas<br \/>&nbsp;<br \/>\u2705Un acuario: Ocean Jellyfish Ecological Tank es un tipo de acuario dise\u00f1ado espec\u00edficamente para albergar medusas. A diferencia de los acuarios tradicionales, estos tanques suelen tener forma cil\u00edndrica o esf\u00e9rica y no tienen esquinas ni bordes para evitar que las medusas se atasquen o se lesionen.<br \/>&nbsp;<br \/>\ud83d\udeab \u00a1IMPORTANTE!&nbsp;<br \/>&nbsp;<br \/>Nombre del producto: Acuario: tanque ecol\u00f3gico de medusas oce\u00e1nicas<br \/>&nbsp;<br \/>Categor\u00eda: Creador&nbsp;<br \/>&nbsp;<br \/>Este kit contiene: DK 7023<br \/>&nbsp;<br \/>725 piezas de ladrillos de buena calidad&nbsp;<br \/>&nbsp;<br \/>Tama\u00f1o: 23,6 \u00d7 14,8 cm&nbsp;<br \/>&nbsp;<br \/>Instrucciones manuales&nbsp;<br \/>&nbsp;<br \/>\ud83d\udcccNaturaleza del protagonista&nbsp;<br \/>&nbsp;<br \/>Presentamos nuestra orgullosa colecci\u00f3n llamada &quot;Acuario: tanque ecol\u00f3gico de medusas oce\u00e1nicas&quot; que no debe perderse.&nbsp;<br \/>&nbsp;<br \/>En t\u00e9rminos de ecolog\u00eda, estos tanques a menudo est\u00e1n dise\u00f1ados para ser ecosistemas autosuficientes, con bacterias naturales y otros organismos que descomponen los desechos y mantienen un equilibrio saludable de nutrientes y niveles de ox\u00edgeno. Esto ayuda a crear un ambiente saludable y estable para que las medusas prosperen.<\/div>","protected":false},"excerpt":{"rendered":"<p>Marca: DK<br \/>\nG\u00e9nero: Unisex<br \/>\nRango de edad: &gt; 8 a\u00f1os<br \/>\nN\u00famero de modelo: 7023<br \/>\nClasificaci\u00f3n: Ensamblaje<br \/>\nForma de bloque de pl\u00e1stico: Ladrillos autoblocantes<br \/>\nMaterial: Pl\u00e1stico<br \/>\nTipo de pl\u00e1stico: ABS<br \/>\nLadrillos Bloques: 725 +<br \/>\nSin caja original<\/p>","protected":false},"featured_media":42810,"comment_status":"open","ping_status":"closed","template":"","meta":{"_acf_changed":false},"product_cat":[1365,371],"product_tag":[11513,3043,11512,11072,8452,7907,11511,6469,485],"class_list":["product","first","instock","shipping-taxable","purchasable","product-type-simple"],"acf":[],"_links":{"self":[{"href":"https:\/\/mouldking.store\/es\/wp-json\/wp\/v2\/product\/42814","targetHints":{"allow":["GET"]}}],"collection":[{"href":"https:\/\/mouldking.store\/es\/wp-json\/wp\/v2\/product"}],"about":[{"href":"https:\/\/mouldking.store\/es\/wp-json\/wp\/v2\/types\/product"}],"replies":[{"embeddable":true,"href":"https:\/\/mouldking.store\/es\/wp-json\/wp\/v2\/comments?post=42814"}],"wp:featuredmedia":[{"embeddable":true,"href":"https:\/\/mouldking.store\/es\/wp-json\/wp\/v2\/media\/42810"}],"wp:attachment":[{"href":"https:\/\/mouldking.store\/es\/wp-json\/wp\/v2\/media?parent=42814"}],"wp:term":[{"taxonomy":"product_cat","embeddable":true,"href":"https:\/\/mouldking.store\/es\/wp-json\/wp\/v2\/product_cat?post=42814"},{"taxonomy":"product_tag","embeddable":true,"href":"https:\/\/mouldking.store\/es\/wp-json\/wp\/v2\/product_tag?post=42814"}],"curies":[{"name":"wp","href":"https:\/\/api.w.org\/{rel}","templated":true}]}}