{"id":42832,"date":"2023-03-15T09:40:37","date_gmt":"2023-03-15T02:40:37","guid":{"rendered":"https:\/\/mouldking.store\/shop\/custom-kk6892-bugatti-chiron-sports-car-with-3619-pieces\/"},"modified":"2023-03-15T09:40:37","modified_gmt":"2023-03-15T02:40:37","slug":"custom-kk6892-bugatti-chiron-sports-car-with-3619-pieces","status":"publish","type":"product","link":"https:\/\/mouldking.store\/es\/shop\/custom-kk6892-bugatti-chiron-sports-car-with-3619-pieces\/","title":{"rendered":"Coche deportivo personalizado KK6892 Bugatti Chiron con 3619 piezas"},"content":{"rendered":"<div>\u2705 Coche deportivo personalizado KK6892 Bugatti Chiron<br \/>&nbsp;<br \/>\u2705El Bugatti Chiron es un hipercoche dise\u00f1ado y fabricado por Bugatti Automobiles SAS, un fabricante franc\u00e9s de autom\u00f3viles de lujo de alto rendimiento. El Chiron se present\u00f3 por primera vez en 2016 como sucesor del Bugatti Veyron. El Chiron fue dise\u00f1ado para ser el autom\u00f3vil de producci\u00f3n m\u00e1s r\u00e1pido y potente del mundo, y cuenta con un motor W16 de 8.0 litros con cuatro turbocargadores que produce 1,479 caballos de fuerza y 1,180 libras-pie de torque.<br \/>&nbsp;<br \/>\ud83d\udeab \u00a1IMPORTANTE!&nbsp;<br \/>&nbsp;<br \/>Nombre del producto: Coche deportivo Bugatti Chiron<br \/>&nbsp;<br \/>Categor\u00eda: T\u00e9cnica<br \/>&nbsp;<br \/>Este kit contiene: KK6892 personalizado<br \/>&nbsp;<br \/>3619 piezas de ladrillos de buena calidad&nbsp;<\/p>\n<p>Tama\u00f1o: 57 x 37,7 x 14,8 cm<\/p>\n<p>Peso 6 kilos<br \/>&nbsp;<br \/>Instrucciones manuales&nbsp;<br \/>&nbsp;<br \/>\ud83d\udcccNaturaleza del protagonista&nbsp;<br \/>&nbsp;<br \/>Presentamos nuestra orgullosa colecci\u00f3n llamada &quot;Bugatti Chiron Sports Car&quot; que no debe perderse.&nbsp;<br \/>&nbsp;<br \/>En 2018, Bugatti present\u00f3 el Chiron Sport, que es una versi\u00f3n del Chiron m\u00e1s centrada en la pista. El Chiron Sport presenta una serie de mejoras con respecto al Chiron est\u00e1ndar, incluida una reducci\u00f3n de peso de 18 kg (40 lb), configuraciones de suspensi\u00f3n m\u00e1s firmes y un diferencial trasero revisado. El Chiron Sport tambi\u00e9n cuenta con un nuevo sistema de escape que es m\u00e1s liviano y tiene menos contrapresi\u00f3n que el Chiron est\u00e1ndar, lo que permite un mejor rendimiento.<\/div>","protected":false},"excerpt":{"rendered":"<p>Marca: Personalizado<br \/>\nG\u00e9nero: Unisex<br \/>\nRango de edad: &gt; 16 a\u00f1os<br \/>\nN\u00famero de modelo: KK6892<br \/>\nClasificaci\u00f3n: Ensamblaje<br \/>\nForma de bloque de pl\u00e1stico: Ladrillos autoblocantes<br \/>\nMaterial: Pl\u00e1stico<br \/>\nTipo de pl\u00e1stico: ABS<br \/>\nLadrillos Bloques: 3619 +<br \/>\nSin caja original<\/p>","protected":false},"featured_media":42828,"comment_status":"open","ping_status":"closed","template":"","meta":{"_acf_changed":false},"product_cat":[1360,1357,364],"product_tag":[1730,457,9214,11150,11515,389,11080],"class_list":["product","first","instock","shipping-taxable","purchasable","product-type-simple"],"acf":[],"_links":{"self":[{"href":"https:\/\/mouldking.store\/es\/wp-json\/wp\/v2\/product\/42832","targetHints":{"allow":["GET"]}}],"collection":[{"href":"https:\/\/mouldking.store\/es\/wp-json\/wp\/v2\/product"}],"about":[{"href":"https:\/\/mouldking.store\/es\/wp-json\/wp\/v2\/types\/product"}],"replies":[{"embeddable":true,"href":"https:\/\/mouldking.store\/es\/wp-json\/wp\/v2\/comments?post=42832"}],"wp:featuredmedia":[{"embeddable":true,"href":"https:\/\/mouldking.store\/es\/wp-json\/wp\/v2\/media\/42828"}],"wp:attachment":[{"href":"https:\/\/mouldking.store\/es\/wp-json\/wp\/v2\/media?parent=42832"}],"wp:term":[{"taxonomy":"product_cat","embeddable":true,"href":"https:\/\/mouldking.store\/es\/wp-json\/wp\/v2\/product_cat?post=42832"},{"taxonomy":"product_tag","embeddable":true,"href":"https:\/\/mouldking.store\/es\/wp-json\/wp\/v2\/product_tag?post=42832"}],"curies":[{"name":"wp","href":"https:\/\/api.w.org\/{rel}","templated":true}]}}