{"id":42850,"date":"2023-03-15T10:08:08","date_gmt":"2023-03-15T03:08:08","guid":{"rendered":"https:\/\/mouldking.store\/shop\/panlosbrick-628011-viic-u-552-submarine-world-war-ii-german-submarine-force-u-boat-with-6112-pieces\/"},"modified":"2025-10-30T11:40:55","modified_gmt":"2025-10-30T04:40:55","slug":"panlosbrick-628011-viic-u-552-submarine-world-war-ii-german-submarine-force-u-boat-with-6112-pieces","status":"publish","type":"product","link":"https:\/\/mouldking.store\/es\/shop\/panlosbrick-628011-viic-u-552-submarine-world-war-ii-german-submarine-force-u-boat-with-6112-pieces\/","title":{"rendered":"PANLOSBRICK 628011 VIIC U-552 Submarino Segunda Guerra Mundial Submarino alem\u00e1n Force U-boat con 6112 piezas"},"content":{"rendered":"<div>\u2705 Panlos 628011 VIIC U-552 Submarino Segunda Guerra Mundial Fuerza Submarina Alemana U-boat<br \/>&nbsp;<br \/>\u2705VIIC U-552 era un submarino tipo VIIC, que era una clase de submarino alem\u00e1n utilizada durante la Segunda Guerra Mundial. El U-552 se bot\u00f3 el 14 de diciembre de 1939 y sirvi\u00f3 en la Kriegsmarine, la armada alemana, durante la guerra.<br \/>&nbsp;<br \/>\ud83d\udeab \u00a1IMPORTANTE!&nbsp;<br \/>&nbsp;<br \/>Nombre del producto: Submarino VIIC U-552 Submarino alem\u00e1n de la Segunda Guerra Mundial Submarino<br \/>&nbsp;<br \/>Categor\u00eda: Militar&nbsp;<br \/>&nbsp;<br \/>Este Kit Contiene: Panlos 628011<br \/>&nbsp;<br \/>6112 piezas de ladrillos de buena calidad&nbsp;<br \/>&nbsp;<br \/>Tama\u00f1o: 120 \u00d7 13 \u00d7 29 cm<br \/>&nbsp;<br \/>Instrucciones manuales&nbsp;<br \/>&nbsp;<br \/>\ud83d\udcccNaturaleza del protagonista&nbsp;<br \/>&nbsp;<br \/>Presentamos nuestra orgullosa colecci\u00f3n llamada &quot;VIIC U-552 Submarine World War II German Submarine Force U-boat&quot; que no debe perderse.&nbsp;<br \/>&nbsp;<br \/>El submarino VIIC fue el caballo de batalla de la flota submarina alemana durante la Segunda Guerra Mundial, con 568 barcos de este tipo construidos. El U-552 ten\u00eda una longitud de aproximadamente 67 metros (220 pies), una tripulaci\u00f3n de unos 44 marineros y estaba armado con una variedad de torpedos y ca\u00f1ones. El U-552 tuvo una serie de logros notables durante la guerra, incluido el hundimiento de 30 barcos aliados, un total de m\u00e1s de 160.000 toneladas de env\u00edo y da\u00f1os a otros cuatro. El submarino tambi\u00e9n particip\u00f3 en varias batallas famosas, incluida la Batalla del Atl\u00e1ntico y el hundimiento del portaaviones brit\u00e1nico HMS Ark Royal.<\/div>","protected":false},"excerpt":{"rendered":"<p>Marca: PANLOSBRICK<br \/>\nG\u00e9nero: Unisex<br \/>\nRango de edad: &gt; 6 a\u00f1os<br \/>\nN\u00famero de modelo: 628011<br \/>\nClasificaci\u00f3n: Ensamblaje<br \/>\nForma de bloque de pl\u00e1stico: Ladrillos autoblocantes<br \/>\nMaterial: Pl\u00e1stico<br \/>\nTipo de pl\u00e1stico: ABS<br \/>\nLadrillos Bloques: 6112 +<br \/>\nSin caja original<\/p>","protected":false},"featured_media":42845,"comment_status":"open","ping_status":"closed","template":"","meta":{"_acf_changed":false},"product_cat":[1350,1357,372,364],"product_tag":[374,11252,389,11518,11517],"class_list":["product","first","instock","shipping-taxable","purchasable","product-type-simple"],"acf":[],"_links":{"self":[{"href":"https:\/\/mouldking.store\/es\/wp-json\/wp\/v2\/product\/42850","targetHints":{"allow":["GET"]}}],"collection":[{"href":"https:\/\/mouldking.store\/es\/wp-json\/wp\/v2\/product"}],"about":[{"href":"https:\/\/mouldking.store\/es\/wp-json\/wp\/v2\/types\/product"}],"replies":[{"embeddable":true,"href":"https:\/\/mouldking.store\/es\/wp-json\/wp\/v2\/comments?post=42850"}],"wp:featuredmedia":[{"embeddable":true,"href":"https:\/\/mouldking.store\/es\/wp-json\/wp\/v2\/media\/42845"}],"wp:attachment":[{"href":"https:\/\/mouldking.store\/es\/wp-json\/wp\/v2\/media?parent=42850"}],"wp:term":[{"taxonomy":"product_cat","embeddable":true,"href":"https:\/\/mouldking.store\/es\/wp-json\/wp\/v2\/product_cat?post=42850"},{"taxonomy":"product_tag","embeddable":true,"href":"https:\/\/mouldking.store\/es\/wp-json\/wp\/v2\/product_tag?post=42850"}],"curies":[{"name":"wp","href":"https:\/\/api.w.org\/{rel}","templated":true}]}}