{"id":42852,"date":"2023-03-15T10:14:47","date_gmt":"2023-03-15T03:14:47","guid":{"rendered":"https:\/\/mouldking.store\/shop\/mould-king-21066-laat-1-gunboat-with-8039-pieces\/"},"modified":"2023-03-15T10:14:47","modified_gmt":"2023-03-15T03:14:47","slug":"mould-king-21066-laat-1-gunboat-with-8039-pieces","status":"publish","type":"product","link":"https:\/\/mouldking.store\/es\/shop\/mould-king-21066-laat-1-gunboat-with-8039-pieces\/","title":{"rendered":"MOLD KING 21066 LAAT-1 GunBoat con 8039 Piezas"},"content":{"rendered":"<div>\u2705Ca\u00f1onera Mould King 21066 LAAT-1<br \/>&nbsp;<br \/>\u2705El LAAT-1 Gunship (Low Altitude Assault Transport\/infantry Gunship) es un veh\u00edculo ficticio de la franquicia Star Wars. Es una ca\u00f1onera militar utilizada por la Rep\u00fablica Gal\u00e1ctica durante las Guerras Clon.<br \/>&nbsp;<br \/>\ud83d\udeab \u00a1IMPORTANTE!&nbsp;<br \/>&nbsp;<br \/>Nombre del producto: Ca\u00f1onera LAAT-1<br \/>&nbsp;<br \/>Categor\u00eda: Guerra de las Galaxias<br \/>&nbsp;<br \/>Este kit contiene: Mold King 21066<br \/>&nbsp;<br \/>8039 piezas de ladrillos de buena calidad&nbsp;<br \/>&nbsp;<br \/>Tama\u00f1o: 84,3 \u00d7 38,6 \u00d7 93,3 cm<br \/>&nbsp;<br \/>Instrucciones manuales&nbsp;<br \/>&nbsp;<br \/>\ud83d\udcccNaturaleza del protagonista&nbsp;<br \/>&nbsp;<br \/>Presentamos nuestra orgullosa colecci\u00f3n llamada &quot;LAAT-1 GunBoat&quot; que no debe perderse.&nbsp;<br \/>&nbsp;<br \/>El LAAT-1 es un helic\u00f3ptero de combate fuertemente armado y blindado que puede transportar tropas y equipos a la batalla. Es capaz de despegar y aterrizar verticalmente y puede flotar en el lugar durante largos per\u00edodos de tiempo. Est\u00e1 armado con una variedad de armas, incluidos ca\u00f1ones l\u00e1ser, lanzamisiles y una torreta montada en la barbilla. En las pel\u00edculas de Star Wars y otros medios, la Rep\u00fablica usa la ca\u00f1onera LAAT-1 para transportar soldados clon y Caballeros Jedi a la batalla. Aparece de manera destacada en la Batalla de Geonosis en Star Wars Episodio II: El Ataque de los Clones, y tambi\u00e9n se ve en otras batallas a lo largo de las Guerras Clon.<\/div>","protected":false},"excerpt":{"rendered":"<p>Marca: MOLD KING<br \/>\nG\u00e9nero: Unisex<br \/>\nRango de edad: &gt; 14 a\u00f1os<br \/>\nN\u00famero de modelo: 21066<br \/>\nClasificaci\u00f3n: Ensamblaje<br \/>\nForma de bloque de pl\u00e1stico: Ladrillos autoblocantes<br \/>\nMaterial: Pl\u00e1stico<br \/>\nTipo de pl\u00e1stico: ABS<br \/>\nLadrillos Bloques: 8039 +<br \/>\nSin caja original<\/p>","protected":false},"featured_media":42851,"comment_status":"open","ping_status":"closed","template":"","meta":{"_acf_changed":false},"product_cat":[1350,1357,372,581,6016,415,364,1408],"product_tag":[11520,11519,374,434,3443,2276,436,389],"class_list":["product","first","instock","shipping-taxable","purchasable","product-type-simple"],"acf":[],"_links":{"self":[{"href":"https:\/\/mouldking.store\/es\/wp-json\/wp\/v2\/product\/42852","targetHints":{"allow":["GET"]}}],"collection":[{"href":"https:\/\/mouldking.store\/es\/wp-json\/wp\/v2\/product"}],"about":[{"href":"https:\/\/mouldking.store\/es\/wp-json\/wp\/v2\/types\/product"}],"replies":[{"embeddable":true,"href":"https:\/\/mouldking.store\/es\/wp-json\/wp\/v2\/comments?post=42852"}],"wp:featuredmedia":[{"embeddable":true,"href":"https:\/\/mouldking.store\/es\/wp-json\/wp\/v2\/media\/42851"}],"wp:attachment":[{"href":"https:\/\/mouldking.store\/es\/wp-json\/wp\/v2\/media?parent=42852"}],"wp:term":[{"taxonomy":"product_cat","embeddable":true,"href":"https:\/\/mouldking.store\/es\/wp-json\/wp\/v2\/product_cat?post=42852"},{"taxonomy":"product_tag","embeddable":true,"href":"https:\/\/mouldking.store\/es\/wp-json\/wp\/v2\/product_tag?post=42852"}],"curies":[{"name":"wp","href":"https:\/\/api.w.org\/{rel}","templated":true}]}}