{"id":42859,"date":"2023-03-15T10:25:23","date_gmt":"2023-03-15T03:25:23","guid":{"rendered":"https:\/\/mouldking.store\/shop\/mould-king-12023-world-railway-obb-1189-08-electric-locomotive-with-919-pieces\/"},"modified":"2023-03-15T10:25:23","modified_gmt":"2023-03-15T03:25:23","slug":"mould-king-12023-world-railway-obb-1189-08-electric-locomotive-with-919-pieces","status":"publish","type":"product","link":"https:\/\/mouldking.store\/es\/shop\/mould-king-12023-world-railway-obb-1189-08-electric-locomotive-with-919-pieces\/","title":{"rendered":"MOLD KING 12023 World Railway: OBB 1189.08 Locomotora el\u00e9ctrica con 919 Piezas"},"content":{"rendered":"<div>\u2705 Mould King 12023 World Railway: OBB 1189.08 Electric Locomotive<br \/>&nbsp;<br \/>\u2705The \u00d6BB 1189.08 is an electric locomotive used by the Austrian Federal Railways (\u00d6BB) for freight and passenger transport. It was built by the German company Siemens and introduced in 2005 as part of the Eurosprinter family of locomotives.<br \/>&nbsp;<br \/>\ud83d\udeab \u00a1IMPORTANTE!&nbsp;<br \/>&nbsp;<br \/>Product Name: World Railway: OBB 1189.08 Electric Locomotive<br \/>&nbsp;<br \/>Categor\u00eda: T\u00e9cnica<br \/>&nbsp;<br \/>This Kit Contains: Mould King 12023<br \/>&nbsp;<br \/>919 piezas de ladrillos de buena calidad&nbsp;<br \/>&nbsp;<br \/>Tama\u00f1o: 48 \u00d7 5,9 \u00d7 13,9 cm<br \/>&nbsp;<br \/>Instrucciones manuales&nbsp;<br \/>&nbsp;<br \/>\ud83d\udcccNaturaleza del protagonista&nbsp;<br \/>&nbsp;<br \/>Introducing our proud collection named \u201cWorld Railway: OBB 1189.08 Electric Locomotive\u201d you should not miss.&nbsp;<br \/>&nbsp;<br \/>The \u00d6BB 1189.08 is a four-axle locomotive with a maximum power output of 6400 kW, and a top speed of 200 km\/h (124 mph). It is equipped with regenerative braking technology, which allows it to recover and store energy during braking to improve efficiency and reduce wear on the brakes. The locomotive is designed to operate on both AC and DC power, and can be used on a variety of railway lines throughout Europe. It is equipped with advanced safety systems, including automatic train protection and a driver advisory system, to ensure safe and efficient operation.<\/div>","protected":false},"excerpt":{"rendered":"<p>Marca: MOLD KING<br \/>\nG\u00e9nero: Unisex<br \/>\nRango de edad: &gt; 8 a\u00f1os<br \/>\nN\u00famero de modelo: 12023<br \/>\nClasificaci\u00f3n: Ensamblaje<br \/>\nForma de bloque de pl\u00e1stico: Ladrillos autoblocantes<br \/>\nMaterial: Pl\u00e1stico<br \/>\nTipo de pl\u00e1stico: ABS<br \/>\nLadrillos Bloques: 919 +<br \/>\nSin caja original<\/p>","protected":false},"featured_media":42853,"comment_status":"open","ping_status":"closed","template":"","meta":{"_acf_changed":false},"product_cat":[1357,364],"product_tag":[9981,2635,11521,11250,389,11080,300],"class_list":["product","first","instock","shipping-taxable","purchasable","product-type-simple"],"acf":[],"_links":{"self":[{"href":"https:\/\/mouldking.store\/es\/wp-json\/wp\/v2\/product\/42859","targetHints":{"allow":["GET"]}}],"collection":[{"href":"https:\/\/mouldking.store\/es\/wp-json\/wp\/v2\/product"}],"about":[{"href":"https:\/\/mouldking.store\/es\/wp-json\/wp\/v2\/types\/product"}],"replies":[{"embeddable":true,"href":"https:\/\/mouldking.store\/es\/wp-json\/wp\/v2\/comments?post=42859"}],"wp:featuredmedia":[{"embeddable":true,"href":"https:\/\/mouldking.store\/es\/wp-json\/wp\/v2\/media\/42853"}],"wp:attachment":[{"href":"https:\/\/mouldking.store\/es\/wp-json\/wp\/v2\/media?parent=42859"}],"wp:term":[{"taxonomy":"product_cat","embeddable":true,"href":"https:\/\/mouldking.store\/es\/wp-json\/wp\/v2\/product_cat?post=42859"},{"taxonomy":"product_tag","embeddable":true,"href":"https:\/\/mouldking.store\/es\/wp-json\/wp\/v2\/product_tag?post=42859"}],"curies":[{"name":"wp","href":"https:\/\/api.w.org\/{rel}","templated":true}]}}