{"id":42866,"date":"2023-03-15T10:30:55","date_gmt":"2023-03-15T03:30:55","guid":{"rendered":"https:\/\/mouldking.store\/shop\/mould-king-12021-world-railway-crh380a-high-speed-train-with-1211-pieces\/"},"modified":"2023-03-15T10:30:55","modified_gmt":"2023-03-15T03:30:55","slug":"mould-king-12021-world-railway-crh380a-high-speed-train-with-1211-pieces","status":"publish","type":"product","link":"https:\/\/mouldking.store\/es\/shop\/mould-king-12021-world-railway-crh380a-high-speed-train-with-1211-pieces\/","title":{"rendered":"MOLD KING 12021 World Railway CRH380A Tren de alta velocidad con 1211 piezas"},"content":{"rendered":"<div>\u2705 Mold King 12021 World Railway CRH380A Tren de alta velocidad<br \/>&nbsp;<br \/>\u2705El CRH380A es un tren de alta velocidad que opera en China. Es parte de la familia de trenes China Railway High-speed (CRH), que incluye una gama de modelos de trenes bala y de alta velocidad utilizados para el transporte de pasajeros en China.<br \/>&nbsp;<br \/>\ud83d\udeab \u00a1IMPORTANTE!&nbsp;<br \/>&nbsp;<br \/>Nombre del producto: Tren de alta velocidad World Railway CRH380A<br \/>&nbsp;<br \/>Categor\u00eda: T\u00e9cnica<br \/>&nbsp;<br \/>Este kit contiene: Mold King 12021&nbsp;<br \/>&nbsp;<br \/>1211 piezas de ladrillos de buena calidad&nbsp;<br \/>&nbsp;<br \/>Tama\u00f1o: 56,2 \u00d7 13,7 \u00d7 6,1 cm<br \/>&nbsp;<br \/>Instrucciones manuales&nbsp;<br \/>&nbsp;<br \/>\ud83d\udcccNaturaleza del protagonista&nbsp;<br \/>&nbsp;<br \/>Presentamos nuestra orgullosa colecci\u00f3n llamada &quot;World Railway CRH380A High-speed Train&quot; que no debe perderse.&nbsp;<br \/>&nbsp;<br \/>El CRH380A fue dise\u00f1ado y construido por la empresa china CSR Qingdao Sifang Locomotive &amp; Rolling Stock Co. Ltd, y se introdujo por primera vez en 2010. Tiene una velocidad m\u00e1xima de 380 km\/h (236 mph) y actualmente es el tren m\u00e1s r\u00e1pido en funcionamiento. en China. El tren es propulsado por tracci\u00f3n el\u00e9ctrica y tiene una potencia m\u00e1xima de 22.800 kW. Est\u00e1 dise\u00f1ado tanto para la comodidad como para la seguridad de los pasajeros, con caracter\u00edsticas como suspensi\u00f3n neum\u00e1tica, tecnolog\u00eda de reducci\u00f3n de ruido y sistemas de seguridad avanzados.<\/div>","protected":false},"excerpt":{"rendered":"<p>Marca: MOLD KING<br \/>\nG\u00e9nero: Unisex<br \/>\nRango de edad: &gt; 8 a\u00f1os<br \/>\nN\u00famero de modelo: 12021<br \/>\nClasificaci\u00f3n: Ensamblaje<br \/>\nForma de bloque de pl\u00e1stico: Ladrillos autoblocantes<br \/>\nMaterial: Pl\u00e1stico<br \/>\nTipo de pl\u00e1stico: ABS<br \/>\nLadrillos Bloques: 1211 +<br \/>\nSin caja original<\/p>","protected":false},"featured_media":42860,"comment_status":"open","ping_status":"closed","template":"","meta":{"_acf_changed":false},"product_cat":[1357,364],"product_tag":[11522,9303,11250,389,11080,300],"class_list":["product","first","instock","shipping-taxable","purchasable","product-type-simple"],"acf":[],"_links":{"self":[{"href":"https:\/\/mouldking.store\/es\/wp-json\/wp\/v2\/product\/42866","targetHints":{"allow":["GET"]}}],"collection":[{"href":"https:\/\/mouldking.store\/es\/wp-json\/wp\/v2\/product"}],"about":[{"href":"https:\/\/mouldking.store\/es\/wp-json\/wp\/v2\/types\/product"}],"replies":[{"embeddable":true,"href":"https:\/\/mouldking.store\/es\/wp-json\/wp\/v2\/comments?post=42866"}],"wp:featuredmedia":[{"embeddable":true,"href":"https:\/\/mouldking.store\/es\/wp-json\/wp\/v2\/media\/42860"}],"wp:attachment":[{"href":"https:\/\/mouldking.store\/es\/wp-json\/wp\/v2\/media?parent=42866"}],"wp:term":[{"taxonomy":"product_cat","embeddable":true,"href":"https:\/\/mouldking.store\/es\/wp-json\/wp\/v2\/product_cat?post=42866"},{"taxonomy":"product_tag","embeddable":true,"href":"https:\/\/mouldking.store\/es\/wp-json\/wp\/v2\/product_tag?post=42866"}],"curies":[{"name":"wp","href":"https:\/\/api.w.org\/{rel}","templated":true}]}}