{"id":42873,"date":"2023-03-15T10:38:56","date_gmt":"2023-03-15T03:38:56","guid":{"rendered":"https:\/\/mouldking.store\/shop\/mould-king-12022-world-railway-df4b-diesel-locomotive-train-with-1212-pieces\/"},"modified":"2023-03-15T10:38:56","modified_gmt":"2023-03-15T03:38:56","slug":"mould-king-12022-world-railway-df4b-diesel-locomotive-train-with-1212-pieces","status":"publish","type":"product","link":"https:\/\/mouldking.store\/es\/shop\/mould-king-12022-world-railway-df4b-diesel-locomotive-train-with-1212-pieces\/","title":{"rendered":"MOLD KING 12022 World Railway DF4B Locomotora di\u00e9sel con 1212 piezas"},"content":{"rendered":"<div>\u2705 Mould King 12022 World Railway DF4B Diesel Locomotive Train<\/p>\n<p>\u2705The DF4B is a diesel locomotive used by the Chinese railway system. It was introduced in 1982 by the Dalian Locomotive and Rolling Stock Works in China and has been widely used for both passenger and freight transport across the country.<br \/>&nbsp;<br \/>\ud83d\udeab \u00a1IMPORTANTE!&nbsp;<br \/>&nbsp;<br \/>Product Name: World Railway DF4B Diesel Locomotive Train<br \/>&nbsp;<br \/>Categor\u00eda: T\u00e9cnica<br \/>&nbsp;<br \/>This Kit Contains: Mould King 12022<br \/>&nbsp;<br \/>1212 piezas de ladrillos de buena calidad&nbsp;<br \/>&nbsp;<br \/>Tama\u00f1o: 51,5 \u00d7 6,1 \u00d7 10,5 cm<br \/>&nbsp;<br \/>Instrucciones manuales&nbsp;<br \/>&nbsp;<br \/>\ud83d\udcccNaturaleza del protagonista&nbsp;<br \/>&nbsp;<br \/>Introducing our proud collection named \u201cWorld Railway DF4B Diesel Locomotive Train\u201d you should not miss.&nbsp;<br \/>&nbsp;<br \/>The DF4B locomotive has a four-axle configuration and is powered by a diesel engine with a maximum power output of 2,970 kW. It is capable of reaching speeds of up to 120 km\/h (75 mph) and can be used on a variety of railway lines throughout China. The locomotive is known for its reliability and durability, and has been in continuous production for over 30 years. It is equipped with advanced safety systems, including automatic train control and a dead man&#8217;s switch, to ensure safe operation.<\/div>","protected":false},"excerpt":{"rendered":"<p>Marca: MOLD KING<br \/>\nG\u00e9nero: Unisex<br \/>\nRango de edad: &gt; 8 a\u00f1os<br \/>\nN\u00famero de modelo: 12022<br \/>\nClasificaci\u00f3n: Ensamblaje<br \/>\nForma de bloque de pl\u00e1stico: Ladrillos autoblocantes<br \/>\nMaterial: Pl\u00e1stico<br \/>\nTipo de pl\u00e1stico: ABS<br \/>\nLadrillos Bloques: 1212 +<br \/>\nOrganizar tiempo: 4-8 semanas<\/p>","protected":false},"featured_media":42867,"comment_status":"open","ping_status":"closed","template":"","meta":{"_acf_changed":false},"product_cat":[1357,364],"product_tag":[11523,11524,11250,389,11080,300],"class_list":["product","first","instock","shipping-taxable","purchasable","product-type-simple"],"acf":[],"_links":{"self":[{"href":"https:\/\/mouldking.store\/es\/wp-json\/wp\/v2\/product\/42873","targetHints":{"allow":["GET"]}}],"collection":[{"href":"https:\/\/mouldking.store\/es\/wp-json\/wp\/v2\/product"}],"about":[{"href":"https:\/\/mouldking.store\/es\/wp-json\/wp\/v2\/types\/product"}],"replies":[{"embeddable":true,"href":"https:\/\/mouldking.store\/es\/wp-json\/wp\/v2\/comments?post=42873"}],"wp:featuredmedia":[{"embeddable":true,"href":"https:\/\/mouldking.store\/es\/wp-json\/wp\/v2\/media\/42867"}],"wp:attachment":[{"href":"https:\/\/mouldking.store\/es\/wp-json\/wp\/v2\/media?parent=42873"}],"wp:term":[{"taxonomy":"product_cat","embeddable":true,"href":"https:\/\/mouldking.store\/es\/wp-json\/wp\/v2\/product_cat?post=42873"},{"taxonomy":"product_tag","embeddable":true,"href":"https:\/\/mouldking.store\/es\/wp-json\/wp\/v2\/product_tag?post=42873"}],"curies":[{"name":"wp","href":"https:\/\/api.w.org\/{rel}","templated":true}]}}