{"id":42880,"date":"2023-03-15T11:20:43","date_gmt":"2023-03-15T04:20:43","guid":{"rendered":"https:\/\/mouldking.store\/shop\/moc-factory-49271-lumber-car-carriage-with-1287-pieces\/"},"modified":"2025-12-16T22:25:10","modified_gmt":"2025-12-16T15:25:10","slug":"moc-factory-49271-lumber-car-carriage-with-1287-pieces","status":"publish","type":"product","link":"https:\/\/mouldking.store\/es\/shop\/moc-factory-49271-lumber-car-carriage-with-1287-pieces\/","title":{"rendered":"MOC Factory 49271 Carruaje de madera con 1287 piezas"},"content":{"rendered":"<div>\u2705 MOC-49271 Vag\u00f3n de madera<\/p>\n<p>\u2705Un vag\u00f3n de madera, tambi\u00e9n conocido como vag\u00f3n plataforma, es un tipo de vag\u00f3n de carga ferroviario que se utiliza para transportar madera y otros objetos grandes y pesados. Est\u00e1 dise\u00f1ado con una plataforma abierta y plana que permite una f\u00e1cil carga y descarga de carga y, a menudo, se usa para transportar mercanc\u00edas que no se pueden acomodar en furgones est\u00e1ndar cerrados.<\/p>\n<p>\ud83d\udeab \u00a1IMPORTANTE!<\/p>\n<p>Nombre del producto: Carruaje de madera<\/p>\n<p>Categor\u00eda: T\u00e9cnica<\/p>\n<p>Este kit contiene: MOC-49271&nbsp;<\/p>\n<p>1287 piezas de ladrillos de buena calidad<\/p>\n<p>Peso: 1000g<\/p>\n<p>Instrucciones en PDF<\/p>\n<p>\ud83d\udcccNaturaleza del protagonista<\/p>\n<p>Presentamos nuestra orgullosa colecci\u00f3n llamada &quot;Lumber Car Carriage&quot; que no debe perderse.<\/p>\n<p>Los vagones de madera suelen tener bolsillos para estacas y puntos de amarre a lo largo de los lados de la plataforma para asegurar la carga durante el transporte. Algunos vagones de madera tambi\u00e9n pueden estar equipados con lados removibles, lo que les permite usarse para transportar otros tipos de carga cuando no transportan madera. Los carros madereros vienen en una variedad de tama\u00f1os y capacidades de peso, seg\u00fan las necesidades de la carga que se transporta. Se utilizan com\u00fanmente en la industria de productos forestales para transportar troncos, madera aserrada y otros productos de madera, as\u00ed como en otras industrias para transportar maquinaria pesada, tuber\u00edas grandes y otros objetos de gran tama\u00f1o.<\/p><\/div>","protected":false},"excerpt":{"rendered":"<p>Marca: MOC Factory<br \/>\nG\u00e9nero: Unisex<br \/>\nRango de edad: &gt; 12 a\u00f1os<br \/>\nN\u00famero de modelo: 49271<br \/>\nClasificaci\u00f3n: Ensamblaje<br \/>\nForma de bloque de pl\u00e1stico: Ladrillos autoblocantes<br \/>\nMaterial: Pl\u00e1stico<br \/>\nTipo de pl\u00e1stico: ABS<br \/>\nLadrillos Bloques: 1287 +<br \/>\nOrganizar tiempo: 4-8 semanas<\/p>","protected":false},"featured_media":42874,"comment_status":"open","ping_status":"closed","template":"","meta":{"_acf_changed":false},"product_cat":[1360,1357,364],"product_tag":[457,991,11525,389,11080],"class_list":["product","first","instock","shipping-taxable","purchasable","product-type-simple"],"acf":[],"_links":{"self":[{"href":"https:\/\/mouldking.store\/es\/wp-json\/wp\/v2\/product\/42880","targetHints":{"allow":["GET"]}}],"collection":[{"href":"https:\/\/mouldking.store\/es\/wp-json\/wp\/v2\/product"}],"about":[{"href":"https:\/\/mouldking.store\/es\/wp-json\/wp\/v2\/types\/product"}],"replies":[{"embeddable":true,"href":"https:\/\/mouldking.store\/es\/wp-json\/wp\/v2\/comments?post=42880"}],"wp:featuredmedia":[{"embeddable":true,"href":"https:\/\/mouldking.store\/es\/wp-json\/wp\/v2\/media\/42874"}],"wp:attachment":[{"href":"https:\/\/mouldking.store\/es\/wp-json\/wp\/v2\/media?parent=42880"}],"wp:term":[{"taxonomy":"product_cat","embeddable":true,"href":"https:\/\/mouldking.store\/es\/wp-json\/wp\/v2\/product_cat?post=42880"},{"taxonomy":"product_tag","embeddable":true,"href":"https:\/\/mouldking.store\/es\/wp-json\/wp\/v2\/product_tag?post=42880"}],"curies":[{"name":"wp","href":"https:\/\/api.w.org\/{rel}","templated":true}]}}