{"id":42887,"date":"2023-03-15T11:26:50","date_gmt":"2023-03-15T04:26:50","guid":{"rendered":"https:\/\/mouldking.store\/shop\/moc-factory-115454-jemhadar-battlecruiser-with-542-pieces\/"},"modified":"2025-12-16T22:25:10","modified_gmt":"2025-12-16T15:25:10","slug":"moc-factory-115454-jemhadar-battlecruiser-with-542-pieces","status":"publish","type":"product","link":"https:\/\/mouldking.store\/es\/shop\/moc-factory-115454-jemhadar-battlecruiser-with-542-pieces\/","title":{"rendered":"MOC Factory 115454 Jem&#039;Hadar Battlecruiser con 542 piezas"},"content":{"rendered":"<div>\u2705 MOC-115454 Crucero de batalla Jem&#039;Hadar<\/p>\n<p>\u2705El Jem&#039;Hadar Battlecruiser es una nave estelar ficticia que aparece en la serie de televisi\u00f3n de ciencia ficci\u00f3n Star Trek: Deep Space Nine. Es una nave de guerra utilizada por Jem&#039;Hadar, una raza dise\u00f1ada gen\u00e9ticamente criada para la guerra por el Dominio, un poderoso imperio interestelar.<\/p>\n<p>\ud83d\udeab \u00a1IMPORTANTE!<\/p>\n<p>Nombre del producto: crucero de batalla Jem&#039;Hadar<\/p>\n<p>Categor\u00eda: Espacio<\/p>\n<p>Este kit contiene: MOC-115454<\/p>\n<p>542 piezas de ladrillos de buena calidad<\/p>\n<p>Peso: 500g<\/p>\n<p>Instrucciones en PDF<\/p>\n<p>\ud83d\udcccNaturaleza del protagonista<\/p>\n<p>Presentamos nuestra orgullosa colecci\u00f3n llamada &quot;Jem&#039;Hadar Battlecruiser&quot; que no debe perderse.<\/p>\n<p>El crucero de batalla Jem&#039;Hadar es una nave estelar fuertemente armada y blindada, equipada con potentes conjuntos de fases y torpedos de fotones. Tambi\u00e9n est\u00e1 equipado con tecnolog\u00eda de blindaje avanzada y un dispositivo de camuflaje, que le permite operar sigilosamente en territorio enemigo. El barco est\u00e1 tripulado por soldados Jem&#039;Hadar, que est\u00e1n altamente entrenados y son ferozmente leales al Dominio. El crucero de batalla Jem&#039;Hadar se usa a menudo para reconocimiento y ataques sorpresa a naves enemigas, y ha sido un oponente formidable para la Federaci\u00f3n y otras potencias en el universo de Star Trek.<\/p><\/div>","protected":false},"excerpt":{"rendered":"<p>Marca: MOC Factory<br \/>\nG\u00e9nero: Unisex<br \/>\nRango de edad: &gt; 12 a\u00f1os<br \/>\nN\u00famero de modelo: 115454<br \/>\nClasificaci\u00f3n: Ensamblaje<br \/>\nForma de bloque de pl\u00e1stico: Ladrillos autoblocantes<br \/>\nMaterial: Pl\u00e1stico<br \/>\nTipo de pl\u00e1stico: ABS<br \/>\nLadrillos Bloques: 542 +<br \/>\nOrganizar tiempo: 4-8 semanas<\/p>","protected":false},"featured_media":42881,"comment_status":"open","ping_status":"closed","template":"","meta":{"_acf_changed":false},"product_cat":[1357,6016,364],"product_tag":[11526,2276,11433,389],"class_list":["product","first","instock","shipping-taxable","purchasable","product-type-simple"],"acf":[],"_links":{"self":[{"href":"https:\/\/mouldking.store\/es\/wp-json\/wp\/v2\/product\/42887","targetHints":{"allow":["GET"]}}],"collection":[{"href":"https:\/\/mouldking.store\/es\/wp-json\/wp\/v2\/product"}],"about":[{"href":"https:\/\/mouldking.store\/es\/wp-json\/wp\/v2\/types\/product"}],"replies":[{"embeddable":true,"href":"https:\/\/mouldking.store\/es\/wp-json\/wp\/v2\/comments?post=42887"}],"wp:featuredmedia":[{"embeddable":true,"href":"https:\/\/mouldking.store\/es\/wp-json\/wp\/v2\/media\/42881"}],"wp:attachment":[{"href":"https:\/\/mouldking.store\/es\/wp-json\/wp\/v2\/media?parent=42887"}],"wp:term":[{"taxonomy":"product_cat","embeddable":true,"href":"https:\/\/mouldking.store\/es\/wp-json\/wp\/v2\/product_cat?post=42887"},{"taxonomy":"product_tag","embeddable":true,"href":"https:\/\/mouldking.store\/es\/wp-json\/wp\/v2\/product_tag?post=42887"}],"curies":[{"name":"wp","href":"https:\/\/api.w.org\/{rel}","templated":true}]}}