{"id":42900,"date":"2023-03-15T11:52:20","date_gmt":"2023-03-15T04:52:20","guid":{"rendered":"https:\/\/mouldking.store\/shop\/moc-factory-132661-black-falcons-fortress-classic-castle-with-6710-pieces\/"},"modified":"2025-12-16T22:25:10","modified_gmt":"2025-12-16T15:25:10","slug":"moc-factory-132661-black-falcons-fortress-classic-castle-with-6710-pieces","status":"publish","type":"product","link":"https:\/\/mouldking.store\/es\/shop\/moc-factory-132661-black-falcons-fortress-classic-castle-with-6710-pieces\/","title":{"rendered":"MOC Factory 132661 Black Falcon&#039;s Fortress - Castillo cl\u00e1sico con 6710 piezas"},"content":{"rendered":"<div>\u2705 MOC-132661 Fortaleza del Halc\u00f3n Negro \u2013 Castillo cl\u00e1sico<\/p>\n<p>\u2705Black Falcon&#039;s Fortress es un conjunto de ladrillos de Classic Castle que se lanz\u00f3 por primera vez en 2023. Es parte de la facci\u00f3n Black Falcons, que es una de las facciones ficticias en el tema Classic Castle.<\/p>\n<p>\ud83d\udeab \u00a1IMPORTANTE!<\/p>\n<p>Nombre del producto: Black Falcon&#039;s Fortress - Classic Castle<\/p>\n<p>Categor\u00eda: Edificio Modular<\/p>\n<p>Este kit contiene: MOC-132661&nbsp;<\/p>\n<p>6710 piezas de ladrillos de buena calidad<\/p>\n<p>Tama\u00f1o: 53,34x53,34x45,72 cm<\/p>\n<p>Peso: 5800g<\/p>\n<p>Instrucciones en PDF<\/p>\n<p>\ud83d\udcccNaturaleza del protagonista<\/p>\n<p>Presentamos nuestra orgullosa colecci\u00f3n llamada &quot;Black Falcon&#039;s Fortress - Classic Castle&quot; que no debe perderse.<\/p>\n<p>El conjunto incluye una gran estructura de fortaleza con un puente levadizo, una puerta de entrada, torres y un torre\u00f3n central. Tambi\u00e9n viene con varios caballeros Black Falcons, algunos arqueros y algunos accesorios como armas y escudos. Black Falcon&#039;s Fortress fue uno de los escenarios m\u00e1s grandes e impresionantes del tema Classic Castle, y sigue siendo un escenario popular y buscado entre los coleccionistas de ladrillos y los fan\u00e1ticos del tema. Fue notable por su tama\u00f1o, nivel de detalle y jugabilidad, y ayud\u00f3 a establecer a los Black Falcons como una de las facciones m\u00e1s emblem\u00e1ticas de la l\u00ednea Classic Castle.<\/p><\/div>","protected":false},"excerpt":{"rendered":"<p>Marca: MOC Factory<br \/>\nG\u00e9nero: Unisex<br \/>\nRango de edad: &gt; 12 a\u00f1os<br \/>\nN\u00famero de modelo: 132661<br \/>\nClasificaci\u00f3n: Ensamblaje<br \/>\nForma de bloque de pl\u00e1stico: Ladrillos autoblocantes<br \/>\nMaterial: Pl\u00e1stico<br \/>\nTipo de pl\u00e1stico: ABS<br \/>\nLadrillos Bloques: 6710 +<br \/>\nOrganizar tiempo: 4-8 semanas<\/p>","protected":false},"featured_media":42895,"comment_status":"open","ping_status":"closed","template":"","meta":{"_acf_changed":false},"product_cat":[1365,1395,390],"product_tag":[11462,787,11528,8452,5349,8659,11099,392],"class_list":["product","first","instock","shipping-taxable","purchasable","product-type-simple"],"acf":[],"_links":{"self":[{"href":"https:\/\/mouldking.store\/es\/wp-json\/wp\/v2\/product\/42900","targetHints":{"allow":["GET"]}}],"collection":[{"href":"https:\/\/mouldking.store\/es\/wp-json\/wp\/v2\/product"}],"about":[{"href":"https:\/\/mouldking.store\/es\/wp-json\/wp\/v2\/types\/product"}],"replies":[{"embeddable":true,"href":"https:\/\/mouldking.store\/es\/wp-json\/wp\/v2\/comments?post=42900"}],"wp:featuredmedia":[{"embeddable":true,"href":"https:\/\/mouldking.store\/es\/wp-json\/wp\/v2\/media\/42895"}],"wp:attachment":[{"href":"https:\/\/mouldking.store\/es\/wp-json\/wp\/v2\/media?parent=42900"}],"wp:term":[{"taxonomy":"product_cat","embeddable":true,"href":"https:\/\/mouldking.store\/es\/wp-json\/wp\/v2\/product_cat?post=42900"},{"taxonomy":"product_tag","embeddable":true,"href":"https:\/\/mouldking.store\/es\/wp-json\/wp\/v2\/product_tag?post=42900"}],"curies":[{"name":"wp","href":"https:\/\/api.w.org\/{rel}","templated":true}]}}