{"id":42935,"date":"2023-03-15T12:41:33","date_gmt":"2023-03-15T05:41:33","guid":{"rendered":"https:\/\/mouldking.store\/shop\/moc-factory-41988-eurofighter-typhoon-with-1108-pieces\/"},"modified":"2025-12-16T22:25:10","modified_gmt":"2025-12-16T15:25:10","slug":"moc-factory-41988-eurofighter-typhoon-with-1108-pieces","status":"publish","type":"product","link":"https:\/\/mouldking.store\/es\/shop\/moc-factory-41988-eurofighter-typhoon-with-1108-pieces\/","title":{"rendered":"MOC Factory 41988 Eurofighter Typhoon con 1108 piezas"},"content":{"rendered":"<div>\u2705 MOC-41988 Eurofighter Tif\u00f3n<\/p>\n<p>\u2705Eurofighter Typhoon es un avi\u00f3n de combate polivalente bimotor dise\u00f1ado y construido por un consorcio de empresas aeroespaciales europeas, incluidas Airbus, BAE Systems y Leonardo. El avi\u00f3n es utilizado por varios pa\u00edses europeos, incluidos el Reino Unido, Alemania, Espa\u00f1a e Italia, as\u00ed como por Arabia Saudita y Om\u00e1n.<\/p>\n<p>\ud83d\udeab \u00a1IMPORTANTE!<\/p>\n<p>Nombre del producto: Eurofighter tif\u00f3n<\/p>\n<p>Categor\u00eda: Militar<\/p>\n<p>Este kit contiene: MOC-41988<\/p>\n<p>1108 piezas de ladrillos de buena calidad<\/p>\n<p>Peso: 1100g<\/p>\n<p>Instrucciones en PDF<\/p>\n<p>\ud83d\udcccNaturaleza del protagonista<\/p>\n<p>Presentamos nuestra orgullosa colecci\u00f3n llamada &quot;Eurofighter Typhoon&quot; que no debe perderse.<\/p>\n<p>El Eurofighter Typhoon fue dise\u00f1ado para ser un avi\u00f3n altamente maniobrable, \u00e1gil y vers\u00e1til capaz de realizar una amplia gama de misiones, incluido el combate aire-aire, el ataque aire-tierra y el reconocimiento. Est\u00e1 equipado con sistemas avanzados de avi\u00f3nica y armas, incluido un sofisticado sistema de radar, sistemas de misiles y equipos de guerra electr\u00f3nica. El Eurofighter Typhoon ha estado involucrado en varias operaciones militares, incluidas las operaciones de la OTAN en Libia y la misi\u00f3n Baltic Air Policing. Se considera uno de los aviones de combate m\u00e1s avanzados y capaces del mundo, y a menudo se lo compara con otros aviones de combate modernos como el F-22 Raptor y el F-35 Lightning II.<\/p><\/div>","protected":false},"excerpt":{"rendered":"<p>Marca: MOC Factory<br \/>\nG\u00e9nero: Unisex<br \/>\nRango de edad: &gt; 12 a\u00f1os<br \/>\nN\u00famero de modelo: 41988<br \/>\nClasificaci\u00f3n: Ensamblaje<br \/>\nForma de bloque de pl\u00e1stico: Ladrillos autoblocantes<br \/>\nMaterial: Pl\u00e1stico<br \/>\nTipo de pl\u00e1stico: ABS<br \/>\nLadrillos Bloques: 1108 +<br \/>\nOrganizar tiempo: 4-8 semanas<\/p>","protected":false},"featured_media":42930,"comment_status":"open","ping_status":"closed","template":"","meta":{"_acf_changed":false},"product_cat":[1350,1357,372,364],"product_tag":[11534,11533,374,389,11535],"class_list":["product","first","instock","shipping-taxable","purchasable","product-type-simple"],"acf":[],"_links":{"self":[{"href":"https:\/\/mouldking.store\/es\/wp-json\/wp\/v2\/product\/42935","targetHints":{"allow":["GET"]}}],"collection":[{"href":"https:\/\/mouldking.store\/es\/wp-json\/wp\/v2\/product"}],"about":[{"href":"https:\/\/mouldking.store\/es\/wp-json\/wp\/v2\/types\/product"}],"replies":[{"embeddable":true,"href":"https:\/\/mouldking.store\/es\/wp-json\/wp\/v2\/comments?post=42935"}],"wp:featuredmedia":[{"embeddable":true,"href":"https:\/\/mouldking.store\/es\/wp-json\/wp\/v2\/media\/42930"}],"wp:attachment":[{"href":"https:\/\/mouldking.store\/es\/wp-json\/wp\/v2\/media?parent=42935"}],"wp:term":[{"taxonomy":"product_cat","embeddable":true,"href":"https:\/\/mouldking.store\/es\/wp-json\/wp\/v2\/product_cat?post=42935"},{"taxonomy":"product_tag","embeddable":true,"href":"https:\/\/mouldking.store\/es\/wp-json\/wp\/v2\/product_tag?post=42935"}],"curies":[{"name":"wp","href":"https:\/\/api.w.org\/{rel}","templated":true}]}}