{"id":42941,"date":"2023-03-15T13:15:56","date_gmt":"2023-03-15T06:15:56","guid":{"rendered":"https:\/\/mouldking.store\/shop\/moc-factory-37497-boeing-mh-47-g-special-ops-chinook-with-1758-pieces\/"},"modified":"2025-12-16T22:25:10","modified_gmt":"2025-12-16T15:25:10","slug":"moc-factory-37497-boeing-mh-47-g-special-ops-chinook-with-1758-pieces","status":"publish","type":"product","link":"https:\/\/mouldking.store\/es\/shop\/moc-factory-37497-boeing-mh-47-g-special-ops-chinook-with-1758-pieces\/","title":{"rendered":"MOC Factory 37497 Boeing MH-47 G Special Ops Chinook con 1758 piezas"},"content":{"rendered":"<div>\u2705 MOC-37497 Boeing MH-47 G Operaciones Especiales Chinook<\/p>\n<p>\u2705El Boeing MH-47 G Special Ops Chinook es una variante del helic\u00f3ptero Chinook que ha sido especialmente modificado para su uso por fuerzas de operaciones especiales. El MH-47 G es utilizado principalmente por el 160\u00ba Regimiento de Aviaci\u00f3n de Operaciones Especiales del Ej\u00e9rcito de los Estados Unidos, tambi\u00e9n conocido como &quot;Night Stalkers&quot;.<\/p>\n<p>\ud83d\udeab \u00a1IMPORTANTE!<\/p>\n<p>Nombre del producto: Boeing MH-47 G Special Ops Chinook<\/p>\n<p>Categor\u00eda: Militar<\/p>\n<p>Este kit contiene: MOC-37497<\/p>\n<p>1758 piezas de ladrillos de buena calidad<\/p>\n<p>Peso: 1700g<\/p>\n<p>Instrucciones en PDF<\/p>\n<p>\ud83d\udcccNaturaleza del protagonista<\/p>\n<p>Presentamos nuestra orgullosa colecci\u00f3n llamada &quot;Boeing MH-47 G Special Ops Chinook&quot; que no debe perderse.<\/p>\n<p>El MH-47 G est\u00e1 dise\u00f1ado para proporcionar capacidades de transporte avanzadas a las fuerzas de operaciones especiales, lo que les permite mover personal y equipos de forma r\u00e1pida y sigilosa dentro y fuera de entornos hostiles. El helic\u00f3ptero est\u00e1 equipado con sistemas avanzados de avi\u00f3nica y armamento, as\u00ed como un sistema de reabastecimiento de combustible especializado que le permite realizar misiones de largo alcance sin necesidad de reabastecimiento de combustible adicional.<\/p><\/div>","protected":false},"excerpt":{"rendered":"<p>Marca: MOC Factory<br \/>\nG\u00e9nero: Unisex<br \/>\nRango de edad: &gt; 12 a\u00f1os<br \/>\nN\u00famero de modelo: 37497<br \/>\nClasificaci\u00f3n: Ensamblaje<br \/>\nForma de bloque de pl\u00e1stico: Ladrillos autoblocantes<br \/>\nMaterial: Pl\u00e1stico<br \/>\nTipo de pl\u00e1stico: ABS<br \/>\nLadrillos Bloques: 1758 +<br \/>\nOrganizar tiempo: 4-8 semanas<\/p>","protected":false},"featured_media":42936,"comment_status":"open","ping_status":"closed","template":"","meta":{"_acf_changed":false},"product_cat":[1350,1357,372,364],"product_tag":[3191,11537,11536,374,11327,389],"class_list":["product","first","instock","shipping-taxable","purchasable","product-type-simple"],"acf":[],"_links":{"self":[{"href":"https:\/\/mouldking.store\/es\/wp-json\/wp\/v2\/product\/42941","targetHints":{"allow":["GET"]}}],"collection":[{"href":"https:\/\/mouldking.store\/es\/wp-json\/wp\/v2\/product"}],"about":[{"href":"https:\/\/mouldking.store\/es\/wp-json\/wp\/v2\/types\/product"}],"replies":[{"embeddable":true,"href":"https:\/\/mouldking.store\/es\/wp-json\/wp\/v2\/comments?post=42941"}],"wp:featuredmedia":[{"embeddable":true,"href":"https:\/\/mouldking.store\/es\/wp-json\/wp\/v2\/media\/42936"}],"wp:attachment":[{"href":"https:\/\/mouldking.store\/es\/wp-json\/wp\/v2\/media?parent=42941"}],"wp:term":[{"taxonomy":"product_cat","embeddable":true,"href":"https:\/\/mouldking.store\/es\/wp-json\/wp\/v2\/product_cat?post=42941"},{"taxonomy":"product_tag","embeddable":true,"href":"https:\/\/mouldking.store\/es\/wp-json\/wp\/v2\/product_tag?post=42941"}],"curies":[{"name":"wp","href":"https:\/\/api.w.org\/{rel}","templated":true}]}}