{"id":42947,"date":"2023-03-15T13:22:43","date_gmt":"2023-03-15T06:22:43","guid":{"rendered":"https:\/\/mouldking.store\/shop\/moc-factory-36720-sukhoi-su-35-flanker-with-1659-pieces\/"},"modified":"2025-12-16T22:25:10","modified_gmt":"2025-12-16T15:25:10","slug":"moc-factory-36720-sukhoi-su-35-flanker-with-1659-pieces","status":"publish","type":"product","link":"https:\/\/mouldking.store\/es\/shop\/moc-factory-36720-sukhoi-su-35-flanker-with-1659-pieces\/","title":{"rendered":"MOC Factory 36720 Sukhoi SU-35 Flanker con 1659 piezas"},"content":{"rendered":"<div>\u2705 MOC-36720 Sukhoi SU-35 Flanqueador<\/p>\n<p>\u2705El Sukhoi SU-35 Flanker es un avi\u00f3n de combate polivalente bimotor dise\u00f1ado y producido por la empresa aeroespacial rusa Sukhoi. Es una variante avanzada del avi\u00f3n de combate SU-27 Flanker y est\u00e1 dise\u00f1ado para ser altamente maniobrable y capaz de realizar una amplia gama de misiones.<\/p>\n<p>\ud83d\udeab \u00a1IMPORTANTE!<\/p>\n<p>Nombre del producto: Sukhoi SU-35 Flanker<\/p>\n<p>Categor\u00eda: Militar<\/p>\n<p>Este kit contiene: MOC-36720<\/p>\n<p>1659 piezas de ladrillos de buena calidad<\/p>\n<p>Peso: 1600g<\/p>\n<p>Instrucciones en PDF<\/p>\n<p>\ud83d\udcccNaturaleza del protagonista<\/p>\n<p>Presentamos nuestra orgullosa colecci\u00f3n llamada &quot;Sukhoi SU-35 Flanker&quot; que no debe perderse.<\/p>\n<p>El SU-35 Flanker est\u00e1 equipado con sistemas avanzados de avi\u00f3nica y armas, incluido un sofisticado sistema de radar, sistemas de misiles y equipos de guerra electr\u00f3nica. Es capaz de realizar misiones de combate aire-aire, ataque aire-tierra y reconocimiento, y ha sido utilizado por la Fuerza A\u00e9rea Rusa en varias operaciones militares.<\/p><\/div>","protected":false},"excerpt":{"rendered":"<p>Marca: MOC Factory<br \/>\nG\u00e9nero: Unisex<br \/>\nRango de edad: &gt; 12 a\u00f1os<br \/>\nN\u00famero de modelo: 36720<br \/>\nClasificaci\u00f3n: Ensamblaje<br \/>\nForma de bloque de pl\u00e1stico: Ladrillos autoblocantes<br \/>\nMaterial: Pl\u00e1stico<br \/>\nTipo de pl\u00e1stico: ABS<br \/>\nLadrillos Bloques: 1659 +<br \/>\nOrganizar tiempo: 4-8 semanas<\/p>","protected":false},"featured_media":42942,"comment_status":"open","ping_status":"closed","template":"","meta":{"_acf_changed":false},"product_cat":[1350,1357,372,364],"product_tag":[5271,374,389],"class_list":["product","first","instock","shipping-taxable","purchasable","product-type-simple"],"acf":[],"_links":{"self":[{"href":"https:\/\/mouldking.store\/es\/wp-json\/wp\/v2\/product\/42947","targetHints":{"allow":["GET"]}}],"collection":[{"href":"https:\/\/mouldking.store\/es\/wp-json\/wp\/v2\/product"}],"about":[{"href":"https:\/\/mouldking.store\/es\/wp-json\/wp\/v2\/types\/product"}],"replies":[{"embeddable":true,"href":"https:\/\/mouldking.store\/es\/wp-json\/wp\/v2\/comments?post=42947"}],"wp:featuredmedia":[{"embeddable":true,"href":"https:\/\/mouldking.store\/es\/wp-json\/wp\/v2\/media\/42942"}],"wp:attachment":[{"href":"https:\/\/mouldking.store\/es\/wp-json\/wp\/v2\/media?parent=42947"}],"wp:term":[{"taxonomy":"product_cat","embeddable":true,"href":"https:\/\/mouldking.store\/es\/wp-json\/wp\/v2\/product_cat?post=42947"},{"taxonomy":"product_tag","embeddable":true,"href":"https:\/\/mouldking.store\/es\/wp-json\/wp\/v2\/product_tag?post=42947"}],"curies":[{"name":"wp","href":"https:\/\/api.w.org\/{rel}","templated":true}]}}