{"id":42955,"date":"2023-03-16T09:45:18","date_gmt":"2023-03-16T02:45:18","guid":{"rendered":"https:\/\/mouldking.store\/shop\/moc-factory-35918-f-22-raptor-with-1656-pieces\/"},"modified":"2025-12-16T22:25:10","modified_gmt":"2025-12-16T15:25:10","slug":"moc-factory-35918-f-22-raptor-with-1656-pieces","status":"publish","type":"product","link":"https:\/\/mouldking.store\/es\/shop\/moc-factory-35918-f-22-raptor-with-1656-pieces\/","title":{"rendered":"MOC Factory 35918 F-22 RAPTOR con 1656 Piezas"},"content":{"rendered":"<div>\u2705MOC-35918 F-22 RAPTOR<\/p>\n<p>\u2705El F-22 Raptor es un avi\u00f3n de combate t\u00e1ctico furtivo desarrollado por Lockheed Martin para la Fuerza A\u00e9rea de los Estados Unidos (USAF). Es un caza de quinta generaci\u00f3n, dise\u00f1ado para sobresalir en escenarios de combate aire-aire y aire-tierra. El F-22 Raptor es capaz de alcanzar velocidades de crucero supers\u00f3nicas y est\u00e1 equipado con avi\u00f3nica y sistemas de armas avanzados, lo que lo convierte en uno de los aviones de combate m\u00e1s avanzados del mundo.<\/p>\n<p>\ud83d\udeab \u00a1IMPORTANTE!<\/p>\n<p>Nombre del producto: F-22 RAPTOR<\/p>\n<p>Categor\u00eda: Militar<\/p>\n<p>Este kit contiene: MOC-35918<\/p>\n<p>1656 piezas de ladrillos de buena calidad<\/p>\n<p>Peso: 1600g<\/p>\n<p>Instrucciones en PDF<\/p>\n<p>\ud83d\udcccNaturaleza del protagonista<\/p>\n<p>Presentamos nuestra orgullosa colecci\u00f3n llamada &quot;F-22 RAPTOR&quot; que no debe perderse.<\/p>\n<p>El F-22 Raptor es altamente maniobrable y tiene una combinaci\u00f3n de tecnolog\u00eda furtiva avanzada y sensores sofisticados que le permiten detectar y atacar aviones enemigos antes de que se den cuenta de su presencia. Los sistemas avanzados de avi\u00f3nica y armas de la aeronave, incluidos sus sistemas avanzados de radar, sensores y misiles, tambi\u00e9n le permiten realizar ataques de precisi\u00f3n en objetivos terrestres.<\/p><\/div>","protected":false},"excerpt":{"rendered":"<p>Marca: MOC Factory<br \/>\nG\u00e9nero: Unisex<br \/>\nRango de edad: &gt; 12 a\u00f1os<br \/>\nN\u00famero de modelo: 35918<br \/>\nClasificaci\u00f3n: Ensamblaje<br \/>\nForma de bloque de pl\u00e1stico: Ladrillos autoblocantes<br \/>\nMaterial: Pl\u00e1stico<br \/>\nTipo de pl\u00e1stico: ABS<br \/>\nLadrillos Bloques: 1656 +<br \/>\nOrganizar tiempo: 4-8 semanas<\/p>","protected":false},"featured_media":42950,"comment_status":"open","ping_status":"closed","template":"","meta":{"_acf_changed":false},"product_cat":[1350,1357,372,364],"product_tag":[5271,374,7653,389],"class_list":["product","first","instock","shipping-taxable","purchasable","product-type-simple"],"acf":[],"_links":{"self":[{"href":"https:\/\/mouldking.store\/es\/wp-json\/wp\/v2\/product\/42955","targetHints":{"allow":["GET"]}}],"collection":[{"href":"https:\/\/mouldking.store\/es\/wp-json\/wp\/v2\/product"}],"about":[{"href":"https:\/\/mouldking.store\/es\/wp-json\/wp\/v2\/types\/product"}],"replies":[{"embeddable":true,"href":"https:\/\/mouldking.store\/es\/wp-json\/wp\/v2\/comments?post=42955"}],"wp:featuredmedia":[{"embeddable":true,"href":"https:\/\/mouldking.store\/es\/wp-json\/wp\/v2\/media\/42950"}],"wp:attachment":[{"href":"https:\/\/mouldking.store\/es\/wp-json\/wp\/v2\/media?parent=42955"}],"wp:term":[{"taxonomy":"product_cat","embeddable":true,"href":"https:\/\/mouldking.store\/es\/wp-json\/wp\/v2\/product_cat?post=42955"},{"taxonomy":"product_tag","embeddable":true,"href":"https:\/\/mouldking.store\/es\/wp-json\/wp\/v2\/product_tag?post=42955"}],"curies":[{"name":"wp","href":"https:\/\/api.w.org\/{rel}","templated":true}]}}