{"id":42961,"date":"2023-03-16T09:55:32","date_gmt":"2023-03-16T02:55:32","guid":{"rendered":"https:\/\/mouldking.store\/shop\/moc-factory-32199-sukhoi-su-37-terminator-with-1664-pieces\/"},"modified":"2025-12-16T22:25:09","modified_gmt":"2025-12-16T15:25:09","slug":"moc-factory-32199-sukhoi-su-37-terminator-with-1664-pieces","status":"publish","type":"product","link":"https:\/\/mouldking.store\/es\/shop\/moc-factory-32199-sukhoi-su-37-terminator-with-1664-pieces\/","title":{"rendered":"MOC Factory 32199 Sukhoi SU-37 TERMINATOR con 1664 Piezas"},"content":{"rendered":"<div>\u2705 MOC-32199 Sukhoi SU-37 TERMINADOR<\/p>\n<p>\u2705El Sukhoi SU-37 Terminator es un avi\u00f3n de combate ruso desarrollado por Sukhoi Design Bureau como una versi\u00f3n avanzada del SU-27 Flanker. El SU-37 fue dise\u00f1ado para ser un avi\u00f3n de combate altamente maniobrable, capaz de realizar maniobras a\u00e9reas avanzadas como la maniobra &quot;Cobra&quot;, que consiste en inclinar r\u00e1pidamente el morro del avi\u00f3n hasta un alto \u00e1ngulo de ataque mientras se mantiene la velocidad aerodin\u00e1mica.<\/p>\n<p>\ud83d\udeab \u00a1IMPORTANTE!<\/p>\n<p>Nombre del producto: Sukhoi SU-37 TERMINADOR<\/p>\n<p>Categor\u00eda: Militar<\/p>\n<p>Este kit contiene: MOC-32199<\/p>\n<p>1664 piezas de ladrillos de buena calidad<\/p>\n<p>Peso: 1600g<\/p>\n<p>Instrucciones en PDF<\/p>\n<p>\ud83d\udcccNaturaleza del protagonista<\/p>\n<p>Presentamos nuestra orgullosa colecci\u00f3n llamada &quot;Sukhoi SU-37 TERMINATOR&quot; que no debe perderse.<\/p>\n<p>El SU-37 est\u00e1 equipado con sistemas avanzados de avi\u00f3nica y armas, incluido un sistema de radar avanzado y una variedad de armas aire-aire y aire-tierra. La aeronave tambi\u00e9n est\u00e1 equipada con motores de vectorizaci\u00f3n de empuje, que permiten al piloto controlar la direcci\u00f3n del empuje de la aeronave, proporcionando mayor maniobrabilidad y control. El SU-37 vol\u00f3 por primera vez en 1996 y se construyeron un total de dos prototipos. Si bien el avi\u00f3n no se puso en producci\u00f3n, parte de su tecnolog\u00eda avanzada se incorpor\u00f3 a otros aviones de combate Sukhoi, incluidos el SU-30, SU-35 y SU-57. El SU-37 sigue siendo un tema de inter\u00e9s popular entre los entusiastas de la aviaci\u00f3n debido a sus avanzadas capacidades de maniobra y tecnolog\u00eda avanzada.<\/p><\/div>","protected":false},"excerpt":{"rendered":"<p>Marca: MOC Factory<br \/>\nG\u00e9nero: Unisex<br \/>\nRango de edad: &gt; 12 a\u00f1os<br \/>\nN\u00famero de modelo: 32199<br \/>\nClasificaci\u00f3n: Ensamblaje<br \/>\nForma de bloque de pl\u00e1stico: Ladrillos autoblocantes<br \/>\nMaterial: Pl\u00e1stico<br \/>\nTipo de pl\u00e1stico: ABS<br \/>\nLadrillos Bloques: 1664 +<br \/>\nOrganizar tiempo: 4-8 semanas<\/p>","protected":false},"featured_media":42956,"comment_status":"open","ping_status":"closed","template":"","meta":{"_acf_changed":false},"product_cat":[1350,1357,372,364],"product_tag":[5271,11534,374,11538,389,4198],"class_list":["product","first","instock","shipping-taxable","purchasable","product-type-simple"],"acf":[],"_links":{"self":[{"href":"https:\/\/mouldking.store\/es\/wp-json\/wp\/v2\/product\/42961","targetHints":{"allow":["GET"]}}],"collection":[{"href":"https:\/\/mouldking.store\/es\/wp-json\/wp\/v2\/product"}],"about":[{"href":"https:\/\/mouldking.store\/es\/wp-json\/wp\/v2\/types\/product"}],"replies":[{"embeddable":true,"href":"https:\/\/mouldking.store\/es\/wp-json\/wp\/v2\/comments?post=42961"}],"wp:featuredmedia":[{"embeddable":true,"href":"https:\/\/mouldking.store\/es\/wp-json\/wp\/v2\/media\/42956"}],"wp:attachment":[{"href":"https:\/\/mouldking.store\/es\/wp-json\/wp\/v2\/media?parent=42961"}],"wp:term":[{"taxonomy":"product_cat","embeddable":true,"href":"https:\/\/mouldking.store\/es\/wp-json\/wp\/v2\/product_cat?post=42961"},{"taxonomy":"product_tag","embeddable":true,"href":"https:\/\/mouldking.store\/es\/wp-json\/wp\/v2\/product_tag?post=42961"}],"curies":[{"name":"wp","href":"https:\/\/api.w.org\/{rel}","templated":true}]}}