{"id":42970,"date":"2023-03-16T10:15:02","date_gmt":"2023-03-16T03:15:02","guid":{"rendered":"https:\/\/mouldking.store\/shop\/moc-factory-139487-mouth-of-sauron-with-694-pieces\/"},"modified":"2025-12-16T22:25:09","modified_gmt":"2025-12-16T15:25:09","slug":"moc-factory-139487-mouth-of-sauron-with-694-pieces","status":"publish","type":"product","link":"https:\/\/mouldking.store\/es\/shop\/moc-factory-139487-mouth-of-sauron-with-694-pieces\/","title":{"rendered":"MOC Factory 139487 Boca de Sauron con 694 Piezas"},"content":{"rendered":"<div>\u2705 MOC-139487 Boca de Sauron<\/p>\n<p>\u2705La Boca de Sauron es un personaje ficticio de la novela \u201cEl Se\u00f1or de los Anillos\u201d de JRR Tolkien. Es un sirviente del Se\u00f1or Oscuro Sauron y sirve como emisario de los ej\u00e9rcitos de Gondor y Rohan.<\/p>\n<p>\ud83d\udeab \u00a1IMPORTANTE!<\/p>\n<p>Nombre del producto: Boca de Sauron<\/p>\n<p>Categor\u00eda: Pel\u00edcula<\/p>\n<p>Este kit contiene: MOC-139487<\/p>\n<p>694 piezas de ladrillos de buena calidad<\/p>\n<p>Tama\u00f1o: 24 x 14 x 33,5 (cm)<\/p>\n<p>Instrucciones en PDF<\/p>\n<p>\ud83d\udcccNaturaleza del protagonista<\/p>\n<p>Presentamos nuestra orgullosa colecci\u00f3n llamada &quot;Boca de Sauron&quot; que no debe perderse.<\/p>\n<p>En la historia, la Boca de Sauron es una figura alta y sombr\u00eda, vestida con t\u00fanicas y armaduras negras. Cabalga para encontrarse con los ej\u00e9rcitos de Gondor y Rohan antes de la Batalla de la Puerta Negra, y se burla de ellos con mensajes de Sauron, incluidas afirmaciones falsas de que Frodo Bols\u00f3n, el Portador del Anillo, ha sido capturado y torturado. A pesar de su apariencia y palabras amenazantes, Boca de Sauron finalmente es derrotado cuando Gandalf el Blanco y Aragorn lo desaf\u00edan a un combate singular. El personaje se ha convertido en una figura popular en el fandom de \u201cEl Se\u00f1or de los Anillos\u201d, y ha aparecido en varias adaptaciones de la historia, incluida la adaptaci\u00f3n cinematogr\u00e1fica de Peter Jackson.<\/p><\/div>","protected":false},"excerpt":{"rendered":"<p>Marca: MOC Factory<br \/>\nG\u00e9nero: Unisex<br \/>\nRango de edad: &gt; 12 a\u00f1os<br \/>\nN\u00famero de modelo: 139487<br \/>\nClasificaci\u00f3n: Ensamblaje<br \/>\nForma de bloque de pl\u00e1stico: Ladrillos autoblocantes<br \/>\nMaterial: Pl\u00e1stico<br \/>\nTipo de pl\u00e1stico: ABS<br \/>\nLadrillos Bloques: 694 +<br \/>\nOrganizar tiempo: 4-8 semanas<\/p>","protected":false},"featured_media":42968,"comment_status":"open","ping_status":"closed","template":"","meta":{"_acf_changed":false},"product_cat":[1365,581,1408],"product_tag":[8452,11541,434,3519,6169],"class_list":["product","first","instock","shipping-taxable","purchasable","product-type-simple"],"acf":[],"_links":{"self":[{"href":"https:\/\/mouldking.store\/es\/wp-json\/wp\/v2\/product\/42970","targetHints":{"allow":["GET"]}}],"collection":[{"href":"https:\/\/mouldking.store\/es\/wp-json\/wp\/v2\/product"}],"about":[{"href":"https:\/\/mouldking.store\/es\/wp-json\/wp\/v2\/types\/product"}],"replies":[{"embeddable":true,"href":"https:\/\/mouldking.store\/es\/wp-json\/wp\/v2\/comments?post=42970"}],"wp:featuredmedia":[{"embeddable":true,"href":"https:\/\/mouldking.store\/es\/wp-json\/wp\/v2\/media\/42968"}],"wp:attachment":[{"href":"https:\/\/mouldking.store\/es\/wp-json\/wp\/v2\/media?parent=42970"}],"wp:term":[{"taxonomy":"product_cat","embeddable":true,"href":"https:\/\/mouldking.store\/es\/wp-json\/wp\/v2\/product_cat?post=42970"},{"taxonomy":"product_tag","embeddable":true,"href":"https:\/\/mouldking.store\/es\/wp-json\/wp\/v2\/product_tag?post=42970"}],"curies":[{"name":"wp","href":"https:\/\/api.w.org\/{rel}","templated":true}]}}