{"id":42976,"date":"2023-03-16T10:23:25","date_gmt":"2023-03-16T03:23:25","guid":{"rendered":"https:\/\/mouldking.store\/shop\/moc-factory-141121-gandalf-the-greys-wizard-hat-with-134-pieces\/"},"modified":"2025-12-16T22:25:09","modified_gmt":"2025-12-16T15:25:09","slug":"moc-factory-141121-gandalf-the-greys-wizard-hat-with-134-pieces","status":"publish","type":"product","link":"https:\/\/mouldking.store\/es\/shop\/moc-factory-141121-gandalf-the-greys-wizard-hat-with-134-pieces\/","title":{"rendered":"MOC Factory 141121 Gorro de Gandalf el Mago Gris con 134 Piezas"},"content":{"rendered":"<div>\u2705 MOC-141121 Gorro de Gandalf el Mago Gris<\/p>\n<p>\u2705El sombrero de mago de Gandalf the Grey es un sombrero ficticio que usa el personaje Gandalf en &quot;El Se\u00f1or de los Anillos&quot; de JRR Tolkien. Gandalf es un mago y uno de los miembros de la Comunidad del Anillo, que se propone destruir el Anillo \u00danico y derrotar al Se\u00f1or Oscuro Sauron.<\/p>\n<p>\ud83d\udeab \u00a1IMPORTANTE!<\/p>\n<p>Nombre del producto: Gorro de mago de Gandalf el Gris<\/p>\n<p>Categor\u00eda: Pel\u00edcula<\/p>\n<p>Este kit contiene: MOC-141121<\/p>\n<p>134 piezas de ladrillos de buena calidad.<\/p>\n<p>Instrucciones en PDF<\/p>\n<p>\ud83d\udcccNaturaleza del protagonista<\/p>\n<p>Presentamos nuestra orgullosa colecci\u00f3n llamada &quot;Gandalf the Grey&#039;s Wizard Hat&quot; que no debe perderse.<\/p>\n<p>En la historia, el sombrero de Gandalf se describe como un sombrero alto y puntiagudo hecho de un material gris suave, que est\u00e1 forrado con una filigrana plateada. El sombrero a menudo se representa ligeramente maltratado y gastado, con un ala ancha que proyecta una sombra sobre el rostro de Gandalf. El sombrero es una parte ic\u00f3nica de la apariencia de Gandalf y tiene un prop\u00f3sito pr\u00e1ctico, brinda protecci\u00f3n contra los elementos y oculta su rostro en la sombra. Tambi\u00e9n sirve como s\u00edmbolo de la sabidur\u00eda, el poder y el estatus de Gandalf como mago. En la adaptaci\u00f3n cinematogr\u00e1fica de &quot;El Se\u00f1or de los Anillos&quot; de Peter Jackson, el sombrero de Gandalf se recrea fielmente, con detalles intrincados y una forma ligeramente asim\u00e9trica.<\/p><\/div>","protected":false},"excerpt":{"rendered":"<p>Marca: MOC Factory<br \/>\nG\u00e9nero: Unisex<br \/>\nRango de edad: &gt; 12 a\u00f1os<br \/>\nN\u00famero de modelo: 141121<br \/>\nClasificaci\u00f3n: Ensamblaje<br \/>\nForma de bloque de pl\u00e1stico: Ladrillos autoblocantes<br \/>\nMaterial: Pl\u00e1stico<br \/>\nTipo de pl\u00e1stico: ABS<br \/>\nLadrillos Bloques: 134 +<br \/>\nOrganizar tiempo: 4-8 semanas<\/p>","protected":false},"featured_media":42974,"comment_status":"open","ping_status":"closed","template":"","meta":{"_acf_changed":false},"product_cat":[1365,581,1408],"product_tag":[8452,3281,11543,11545,434,6169,11544],"class_list":["product","first","instock","shipping-taxable","purchasable","product-type-simple"],"acf":[],"_links":{"self":[{"href":"https:\/\/mouldking.store\/es\/wp-json\/wp\/v2\/product\/42976","targetHints":{"allow":["GET"]}}],"collection":[{"href":"https:\/\/mouldking.store\/es\/wp-json\/wp\/v2\/product"}],"about":[{"href":"https:\/\/mouldking.store\/es\/wp-json\/wp\/v2\/types\/product"}],"replies":[{"embeddable":true,"href":"https:\/\/mouldking.store\/es\/wp-json\/wp\/v2\/comments?post=42976"}],"wp:featuredmedia":[{"embeddable":true,"href":"https:\/\/mouldking.store\/es\/wp-json\/wp\/v2\/media\/42974"}],"wp:attachment":[{"href":"https:\/\/mouldking.store\/es\/wp-json\/wp\/v2\/media?parent=42976"}],"wp:term":[{"taxonomy":"product_cat","embeddable":true,"href":"https:\/\/mouldking.store\/es\/wp-json\/wp\/v2\/product_cat?post=42976"},{"taxonomy":"product_tag","embeddable":true,"href":"https:\/\/mouldking.store\/es\/wp-json\/wp\/v2\/product_tag?post=42976"}],"curies":[{"name":"wp","href":"https:\/\/api.w.org\/{rel}","templated":true}]}}