{"id":42978,"date":"2023-03-16T10:28:26","date_gmt":"2023-03-16T03:28:26","guid":{"rendered":"https:\/\/mouldking.store\/shop\/moc-factory-127524-sw-sith-temple-with-2519-pieces\/"},"modified":"2025-12-16T22:25:09","modified_gmt":"2025-12-16T15:25:09","slug":"moc-factory-127524-sw-sith-temple-with-2519-pieces","status":"publish","type":"product","link":"https:\/\/mouldking.store\/es\/shop\/moc-factory-127524-sw-sith-temple-with-2519-pieces\/","title":{"rendered":"MOC Factory 127524 SW - Templo Sith con 2519 Piezas"},"content":{"rendered":"<div>\u2705 MOC-127524 SO \u2013 Templo Sith<\/p>\n<p>\u2705En el universo de Star Wars, el Templo Sith se refiere a varios lugares que sirvieron como centros de poder y conocimiento Sith a lo largo de los milenios de historia de la Orden Sith. La apariencia exacta y la naturaleza de estos templos variaban seg\u00fan la \u00e9poca y el lugar en que se construyeron.<\/p>\n<p>\ud83d\udeab \u00a1IMPORTANTE!<\/p>\n<p>Nombre del producto: SW \u2013 Templo Sith<\/p>\n<p>Categor\u00eda: Guerra de las Galaxias<\/p>\n<p>Este kit contiene: MOC-127524<\/p>\n<p>2519 piezas de ladrillos de buena calidad<\/p>\n<p>Tama\u00f1o: 24,6 x 66 x 34,8 (tachuelas)<\/p>\n<p>Instrucciones en PDF<\/p>\n<p>\ud83d\udcccNaturaleza del protagonista<\/p>\n<p>Presentamos nuestra orgullosa colecci\u00f3n llamada &quot;SW - Sith Temple&quot; que no debe perderse.<\/p>\n<p>Un ejemplo notable de un Templo Sith es el Templo en el planeta Malachor, que apareci\u00f3 en la serie de televisi\u00f3n animada &quot;Star Wars Rebels&quot;. El Templo de Malachor era una estructura masiva que era capaz de aprovechar y concentrar el poder del lado oscuro de la Fuerza. Tambi\u00e9n fue el lugar de una batalla devastadora entre los Jedi y los Sith, que dej\u00f3 el templo en ruinas y el \u00e1rea circundante sin vida. Otro ejemplo es el Templo Sith en el planeta Exegol, que apareci\u00f3 en la pel\u00edcula de 2019 \u201cStar Wars: The Rise of Skywalker\u201d. Este templo era una estructura subterr\u00e1nea masiva que serv\u00eda como la fortaleza secreta del Eterno Sith, un culto que buscaba restaurar el poder de los Sith y gobernar la galaxia.<\/p><\/div>","protected":false},"excerpt":{"rendered":"<p>Marca: MOC Factory<br \/>\nG\u00e9nero: Unisex<br \/>\nRango de edad: &gt; 12 a\u00f1os<br \/>\nN\u00famero de modelo: 127524<br \/>\nClasificaci\u00f3n: Ensamblaje<br \/>\nForma de bloque de pl\u00e1stico: Ladrillos autoblocantes<br \/>\nMaterial: Pl\u00e1stico<br \/>\nTipo de pl\u00e1stico: ABS<br \/>\nLadrillos Bloques: 2519 +<br \/>\nOrganizar tiempo: 4-8 semanas<\/p>","protected":false},"featured_media":42977,"comment_status":"open","ping_status":"closed","template":"","meta":{"_acf_changed":false},"product_cat":[1395,390,581,415,1408],"product_tag":[11099,392,434,11546,436,11001],"class_list":["product","first","instock","shipping-taxable","purchasable","product-type-simple"],"acf":[],"_links":{"self":[{"href":"https:\/\/mouldking.store\/es\/wp-json\/wp\/v2\/product\/42978","targetHints":{"allow":["GET"]}}],"collection":[{"href":"https:\/\/mouldking.store\/es\/wp-json\/wp\/v2\/product"}],"about":[{"href":"https:\/\/mouldking.store\/es\/wp-json\/wp\/v2\/types\/product"}],"replies":[{"embeddable":true,"href":"https:\/\/mouldking.store\/es\/wp-json\/wp\/v2\/comments?post=42978"}],"wp:featuredmedia":[{"embeddable":true,"href":"https:\/\/mouldking.store\/es\/wp-json\/wp\/v2\/media\/42977"}],"wp:attachment":[{"href":"https:\/\/mouldking.store\/es\/wp-json\/wp\/v2\/media?parent=42978"}],"wp:term":[{"taxonomy":"product_cat","embeddable":true,"href":"https:\/\/mouldking.store\/es\/wp-json\/wp\/v2\/product_cat?post=42978"},{"taxonomy":"product_tag","embeddable":true,"href":"https:\/\/mouldking.store\/es\/wp-json\/wp\/v2\/product_tag?post=42978"}],"curies":[{"name":"wp","href":"https:\/\/api.w.org\/{rel}","templated":true}]}}