{"id":43033,"date":"2023-03-16T11:16:04","date_gmt":"2023-03-16T04:16:04","guid":{"rendered":"https:\/\/mouldking.store\/shop\/moc-factory-121058-atlas-v-heavy-with-1597-pieces\/"},"modified":"2025-12-16T22:25:08","modified_gmt":"2025-12-16T15:25:08","slug":"moc-factory-121058-atlas-v-heavy-with-1597-pieces","status":"publish","type":"product","link":"https:\/\/mouldking.store\/es\/shop\/moc-factory-121058-atlas-v-heavy-with-1597-pieces\/","title":{"rendered":"MOC Factory 121058 Atlas V Heavy con 1597 piezas"},"content":{"rendered":"<div>\u2705 MOC-121058 Atlas V Pesado<\/p>\n<p>\u2705El Atlas V Heavy es una variante del cohete Atlas V, que es una familia de cohetes desechables fabricados por United Launch Alliance (ULA), una empresa conjunta entre Lockheed Martin y Boeing. El Atlas V Heavy es una versi\u00f3n de carga pesada del cohete Atlas V, capaz de lanzar cargas \u00fatiles mucho m\u00e1s grandes al espacio que el Atlas V est\u00e1ndar.<\/p>\n<p>\ud83d\udeab \u00a1IMPORTANTE!<\/p>\n<p>Nombre del producto: Atlas V pesado<\/p>\n<p>Categor\u00eda: Espacio<\/p>\n<p>Este kit contiene: C9302<\/p>\n<p>1597 piezas de ladrillos de buena calidad<\/p>\n<p>Tama\u00f1o: 12,3 x 4,8 x 59,2 cm<\/p>\n<p>Peso: 0,87 kg<\/p>\n<p>Instrucciones en PDF<\/p>\n<p>\ud83d\udcccNaturaleza del protagonista<\/p>\n<p>Presentamos nuestra orgullosa colecci\u00f3n llamada &quot;Atlas V Heavy&quot; que no debe perderse.<\/p>\n<p>El Atlas V Heavy cuenta con un propulsor de n\u00facleo com\u00fan con dos o tres propulsores de cohetes s\u00f3lidos adicionales adjuntos para proporcionar un empuje adicional. Esta configuraci\u00f3n permite que el cohete eleve cargas \u00fatiles que pesan hasta 26 000 libras (12 000 kg) en \u00f3rbita geosincr\u00f3nica, o hasta 57 000 libras (26 000 kg) en \u00f3rbita terrestre baja. El Atlas V Heavy se ha utilizado para una variedad de misiones, incluido el lanzamiento de sat\u00e9lites de reconocimiento para el ej\u00e9rcito de EE. UU., naves espaciales cient\u00edficas y sat\u00e9lites de comunicaciones comerciales. El cohete es altamente confiable y tiene un historial comprobado de lanzamientos exitosos, lo que lo convierte en uno de los veh\u00edculos de lanzamiento m\u00e1s confiables de la industria.<\/p><\/div>","protected":false},"excerpt":{"rendered":"<p>Marca: MOC Factory<br \/>\nG\u00e9nero: Unisex<br \/>\nRango de edad: &gt; 12 a\u00f1os<br \/>\nN\u00famero de modelo: 121058<br \/>\nClasificaci\u00f3n: Ensamblaje<br \/>\nForma de bloque de pl\u00e1stico: Ladrillos autoblocantes<br \/>\nMaterial: Pl\u00e1stico<br \/>\nTipo de pl\u00e1stico: ABS<br \/>\nLadrillos Bloques: 1597 +<br \/>\nSin caja original<\/p>","protected":false},"featured_media":43024,"comment_status":"open","ping_status":"closed","template":"","meta":{"_acf_changed":false},"product_cat":[1357,6016,364],"product_tag":[11559,8162,2276,389],"class_list":["product","first","instock","shipping-taxable","purchasable","product-type-simple"],"acf":[],"_links":{"self":[{"href":"https:\/\/mouldking.store\/es\/wp-json\/wp\/v2\/product\/43033","targetHints":{"allow":["GET"]}}],"collection":[{"href":"https:\/\/mouldking.store\/es\/wp-json\/wp\/v2\/product"}],"about":[{"href":"https:\/\/mouldking.store\/es\/wp-json\/wp\/v2\/types\/product"}],"replies":[{"embeddable":true,"href":"https:\/\/mouldking.store\/es\/wp-json\/wp\/v2\/comments?post=43033"}],"wp:featuredmedia":[{"embeddable":true,"href":"https:\/\/mouldking.store\/es\/wp-json\/wp\/v2\/media\/43024"}],"wp:attachment":[{"href":"https:\/\/mouldking.store\/es\/wp-json\/wp\/v2\/media?parent=43033"}],"wp:term":[{"taxonomy":"product_cat","embeddable":true,"href":"https:\/\/mouldking.store\/es\/wp-json\/wp\/v2\/product_cat?post=43033"},{"taxonomy":"product_tag","embeddable":true,"href":"https:\/\/mouldking.store\/es\/wp-json\/wp\/v2\/product_tag?post=43033"}],"curies":[{"name":"wp","href":"https:\/\/api.w.org\/{rel}","templated":true}]}}