{"id":43150,"date":"2023-03-17T10:47:01","date_gmt":"2023-03-17T03:47:01","guid":{"rendered":"https:\/\/mouldking.store\/shop\/moc-factory-121937-the-expanse-donnager-class-with-1904-pieces\/"},"modified":"2025-12-16T22:25:08","modified_gmt":"2025-12-16T15:25:08","slug":"moc-factory-121937-the-expanse-donnager-class-with-1904-pieces","status":"publish","type":"product","link":"https:\/\/mouldking.store\/es\/shop\/moc-factory-121937-the-expanse-donnager-class-with-1904-pieces\/","title":{"rendered":"MOC Factory 121937 La clase Expanse Donnager con 1904 piezas"},"content":{"rendered":"<div>\u2705 MOC-121937 La clase Expanse Donnager<\/p>\n<p>\u2705La clase Donnager es un buque de guerra ficticio en la serie de televisi\u00f3n de ciencia ficci\u00f3n &quot;The Expanse&quot;. Es un tipo de acorazado utilizado por la Armada de la Rep\u00fablica del Congreso de Marte (MCRN) y es el buque de guerra m\u00e1s avanzado de la flota de MCRN.<\/p>\n<p>\ud83d\udeab \u00a1IMPORTANTE!<\/p>\n<p>Nombre del producto: La clase Expanse Donnager<\/p>\n<p>Categor\u00eda: Espacio<\/p>\n<p>Este kit contiene: C9365<\/p>\n<p>1904 piezas de ladrillos de buena calidad<\/p>\n<p>Tama\u00f1o: 56x10x16 cm<\/p>\n<p>Peso: 1,41 kg<\/p>\n<p>Instrucciones en PDF<\/p>\n<p>\ud83d\udcccNaturaleza del protagonista<\/p>\n<p>Presentamos nuestra orgullosa colecci\u00f3n llamada &quot;La clase Expanse Donnager&quot; que no debe perderse.<\/p>\n<p>La clase Donnager est\u00e1 fuertemente armada y blindada, con una tripulaci\u00f3n de m\u00e1s de 100 miembros de la Armada marciana. El barco est\u00e1 equipado con sistemas de armas avanzados, que incluyen ca\u00f1ones de riel, lanzamisiles y torretas de defensa puntuales. Tambi\u00e9n tiene un poderoso sistema de propulsi\u00f3n que le permite viajar a altas velocidades en el espacio.<\/p><\/div>","protected":false},"excerpt":{"rendered":"<p>Marca: MOC Factory<br \/>\nG\u00e9nero: Unisex<br \/>\nRango de edad: &gt; 14 a\u00f1os<br \/>\nN\u00famero de modelo: 121937<br \/>\nClasificaci\u00f3n: Ensamblaje<br \/>\nForma de bloque de pl\u00e1stico: Ladrillos autoblocantes<br \/>\nMaterial: Pl\u00e1stico<br \/>\nTipo de pl\u00e1stico: ABS<br \/>\nLadrillos Bloques: 1904 +<br \/>\nSin caja original<\/p>","protected":false},"featured_media":43142,"comment_status":"open","ping_status":"closed","template":"","meta":{"_acf_changed":false},"product_cat":[1357,6016,364],"product_tag":[11262,11578,11239,2276,389,11162],"class_list":["product","first","instock","shipping-taxable","purchasable","product-type-simple"],"acf":[],"_links":{"self":[{"href":"https:\/\/mouldking.store\/es\/wp-json\/wp\/v2\/product\/43150","targetHints":{"allow":["GET"]}}],"collection":[{"href":"https:\/\/mouldking.store\/es\/wp-json\/wp\/v2\/product"}],"about":[{"href":"https:\/\/mouldking.store\/es\/wp-json\/wp\/v2\/types\/product"}],"replies":[{"embeddable":true,"href":"https:\/\/mouldking.store\/es\/wp-json\/wp\/v2\/comments?post=43150"}],"wp:featuredmedia":[{"embeddable":true,"href":"https:\/\/mouldking.store\/es\/wp-json\/wp\/v2\/media\/43142"}],"wp:attachment":[{"href":"https:\/\/mouldking.store\/es\/wp-json\/wp\/v2\/media?parent=43150"}],"wp:term":[{"taxonomy":"product_cat","embeddable":true,"href":"https:\/\/mouldking.store\/es\/wp-json\/wp\/v2\/product_cat?post=43150"},{"taxonomy":"product_tag","embeddable":true,"href":"https:\/\/mouldking.store\/es\/wp-json\/wp\/v2\/product_tag?post=43150"}],"curies":[{"name":"wp","href":"https:\/\/api.w.org\/{rel}","templated":true}]}}