{"id":43161,"date":"2023-03-17T10:54:39","date_gmt":"2023-03-17T03:54:39","guid":{"rendered":"https:\/\/mouldking.store\/shop\/moc-factory-89434-high-on-life-gatlians-kenny-with-622-pieces\/"},"modified":"2025-12-16T22:25:08","modified_gmt":"2025-12-16T15:25:08","slug":"moc-factory-89434-high-on-life-gatlians-kenny-with-622-pieces","status":"publish","type":"product","link":"https:\/\/mouldking.store\/es\/shop\/moc-factory-89434-high-on-life-gatlians-kenny-with-622-pieces\/","title":{"rendered":"MOC Factory 89434 High on Life Gatlians-Kenny con 622 piezas"},"content":{"rendered":"<div>\u2705 MOC-89434 High on Life Gatlians-Kenny<\/p>\n<p>\u2705 \u00a1Prep\u00e1rate para llevar tu creatividad a nuevas alturas con el juego de bloques de construcci\u00f3n High on Life Gatlians-Kenny!&nbsp;<\/p>\n<p>\ud83d\udeab \u00a1IMPORTANTE!<\/p>\n<p>Nombre del producto: High on Life Gatlians-Kenny<\/p>\n<p>Categor\u00eda: Creador<\/p>\n<p>Este kit contiene: C9370<\/p>\n<p>622 piezas de ladrillos de buena calidad<\/p>\n<p>Tama\u00f1o: 20x7,5x18,5 cm<\/p>\n<p>Peso: 0,43 kg<\/p>\n<p>Instrucciones en PDF<\/p>\n<p>\ud83d\udcccNaturaleza del protagonista<\/p>\n<p>Presentamos nuestra orgullosa colecci\u00f3n llamada &quot;High on Life Gatlians-Kenny&quot; que no debe perderse.<\/p>\n<p>Con 622 ladrillos y un elegante dise\u00f1o de 20 x 7,5 x 18,5 cm, este es el sue\u00f1o de los amantes de la creaci\u00f3n definitiva hecho realidad. Con un peso de solo 0,43 kg, puede hacer que su obra maestra cobre vida f\u00e1cilmente donde quiera que vaya. \u00a1Da rienda suelta a tu imaginaci\u00f3n y construye algo realmente espectacular con este juego de bloques de construcci\u00f3n imprescindible!<\/p><\/div>","protected":false},"excerpt":{"rendered":"<p>Marca: MOC Factory<br \/>\nG\u00e9nero: Unisex<br \/>\nRango de edad: &gt; 6 a\u00f1os<br \/>\nN\u00famero de modelo: 89434<br \/>\nClasificaci\u00f3n: Ensamblaje<br \/>\nForma de bloque de pl\u00e1stico: Ladrillos autoblocantes<br \/>\nMaterial: Pl\u00e1stico<br \/>\nTipo de pl\u00e1stico: ABS<br \/>\nLadrillos Bloques: 622 +<br \/>\nSin caja original<\/p>","protected":false},"featured_media":43151,"comment_status":"open","ping_status":"closed","template":"","meta":{"_acf_changed":false},"product_cat":[1365,371],"product_tag":[11072,8452,9139,11580,11579,11581],"class_list":["product","first","instock","shipping-taxable","purchasable","product-type-simple"],"acf":[],"_links":{"self":[{"href":"https:\/\/mouldking.store\/es\/wp-json\/wp\/v2\/product\/43161","targetHints":{"allow":["GET"]}}],"collection":[{"href":"https:\/\/mouldking.store\/es\/wp-json\/wp\/v2\/product"}],"about":[{"href":"https:\/\/mouldking.store\/es\/wp-json\/wp\/v2\/types\/product"}],"replies":[{"embeddable":true,"href":"https:\/\/mouldking.store\/es\/wp-json\/wp\/v2\/comments?post=43161"}],"wp:featuredmedia":[{"embeddable":true,"href":"https:\/\/mouldking.store\/es\/wp-json\/wp\/v2\/media\/43151"}],"wp:attachment":[{"href":"https:\/\/mouldking.store\/es\/wp-json\/wp\/v2\/media?parent=43161"}],"wp:term":[{"taxonomy":"product_cat","embeddable":true,"href":"https:\/\/mouldking.store\/es\/wp-json\/wp\/v2\/product_cat?post=43161"},{"taxonomy":"product_tag","embeddable":true,"href":"https:\/\/mouldking.store\/es\/wp-json\/wp\/v2\/product_tag?post=43161"}],"curies":[{"name":"wp","href":"https:\/\/api.w.org\/{rel}","templated":true}]}}