{"id":43169,"date":"2023-03-17T11:00:19","date_gmt":"2023-03-17T04:00:19","guid":{"rendered":"https:\/\/mouldking.store\/shop\/moc-factory-89433-battletech-military-armor-with-176-pieces\/"},"modified":"2025-12-16T22:25:07","modified_gmt":"2025-12-16T15:25:07","slug":"moc-factory-89433-battletech-military-armor-with-176-pieces","status":"publish","type":"product","link":"https:\/\/mouldking.store\/es\/shop\/moc-factory-89433-battletech-military-armor-with-176-pieces\/","title":{"rendered":"MOC Factory 89433 Armadura militar BattleTech con 176 piezas"},"content":{"rendered":"<div>\u2705 MOC-89433 Armadura militar BattleTech<\/p>\n<p>\u2705 \u00a1Prep\u00e1rate para dominar el campo de batalla con BattleTech Military Armor! Este conjunto de la serie Mech de bloques de construcci\u00f3n MOC es su arma definitiva.<\/p>\n<p>\ud83d\udeab \u00a1IMPORTANTE!<\/p>\n<p>Nombre del producto: armadura militar BattleTech<\/p>\n<p>Categor\u00eda: Creador<\/p>\n<p>Este kit contiene: C9373<\/p>\n<p>176 piezas de ladrillos de buena calidad.<\/p>\n<p>Tama\u00f1o: 8,8 x 6,9 x 10,1 cm<\/p>\n<p>Peso: 0,06 kg<\/p>\n<p>Instrucciones en PDF<\/p>\n<p>\ud83d\udcccNaturaleza del protagonista<\/p>\n<p>Presentamos nuestra orgullosa colecci\u00f3n llamada &quot;BattleTech Military Armor&quot; que no debe perderse.<\/p>\n<p>Con su intrincado dise\u00f1o y detalles precisos, te sentir\u00e1s como un verdadero comandante en jefe mientras conduces a tus tropas a la victoria. Dise\u00f1ado para los amantes de la creaci\u00f3n que exigen solo lo mejor, este conjunto de armadura seguramente satisfar\u00e1 tu sed de aventura y desaf\u00edo. As\u00ed que prep\u00e1rate, soldado: \u00a1es hora de reclamar tu lugar en la historia!<\/p><\/div>","protected":false},"excerpt":{"rendered":"<p>Marca: MOC Factory<br \/>\nG\u00e9nero: Unisex<br \/>\nRango de edad: &gt; 6 a\u00f1os<br \/>\nN\u00famero de modelo: 89433<br \/>\nClasificaci\u00f3n: Ensamblaje<br \/>\nForma de bloque de pl\u00e1stico: Ladrillos autoblocantes<br \/>\nMaterial: Pl\u00e1stico<br \/>\nTipo de pl\u00e1stico: ABS<br \/>\nLadrillos Bloques: 176 +<br \/>\nSin caja original<\/p>","protected":false},"featured_media":43162,"comment_status":"open","ping_status":"closed","template":"","meta":{"_acf_changed":false},"product_cat":[1365,1350,371,372],"product_tag":[11148,9077,11072,8452,11233,374,11339],"class_list":["product","first","instock","shipping-taxable","purchasable","product-type-simple"],"acf":[],"_links":{"self":[{"href":"https:\/\/mouldking.store\/es\/wp-json\/wp\/v2\/product\/43169","targetHints":{"allow":["GET"]}}],"collection":[{"href":"https:\/\/mouldking.store\/es\/wp-json\/wp\/v2\/product"}],"about":[{"href":"https:\/\/mouldking.store\/es\/wp-json\/wp\/v2\/types\/product"}],"replies":[{"embeddable":true,"href":"https:\/\/mouldking.store\/es\/wp-json\/wp\/v2\/comments?post=43169"}],"wp:featuredmedia":[{"embeddable":true,"href":"https:\/\/mouldking.store\/es\/wp-json\/wp\/v2\/media\/43162"}],"wp:attachment":[{"href":"https:\/\/mouldking.store\/es\/wp-json\/wp\/v2\/media?parent=43169"}],"wp:term":[{"taxonomy":"product_cat","embeddable":true,"href":"https:\/\/mouldking.store\/es\/wp-json\/wp\/v2\/product_cat?post=43169"},{"taxonomy":"product_tag","embeddable":true,"href":"https:\/\/mouldking.store\/es\/wp-json\/wp\/v2\/product_tag?post=43169"}],"curies":[{"name":"wp","href":"https:\/\/api.w.org\/{rel}","templated":true}]}}