{"id":43205,"date":"2023-03-17T11:38:45","date_gmt":"2023-03-17T04:38:45","guid":{"rendered":"https:\/\/mouldking.store\/shop\/sembo-ab0004-yu-gi-oh-blue-eyes-white-dragon-with-2000-pieces\/"},"modified":"2023-03-17T11:38:45","modified_gmt":"2023-03-17T04:38:45","slug":"sembo-ab0004-yu-gi-oh-blue-eyes-white-dragon-with-2000-pieces","status":"publish","type":"product","link":"https:\/\/mouldking.store\/es\/shop\/sembo-ab0004-yu-gi-oh-blue-eyes-white-dragon-with-2000-pieces\/","title":{"rendered":"SEMBO AB0004 Yu-Gi-Oh: Drag\u00f3n Blanco de Ojos Azules con 2000 Piezas"},"content":{"rendered":"<div>\u2705 SEMBO AB0004 Yu-Gi-Oh: Drag\u00f3n Blanco de Ojos Azules<br \/>&nbsp;<br \/>\u2705\u201dBlue-Eyes White Dragon\u201d es una carta del juego de cartas coleccionables y serie de anime \u201cYu-Gi-Oh!\u201d. Es una de las cartas m\u00e1s ic\u00f3nicas y reconocibles del juego y, a menudo, se asocia con el protagonista de la serie, Yugi Moto.<br \/>&nbsp;<br \/>\ud83d\udeab \u00a1IMPORTANTE!&nbsp;<br \/>&nbsp;<br \/>Nombre del producto: Yu-Gi-Oh: Drag\u00f3n blanco de ojos azules<br \/>&nbsp;<br \/>Categor\u00eda: Creador&nbsp;<br \/>&nbsp;<br \/>Este kit contiene: SEMBO AB0004<br \/>&nbsp;<br \/>2000 piezas de ladrillos de buena calidad&nbsp;<br \/>&nbsp;<br \/>Tama\u00f1o: 51,2 \u00d7 38,4 \u00d7 28,8 cm<br \/>&nbsp;<br \/>Instrucciones manuales&nbsp;<br \/>&nbsp;<br \/>\ud83d\udcccNaturaleza del protagonista&nbsp;<br \/>&nbsp;<br \/>Presentamos nuestra orgullosa colecci\u00f3n llamada &quot;Yu-Gi-Oh: Blue-Eyes White Dragon&quot; que no debes perderte.&nbsp;<br \/>&nbsp;<br \/>El Drag\u00f3n Blanco de Ojos Azules es un poderoso monstruo tipo drag\u00f3n con 3000 puntos de ataque y 2500 puntos de defensa, lo que lo convierte en uno de los monstruos m\u00e1s fuertes del juego. Tambi\u00e9n es notable por su apariencia llamativa, con escamas azules, alas blancas y penetrantes ojos azules. En Yu-Gi-Oh! serie de anime, el Drag\u00f3n Blanco de Ojos Azules es una de las cartas de la firma de Seto Kaiba, un rival y aliado ocasional de Yugi Moto. Kaiba est\u00e1 obsesionado con el Drag\u00f3n Blanco de Ojos Azules, y su mazo a menudo incluye varias copias de la carta.<\/div>","protected":false},"excerpt":{"rendered":"<p>Marca: SEMBO<br \/>\nG\u00e9nero: Unisex<br \/>\nRango de edad: &gt; 6 a\u00f1os<br \/>\nN\u00famero de modelo: AB0004<br \/>\nClasificaci\u00f3n: Ensamblaje<br \/>\nForma de bloque de pl\u00e1stico: Ladrillos autoblocantes<br \/>\nMaterial: Pl\u00e1stico<br \/>\nTipo de pl\u00e1stico: ABS<br \/>\nLadrillos Bloques: 2000 +<br \/>\nSin caja original<\/p>","protected":false},"featured_media":43200,"comment_status":"open","ping_status":"closed","template":"","meta":{"_acf_changed":false},"product_cat":[1365,371],"product_tag":[11587,11072,8452,1771,1461,11586],"class_list":["product","first","instock","shipping-taxable","purchasable","product-type-simple"],"acf":[],"_links":{"self":[{"href":"https:\/\/mouldking.store\/es\/wp-json\/wp\/v2\/product\/43205","targetHints":{"allow":["GET"]}}],"collection":[{"href":"https:\/\/mouldking.store\/es\/wp-json\/wp\/v2\/product"}],"about":[{"href":"https:\/\/mouldking.store\/es\/wp-json\/wp\/v2\/types\/product"}],"replies":[{"embeddable":true,"href":"https:\/\/mouldking.store\/es\/wp-json\/wp\/v2\/comments?post=43205"}],"wp:featuredmedia":[{"embeddable":true,"href":"https:\/\/mouldking.store\/es\/wp-json\/wp\/v2\/media\/43200"}],"wp:attachment":[{"href":"https:\/\/mouldking.store\/es\/wp-json\/wp\/v2\/media?parent=43205"}],"wp:term":[{"taxonomy":"product_cat","embeddable":true,"href":"https:\/\/mouldking.store\/es\/wp-json\/wp\/v2\/product_cat?post=43205"},{"taxonomy":"product_tag","embeddable":true,"href":"https:\/\/mouldking.store\/es\/wp-json\/wp\/v2\/product_tag?post=43205"}],"curies":[{"name":"wp","href":"https:\/\/api.w.org\/{rel}","templated":true}]}}