{"id":43279,"date":"2023-03-20T10:35:14","date_gmt":"2023-03-20T03:35:14","guid":{"rendered":"https:\/\/mouldking.store\/shop\/zhegao-dz6113-coffee-hotel-with-3036-pieces\/"},"modified":"2023-03-20T10:35:14","modified_gmt":"2023-03-20T03:35:14","slug":"zhegao-dz6113-coffee-hotel-with-3036-pieces","status":"publish","type":"product","link":"https:\/\/mouldking.store\/es\/shop\/zhegao-dz6113-coffee-hotel-with-3036-pieces\/","title":{"rendered":"Hotel de caf\u00e9 ZHEGAO DZ6113 con 3036 piezas"},"content":{"rendered":"<div>\u2705 ZHEGAO DZ6113 Caf\u00e9 Hotel<br \/>&nbsp;<br \/>\u2705Un hotel de caf\u00e9 es un tipo de hotel que tiene como tema el caf\u00e9 y brinda a los hu\u00e9spedes una experiencia de caf\u00e9 \u00fanica. Estos hoteles suelen ofrecer caf\u00e9 de alta calidad en las habitaciones o en el vest\u00edbulo, y pueden proporcionar a los hu\u00e9spedes clases o equipos especializados para preparar caf\u00e9.<br \/>&nbsp;<br \/>\ud83d\udeab \u00a1IMPORTANTE!&nbsp;<br \/>&nbsp;<br \/>Nombre del producto: Caf\u00e9 Hotel<br \/>&nbsp;<br \/>Categor\u00eda: Edificio Modular<br \/>&nbsp;<br \/>Este kit contiene: ZHEGAO DZ6113&nbsp;<br \/>&nbsp;<br \/>3036 piezas de ladrillos de buena calidad&nbsp;<br \/>&nbsp;<br \/>Tama\u00f1o: 18,8 \u00d7 18,8 \u00d7 25,9 cm<br \/>&nbsp;<br \/>Instrucciones manuales&nbsp;<br \/>&nbsp;<br \/>\ud83d\udcccNaturaleza del protagonista&nbsp;<br \/>&nbsp;<br \/>Presentamos nuestra orgullosa colecci\u00f3n llamada &quot;Coffee Hotel&quot; que no debe perderse.&nbsp;<br \/>&nbsp;<br \/>El objetivo de un hotel de caf\u00e9 es brindar a los hu\u00e9spedes una experiencia \u00fanica y memorable centrada en el caf\u00e9, ya sean entusiastas del caf\u00e9 o simplemente aprecian una buena taza de caf\u00e9. Algunos hoteles de caf\u00e9 tambi\u00e9n pueden ofrecer visitas guiadas o talleres de caf\u00e9, donde los hu\u00e9spedes pueden aprender m\u00e1s sobre la historia y la cultura del caf\u00e9, as\u00ed como los diferentes m\u00e9todos de preparaci\u00f3n y perfiles de sabor.<\/div>","protected":false},"excerpt":{"rendered":"<p>Marca: ZHEGAO<br \/>\nG\u00e9nero: Unisex<br \/>\nRango de edad: &gt; 6 a\u00f1os<br \/>\nN\u00famero de modelo: DZ6113<br \/>\nClasificaci\u00f3n: Ensamblaje<br \/>\nForma de bloque de pl\u00e1stico: Ladrillos autoblocantes<br \/>\nMaterial: Pl\u00e1stico<br \/>\nTipo de pl\u00e1stico: ABS<br \/>\nLadrillos Bloques: 3036 +<br \/>\nSin caja original<\/p>","protected":false},"featured_media":43274,"comment_status":"open","ping_status":"closed","template":"","meta":{"_acf_changed":false},"product_cat":[1365,1395,390],"product_tag":[4883,5228,8452,10633,392],"class_list":["product","first","instock","shipping-taxable","purchasable","product-type-simple"],"acf":[],"_links":{"self":[{"href":"https:\/\/mouldking.store\/es\/wp-json\/wp\/v2\/product\/43279","targetHints":{"allow":["GET"]}}],"collection":[{"href":"https:\/\/mouldking.store\/es\/wp-json\/wp\/v2\/product"}],"about":[{"href":"https:\/\/mouldking.store\/es\/wp-json\/wp\/v2\/types\/product"}],"replies":[{"embeddable":true,"href":"https:\/\/mouldking.store\/es\/wp-json\/wp\/v2\/comments?post=43279"}],"wp:featuredmedia":[{"embeddable":true,"href":"https:\/\/mouldking.store\/es\/wp-json\/wp\/v2\/media\/43274"}],"wp:attachment":[{"href":"https:\/\/mouldking.store\/es\/wp-json\/wp\/v2\/media?parent=43279"}],"wp:term":[{"taxonomy":"product_cat","embeddable":true,"href":"https:\/\/mouldking.store\/es\/wp-json\/wp\/v2\/product_cat?post=43279"},{"taxonomy":"product_tag","embeddable":true,"href":"https:\/\/mouldking.store\/es\/wp-json\/wp\/v2\/product_tag?post=43279"}],"curies":[{"name":"wp","href":"https:\/\/api.w.org\/{rel}","templated":true}]}}