{"id":43303,"date":"2023-03-20T11:22:06","date_gmt":"2023-03-20T04:22:06","guid":{"rendered":"https:\/\/mouldking.store\/shop\/pantasy-86303-le-petit-prince-on-the-planet-with-500-pieces\/"},"modified":"2023-03-20T11:22:06","modified_gmt":"2023-03-20T04:22:06","slug":"pantasy-86303-le-petit-prince-on-the-planet-with-500-pieces","status":"publish","type":"product","link":"https:\/\/mouldking.store\/es\/shop\/pantasy-86303-le-petit-prince-on-the-planet-with-500-pieces\/","title":{"rendered":"Pantasy 86303 Le Petit Prince On The Planet con 500 Piezas"},"content":{"rendered":"<div>\u2705 PANTASY 86303 Le Petit Prince On The Planet<br \/>&nbsp;<br \/>\u2705\u201dLe Petit Prince\u201d (traducido como \u201cEl Principito\u201d en ingl\u00e9s) es una novela escrita por el autor franc\u00e9s Antoine de Saint-Exup\u00e9ry. La historia sigue a un joven pr\u00edncipe que viaja a diferentes planetas, incluida la Tierra, y se encuentra con varios adultos que han perdido su sentido de la imaginaci\u00f3n y el asombro. A trav\u00e9s de sus conversaciones con los adultos y sus encuentros con varias criaturas, el pr\u00edncipe aprende lecciones importantes sobre la vida, el amor y la importancia de la conexi\u00f3n humana.<br \/>&nbsp;<br \/>\ud83d\udeab \u00a1IMPORTANTE!&nbsp;<br \/>&nbsp;<br \/>Product Name: Le Petit Prince On The Planet<br \/>&nbsp;<br \/>Categor\u00eda: Creador&nbsp;<br \/>&nbsp;<br \/>This Kit Contains: PANTASY 86303<br \/>&nbsp;<br \/>500 piezas de ladrillos de buena calidad&nbsp;<br \/>&nbsp;<br \/>Tama\u00f1o: 9,9 \u00d7 11,1 \u00d7 18,7 cm<br \/>&nbsp;<br \/>Instrucciones manuales&nbsp;<br \/>&nbsp;<br \/>\ud83d\udcccNaturaleza del protagonista&nbsp;<br \/>&nbsp;<br \/>Introducing our proud collection named \u201cLe Petit Prince On The Planet\u201d you should not miss.&nbsp;<br \/>&nbsp;<br \/>The novella is known for its beautiful illustrations and its timeless themes, which have made it a beloved classic of French literature. &#8220;Le Petit Prince On The Planet&#8221; may refer to an adaptation or retelling of the original story, perhaps with a specific focus on the prince&#8217;s travels to various planets. There have been numerous adaptations of &#8220;Le Petit Prince&#8221; over the years, including films, stage productions, and even a video game, so it is possible that &#8220;Le Petit Prince On The Planet&#8221; refers to one of these adaptations.<\/div>","protected":false},"excerpt":{"rendered":"<p>Marca: Pantasy<br \/>\nG\u00e9nero: Unisex<br \/>\nRango de edad: &gt; 6 a\u00f1os<br \/>\nModel Number: 86303<br \/>\nClasificaci\u00f3n: Ensamblaje<br \/>\nForma de bloque de pl\u00e1stico: Ladrillos autoblocantes<br \/>\nMaterial: Pl\u00e1stico<br \/>\nTipo de pl\u00e1stico: ABS<br \/>\nLadrillos Bloques: 500 +<br \/>\nSin caja original<\/p>","protected":false},"featured_media":43301,"comment_status":"open","ping_status":"closed","template":"","meta":{"_acf_changed":false},"product_cat":[1365,371],"product_tag":[11072,8452,11606,11356,11607],"class_list":["product","first","instock","shipping-taxable","purchasable","product-type-simple"],"acf":[],"_links":{"self":[{"href":"https:\/\/mouldking.store\/es\/wp-json\/wp\/v2\/product\/43303","targetHints":{"allow":["GET"]}}],"collection":[{"href":"https:\/\/mouldking.store\/es\/wp-json\/wp\/v2\/product"}],"about":[{"href":"https:\/\/mouldking.store\/es\/wp-json\/wp\/v2\/types\/product"}],"replies":[{"embeddable":true,"href":"https:\/\/mouldking.store\/es\/wp-json\/wp\/v2\/comments?post=43303"}],"wp:featuredmedia":[{"embeddable":true,"href":"https:\/\/mouldking.store\/es\/wp-json\/wp\/v2\/media\/43301"}],"wp:attachment":[{"href":"https:\/\/mouldking.store\/es\/wp-json\/wp\/v2\/media?parent=43303"}],"wp:term":[{"taxonomy":"product_cat","embeddable":true,"href":"https:\/\/mouldking.store\/es\/wp-json\/wp\/v2\/product_cat?post=43303"},{"taxonomy":"product_tag","embeddable":true,"href":"https:\/\/mouldking.store\/es\/wp-json\/wp\/v2\/product_tag?post=43303"}],"curies":[{"name":"wp","href":"https:\/\/api.w.org\/{rel}","templated":true}]}}