{"id":43306,"date":"2023-03-20T11:29:07","date_gmt":"2023-03-20T04:29:07","guid":{"rendered":"https:\/\/mouldking.store\/shop\/pantasy-86304-le-petit-prince-the-journey-with-500-pieces\/"},"modified":"2023-03-20T11:29:07","modified_gmt":"2023-03-20T04:29:07","slug":"pantasy-86304-le-petit-prince-the-journey-with-500-pieces","status":"publish","type":"product","link":"https:\/\/mouldking.store\/es\/shop\/pantasy-86304-le-petit-prince-the-journey-with-500-pieces\/","title":{"rendered":"Pantasy 86304 Le Petit Prince El Viaje con 500 Piezas"},"content":{"rendered":"<div>\u2705 PANTASY 86304 El Principito El Viaje<\/p>\n<p>\u2705\u201dLe Petit Prince\u201d (traducido como \u201cEl Principito\u201d en ingl\u00e9s) es una novela escrita por el autor franc\u00e9s Antoine de Saint-Exup\u00e9ry. La historia sigue a un joven pr\u00edncipe que viaja a diferentes planetas, incluida la Tierra, y se encuentra con varios adultos que han perdido su sentido de la imaginaci\u00f3n y el asombro. A trav\u00e9s de sus conversaciones con los adultos y sus encuentros con varias criaturas, el pr\u00edncipe aprende lecciones importantes sobre la vida, el amor y la importancia de la conexi\u00f3n humana.<br \/>&nbsp;<br \/>\ud83d\udeab \u00a1IMPORTANTE!&nbsp;<br \/>&nbsp;<br \/>Nombre del producto: Le Petit Prince El Viaje<br \/>&nbsp;<br \/>Categor\u00eda: Creador&nbsp;<br \/>&nbsp;<br \/>Este kit contiene: PANTASY 86304<br \/>&nbsp;<br \/>500 piezas de ladrillos de buena calidad&nbsp;<br \/>&nbsp;<br \/>Tama\u00f1o: 9,9 \u00d7 11,1 \u00d7 18,7 cm<br \/>&nbsp;<br \/>Instrucciones manuales&nbsp;<br \/>&nbsp;<br \/>\ud83d\udcccNaturaleza del protagonista&nbsp;<br \/>&nbsp;<br \/>Presentamos nuestra orgullosa colecci\u00f3n llamada &quot;Le Petit Prince The Journey&quot; que no debe perderse.&nbsp;<br \/>&nbsp;<br \/>La historia original de \u201cLe Petit Prince\u201d es una obra cl\u00e1sica de la literatura francesa que ha sido traducida a m\u00e1s de 300 idiomas y ha vendido millones de copias en todo el mundo. Es un cuento atemporal que explora temas como la importancia de la imaginaci\u00f3n, el significado del amor y la amistad, y el valor de las conexiones humanas. La historia se ha adaptado a numerosos formatos a lo largo de los a\u00f1os, incluidas pel\u00edculas, producciones teatrales e incluso un musical.<\/div>","protected":false},"excerpt":{"rendered":"<p>Marca: Pantasy<br \/>\nG\u00e9nero: Unisex<br \/>\nRango de edad: &gt; 6 a\u00f1os<br \/>\nN\u00famero de modelo: 86304<br \/>\nClasificaci\u00f3n: Ensamblaje<br \/>\nForma de bloque de pl\u00e1stico: Ladrillos autoblocantes<br \/>\nMaterial: Pl\u00e1stico<br \/>\nTipo de pl\u00e1stico: ABS<br \/>\nLadrillos Bloques: 500 +<br \/>\nSin caja original<\/p>","protected":false},"featured_media":43304,"comment_status":"open","ping_status":"closed","template":"","meta":{"_acf_changed":false},"product_cat":[1365,371],"product_tag":[11072,8452,11608,11606,11607],"class_list":["product","first","instock","shipping-taxable","purchasable","product-type-simple"],"acf":[],"_links":{"self":[{"href":"https:\/\/mouldking.store\/es\/wp-json\/wp\/v2\/product\/43306","targetHints":{"allow":["GET"]}}],"collection":[{"href":"https:\/\/mouldking.store\/es\/wp-json\/wp\/v2\/product"}],"about":[{"href":"https:\/\/mouldking.store\/es\/wp-json\/wp\/v2\/types\/product"}],"replies":[{"embeddable":true,"href":"https:\/\/mouldking.store\/es\/wp-json\/wp\/v2\/comments?post=43306"}],"wp:featuredmedia":[{"embeddable":true,"href":"https:\/\/mouldking.store\/es\/wp-json\/wp\/v2\/media\/43304"}],"wp:attachment":[{"href":"https:\/\/mouldking.store\/es\/wp-json\/wp\/v2\/media?parent=43306"}],"wp:term":[{"taxonomy":"product_cat","embeddable":true,"href":"https:\/\/mouldking.store\/es\/wp-json\/wp\/v2\/product_cat?post=43306"},{"taxonomy":"product_tag","embeddable":true,"href":"https:\/\/mouldking.store\/es\/wp-json\/wp\/v2\/product_tag?post=43306"}],"curies":[{"name":"wp","href":"https:\/\/api.w.org\/{rel}","templated":true}]}}